{"id":1080,"date":"2024-06-25T09:33:00","date_gmt":"2024-06-25T07:33:00","guid":{"rendered":"https:\/\/www.echophysics.org\/?page_id=1080"},"modified":"2024-06-25T10:13:12","modified_gmt":"2024-06-25T08:13:12","slug":"michael-moser-1853-1912","status":"publish","type":"page","link":"https:\/\/www.echophysics.org\/de\/infos\/michael-moser-1853-1912\/","title":{"rendered":"Michael Moser (1853 &#8211; 1912)"},"content":{"rendered":"\n<p class=\"has-large-font-size\"><br><strong>Michael Moser (1853 &#8211; 1912)<\/strong><\/p>\n\n\n\n<p class=\"has-medium-font-size\"><strong>Ein Fotograf aus dem Salzkammergut<\/strong><\/p>\n\n\n\n<p class=\"has-medium-font-size\">Das Kulturressort der Stadt Graz, die Flughafen Graz Betriebs GmbH und die Kulturvermittlung Steiermark laden zur Ausstellungser\u00f6ffnung:<\/p>\n\n\n\n<p><strong>Er\u00f6ffnung:\u2002<\/strong>Dienstag, 2. Juli 2024, 18:30 Uhr<strong><br>Ort:\u2002<\/strong> Galerie am Flughafen Graz, Abflug-Terminal, 1. Stock<br><strong>Dauer der Ausstellung:<\/strong>  2. Juli bis 8. September 2024<\/p>\n\n\n\n<p><strong>Zur Er\u00f6ffnung spricht Professor Alfred Moser, Enkel von Michael Moser.<\/strong><\/p>\n\n\n\n<hr class=\"wp-block-separator has-alpha-channel-opacity\"\/>\n\n\n\n<div class=\"wp-block-columns is-layout-flex wp-container-core-columns-is-layout-9d6595d7 wp-block-columns-is-layout-flex\">\n<div class=\"wp-block-column is-layout-flow wp-block-column-is-layout-flow\">\n<p>Am 18. Oktober 1868 stach eine k.u.k.-Mission nach Ostasien in Triest in See, um schlie\u00dflich am 2. Oktober 1869 in Yokohama anzulegen. An Bord befand sich der 15-j\u00e4hrige Bauern- und Arbeitersohn aus Altaussee Michael Moser. Er begleitete als dessen Lehrling den Wiener Expeditionsfotografen Wilhelm Burger. Als die beiden Schiffe am 14. November 1869 wieder die R\u00fcckfahrt antraten, fasste Michael Moser den mutigen Entschluss in Japan zu bleiben. Nach anf\u00e4nglichen Schwierigkeiten auf Grund der restriktiven Ausl\u00e4ndergesetze erreichte er schlie\u00dflich eine in Japan bis heute anhaltende Bekanntheit als Fotograf. Diese Bekanntheit und seine in erstaunlich kurzer Zeit erworbenen Sprachkenntnisse in Japanisch, Englisch, Italienisch und Franz\u00f6sisch f\u00fchrten dazu, dass er von der Japanischen Regierung eingeladen wurde japanische Delegationen zu den Weltausstellungen in Wien (1873), Philadelphia (1876) und Paris (1878) als Fotograf und Dolmetscher zu begleiten.<\/p>\n\n\n\n<p>2009 trat die \u00d6sterreichische Botschaft in Tokio an die Kulturvermittlung Steiermark heran, in Kooperation mit dem Kammerhofmuseum Bad Aussee und mit Alfred Moser, dem Enkel von Michael Moser, eine Ausstellung \u00fcber dessen abenteuerliches Leben zusammenzustellen, um das 140-j\u00e4hrige Jubil\u00e4um der diplomatischen Beziehungen zwischen Japan und \u00d6sterreich zu begehen.<br>Zum Anlass von Kulturhauptstadt Europas Bad Ischl Salzkammergut 2024 zeigen wir noch einmal diese Ausstellung \u00fcber einen bedeutenden, aber in \u00d6sterreich nach wie vor wenig bekannten Sohn des Salzkammerguts.<\/p>\n<\/div>\n\n\n\n<div class=\"wp-block-column is-layout-flow wp-block-column-is-layout-flow\"><div class=\"wp-block-image\">\n<figure class=\"aligncenter size-large is-resized\"><img loading=\"lazy\" decoding=\"async\" width=\"722\" height=\"1024\" src=\"https:\/\/www.echophysics.org\/wp-content\/uploads\/2024\/06\/Michael-Moser-Portraet-722x1024.jpg\" alt=\"\" class=\"wp-image-1076\" style=\"width:458px;height:auto\" srcset=\"https:\/\/www.echophysics.org\/wp-content\/uploads\/2024\/06\/Michael-Moser-Portraet-722x1024.jpg 722w, https:\/\/www.echophysics.org\/wp-content\/uploads\/2024\/06\/Michael-Moser-Portraet-211x300.jpg 211w, https:\/\/www.echophysics.org\/wp-content\/uploads\/2024\/06\/Michael-Moser-Portraet-768x1090.jpg 768w, https:\/\/www.echophysics.org\/wp-content\/uploads\/2024\/06\/Michael-Moser-Portraet-8x12.jpg 8w, https:\/\/www.echophysics.org\/wp-content\/uploads\/2024\/06\/Michael-Moser-Portraet.jpg 800w\" sizes=\"auto, (max-width: 722px) 100vw, 722px\" \/><\/figure>\n<\/div><\/div>\n<\/div>\n\n\n\n<figure class=\"wp-block-image size-full is-resized\"><img loading=\"lazy\" decoding=\"async\" width=\"543\" height=\"43\" src=\"https:\/\/www.echophysics.org\/wp-content\/uploads\/2024\/06\/image.png\" alt=\"\" class=\"wp-image-1083\" style=\"width:695px;height:auto\" srcset=\"https:\/\/www.echophysics.org\/wp-content\/uploads\/2024\/06\/image.png 543w, https:\/\/www.echophysics.org\/wp-content\/uploads\/2024\/06\/image-300x24.png 300w, https:\/\/www.echophysics.org\/wp-content\/uploads\/2024\/06\/image-18x1.png 18w\" sizes=\"auto, (max-width: 543px) 100vw, 543px\" \/><\/figure>\n\n\n\n<p><\/p>\n","protected":false},"excerpt":{"rendered":"<p>Michael Moser (1853 &#8211; 1912) Ein Fotograf aus dem Salzkammergut Das Kulturressort der Stadt Graz, die Flughafen Graz Betriebs GmbH und die Kulturvermittlung Steiermark laden zur Ausstellungser\u00f6ffnung: Er\u00f6ffnung:\u2002Dienstag, 2. Juli 2024, 18:30 UhrOrt:\u2002 Galerie am Flughafen Graz, Abflug-Terminal, 1. StockDauer der Ausstellung: 2. Juli bis 8. September 2024 Zur Er\u00f6ffnung spricht Professor Alfred Moser, Enkel&hellip;&nbsp;<a href=\"https:\/\/www.echophysics.org\/de\/infos\/michael-moser-1853-1912\/\" rel=\"bookmark\">Weiterlesen &raquo;<span class=\"screen-reader-text\">Michael Moser (1853 &#8211; 1912)<\/span><\/a><\/p>\n","protected":false},"author":2,"featured_media":0,"parent":736,"menu_order":0,"comment_status":"closed","ping_status":"closed","template":"","meta":{"_uag_custom_page_level_css":"","neve_meta_sidebar":"","neve_meta_container":"","neve_meta_enable_content_width":"","neve_meta_content_width":0,"neve_meta_title_alignment":"","neve_meta_author_avatar":"","neve_post_elements_order":"","neve_meta_disable_header":"","neve_meta_disable_footer":"","neve_meta_disable_title":"","footnotes":""},"class_list":["post-1080","page","type-page","status-publish","hentry"],"uagb_featured_image_src":{"full":false,"thumbnail":false,"medium":false,"medium_large":false,"large":false,"1536x1536":false,"2048x2048":false,"trp-custom-language-flag":false,"neve-blog":false},"uagb_author_info":{"display_name":"Sonja Draxler","author_link":"https:\/\/www.echophysics.org\/de\/author\/sonja-draxler\/"},"uagb_comment_info":0,"uagb_excerpt":"Michael Moser (1853 &#8211; 1912) Ein Fotograf aus dem Salzkammergut Das Kulturressort der Stadt Graz, die Flughafen Graz Betriebs GmbH und die Kulturvermittlung Steiermark laden zur Ausstellungser\u00f6ffnung: Er\u00f6ffnung:\u2002Dienstag, 2. Juli 2024, 18:30 UhrOrt:\u2002 Galerie am Flughafen Graz, Abflug-Terminal, 1. StockDauer der Ausstellung: 2. Juli bis 8. September 2024 Zur Er\u00f6ffnung spricht Professor Alfred Moser, Enkel&hellip;&nbsp;Weiterlesen&hellip;","_links":{"self":[{"href":"https:\/\/www.echophysics.org\/de\/wp-json\/wp\/v2\/pages\/1080","targetHints":{"allow":["GET"]}}],"collection":[{"href":"https:\/\/www.echophysics.org\/de\/wp-json\/wp\/v2\/pages"}],"about":[{"href":"https:\/\/www.echophysics.org\/de\/wp-json\/wp\/v2\/types\/page"}],"author":[{"embeddable":true,"href":"https:\/\/www.echophysics.org\/de\/wp-json\/wp\/v2\/users\/2"}],"replies":[{"embeddable":true,"href":"https:\/\/www.echophysics.org\/de\/wp-json\/wp\/v2\/comments?post=1080"}],"version-history":[{"count":12,"href":"https:\/\/www.echophysics.org\/de\/wp-json\/wp\/v2\/pages\/1080\/revisions"}],"predecessor-version":[{"id":1102,"href":"https:\/\/www.echophysics.org\/de\/wp-json\/wp\/v2\/pages\/1080\/revisions\/1102"}],"up":[{"embeddable":true,"href":"https:\/\/www.echophysics.org\/de\/wp-json\/wp\/v2\/pages\/736"}],"wp:attachment":[{"href":"https:\/\/www.echophysics.org\/de\/wp-json\/wp\/v2\/media?parent=1080"}],"curies":[{"name":"wp","href":"https:\/\/api.w.org\/{rel}","templated":true}]}}