{"id":1199,"date":"2024-08-19T13:44:56","date_gmt":"2024-08-19T11:44:56","guid":{"rendered":"https:\/\/www.echophysics.org\/?page_id=1199"},"modified":"2024-08-20T14:57:37","modified_gmt":"2024-08-20T12:57:37","slug":"stellaratorspule","status":"publish","type":"page","link":"https:\/\/www.echophysics.org\/de\/stellaratorspule\/","title":{"rendered":"Stellaratorspule"},"content":{"rendered":"\n<div style=\"height:100px\" aria-hidden=\"true\" class=\"wp-block-spacer\"><\/div>\n\n\n\n<h1 class=\"wp-block-heading has-neve-link-hover-color-color has-text-color has-link-color wp-elements-1e51f581c52ffe062c234c1627ac45b2\">Stellaratorspule<\/h1>\n\n\n\n<p><em>Die Sonne ist unser Energielieferant!<\/em> <em>In der Sonne werden Wasserstoffkerne verschmolzen und es entsteht Helium (Kernfusion). Dabei wird eine ungeheure Energiemenge frei. Allerdings verschmelzen die Kerne erst bei einer Temperatur von ca. 100&nbsp;000&nbsp;000 Grad Celsius. Diesen Zustand nennt man Plasma. Kein Material auf unserer Erde ist als Beh\u00e4lter daf\u00fcr geeignet.<\/em><\/p>\n\n\n\n<div class=\"wp-block-uagb-image alignleft uagb-block-a42a539e wp-block-uagb-image--layout-default wp-block-uagb-image--effect-static wp-block-uagb-image--align-left\"><figure class=\"wp-block-uagb-image__figure\"><img decoding=\"async\" srcset=\"https:\/\/www.echophysics.org\/wp-content\/uploads\/2024\/08\/Stellaratorspule-8-1024x717.jpg ,https:\/\/www.echophysics.org\/wp-content\/uploads\/2024\/08\/Stellaratorspule-8-scaled.jpg 780w, https:\/\/www.echophysics.org\/wp-content\/uploads\/2024\/08\/Stellaratorspule-8-scaled.jpg 360w\" sizes=\"auto, (max-width: 480px) 150px\" src=\"https:\/\/www.echophysics.org\/wp-content\/uploads\/2024\/08\/Stellaratorspule-8-1024x717.jpg\" alt=\"\" class=\"uag-image-1225\" width=\"600\" height=\"717\" title=\"Stellaratorspule 8\" loading=\"lazy\" role=\"img\"\/><\/figure><\/div>\n\n\n\n<p><br><br>Der hier ausgestellte Magnet (Stellaratorspule) ist eine der Magnetspulen der Fusionsforschungsanlage, eine Leihgabe des Max-Planck-Instituts f\u00fcr Plasmaphysik in Garching bei M\u00fcnchen.<br>Mit Hilfe von vielen starken Magneten (im Bild blau) kann man das Plasma b\u00fcndeln, sodass es niemals mit Materie in Ber\u00fchrung kommt. So kann man die Kernfusion auf der Erde durchf\u00fchren.<br>Gelingt es, diese Kernfusion industriell zu nutzen, dann sind wir unsere Energieprobleme los!<\/p>\n\n\n\n<p>Weitere Informationen:<br><a href=\"https:\/\/www.ipp.mpg.de\/wendelstein7x\" target=\"_blank\" rel=\"noreferrer noopener\">https:\/\/www.ipp.mpg.de\/wendelstein7x<\/a><\/p>\n","protected":false},"excerpt":{"rendered":"<p>Stellaratorspule Die Sonne ist unser Energielieferant! In der Sonne werden Wasserstoffkerne verschmolzen und es entsteht Helium (Kernfusion). Dabei wird eine ungeheure Energiemenge frei. Allerdings verschmelzen die Kerne erst bei einer Temperatur von ca. 100&nbsp;000&nbsp;000 Grad Celsius. Diesen Zustand nennt man Plasma. Kein Material auf unserer Erde ist als Beh\u00e4lter daf\u00fcr geeignet. Der hier ausgestellte Magnet&hellip;&nbsp;<a href=\"https:\/\/www.echophysics.org\/de\/stellaratorspule\/\" rel=\"bookmark\">Weiterlesen &raquo;<span class=\"screen-reader-text\">Stellaratorspule<\/span><\/a><\/p>\n","protected":false},"author":3,"featured_media":0,"parent":0,"menu_order":0,"comment_status":"closed","ping_status":"closed","template":"","meta":{"_uag_custom_page_level_css":"","neve_meta_sidebar":"","neve_meta_container":"","neve_meta_enable_content_width":"","neve_meta_content_width":0,"neve_meta_title_alignment":"","neve_meta_author_avatar":"","neve_post_elements_order":"","neve_meta_disable_header":"","neve_meta_disable_footer":"","neve_meta_disable_title":"","footnotes":""},"class_list":["post-1199","page","type-page","status-publish","hentry"],"uagb_featured_image_src":{"full":false,"thumbnail":false,"medium":false,"medium_large":false,"large":false,"1536x1536":false,"2048x2048":false,"trp-custom-language-flag":false,"neve-blog":false},"uagb_author_info":{"display_name":"Ivona Malesevic","author_link":"https:\/\/www.echophysics.org\/de\/author\/ivona-malesevic\/"},"uagb_comment_info":0,"uagb_excerpt":"Stellaratorspule Die Sonne ist unser Energielieferant! In der Sonne werden Wasserstoffkerne verschmolzen und es entsteht Helium (Kernfusion). Dabei wird eine ungeheure Energiemenge frei. Allerdings verschmelzen die Kerne erst bei einer Temperatur von ca. 100&nbsp;000&nbsp;000 Grad Celsius. Diesen Zustand nennt man Plasma. Kein Material auf unserer Erde ist als Beh\u00e4lter daf\u00fcr geeignet. Der hier ausgestellte Magnet&hellip;&nbsp;Weiterlesen&hellip;","_links":{"self":[{"href":"https:\/\/www.echophysics.org\/de\/wp-json\/wp\/v2\/pages\/1199","targetHints":{"allow":["GET"]}}],"collection":[{"href":"https:\/\/www.echophysics.org\/de\/wp-json\/wp\/v2\/pages"}],"about":[{"href":"https:\/\/www.echophysics.org\/de\/wp-json\/wp\/v2\/types\/page"}],"author":[{"embeddable":true,"href":"https:\/\/www.echophysics.org\/de\/wp-json\/wp\/v2\/users\/3"}],"replies":[{"embeddable":true,"href":"https:\/\/www.echophysics.org\/de\/wp-json\/wp\/v2\/comments?post=1199"}],"version-history":[{"count":11,"href":"https:\/\/www.echophysics.org\/de\/wp-json\/wp\/v2\/pages\/1199\/revisions"}],"predecessor-version":[{"id":1242,"href":"https:\/\/www.echophysics.org\/de\/wp-json\/wp\/v2\/pages\/1199\/revisions\/1242"}],"wp:attachment":[{"href":"https:\/\/www.echophysics.org\/de\/wp-json\/wp\/v2\/media?parent=1199"}],"curies":[{"name":"wp","href":"https:\/\/api.w.org\/{rel}","templated":true}]}}