{"id":12,"date":"2023-04-04T07:35:22","date_gmt":"2023-04-04T05:35:22","guid":{"rendered":"http:\/\/n88pp.w4yserver.at\/echophysics\/?page_id=12"},"modified":"2023-04-17T12:41:22","modified_gmt":"2023-04-17T10:41:22","slug":"veranstaltungen","status":"publish","type":"page","link":"https:\/\/www.echophysics.org\/de\/veranstaltungen\/","title":{"rendered":"Veranstaltungen"},"content":{"rendered":"\n<div style=\"height:64px\" aria-hidden=\"true\" class=\"wp-block-spacer\"><\/div>\n\n\n\n<h1 class=\"wp-block-heading has-neve-link-color-color has-text-color\">Veranstaltungen<\/h1>\n\n\n\n<h2 class=\"wp-block-heading\">aktuell &amp; Archiv<\/h2>\n\n\n\n<div style=\"height:33px\" aria-hidden=\"true\" class=\"wp-block-spacer\"><\/div>\n\n\n\n\t\t\t<div class=\"wp-block-uagb-post-grid uagb-post-grid  uagb-post__image-position-top uagb-post__image-enabled uagb-block-2ea6515f     uagb-post__items uagb-post__columns-1 is-grid uagb-post__columns-tablet-2 uagb-post__columns-mobile-1 uagb-post__equal-height uagb-equal_height_inline-read-more-buttons\" data-total=\"1\" style=\"\">\n\n\t\t\t\t\t\t\t\t\t\t\t\t<article class=\"uagb-post__inner-wrap\">\t\t\t\t\t\t\t\t<h5 class=\"uagb-post__title uagb-post__text\">\n\t\t\t\t<a href=\"https:\/\/www.echophysics.org\/de\/pottlachers-5-experimentiervorlesung\/\" target=\"_self\" rel=\"bookmark noopener noreferrer\">Pottlacher&#8217;s 5. Experimentiervorlesung<\/a>\n\t\t\t<\/h5>\n\t\t\t\t\t\t<div class='uagb-post__text uagb-post-grid-byline'>\n\t\t\t\t\t\t\t<\/div>\n\t\t\t\t\t\t\t<div class='uagb-post__text uagb-post__excerpt'>\n\t\t\t\t\t<p>6. November 2026 \/ 19 UhrSchloss P\u00f6llau, Gro\u00dfer Freskensaal Physik mit Spiegeln<\/p>\n\t\t\t\t<\/div>\n\t\t\t\n\t\t\t\t\t\t\t\t\t<\/article>\n\t\t\t\t\t\t\t\t\t\t\t\t\t\t\t\t<article class=\"uagb-post__inner-wrap\">\t\t\t\t\t\t\t\t<h5 class=\"uagb-post__title uagb-post__text\">\n\t\t\t\t<a href=\"https:\/\/www.echophysics.org\/de\/revolution-im-einheitensystem-naturkonstanten-spielen-die-hauptrolle\/\" target=\"_self\" rel=\"bookmark noopener noreferrer\">Revolution im Einheitensystem: Naturkonstanten spielen die Hauptrolle.<\/a>\n\t\t\t<\/h5>\n\t\t\t\t\t\t<div class='uagb-post__text uagb-post-grid-byline'>\n\t\t\t\t\t\t\t<\/div>\n\t\t\t\t\t\t\t<div class='uagb-post__text uagb-post__excerpt'>\n\t\t\t\t\t<p>12. Juni 2026 \/ 17 Uhr Schlo\u00df P\u00f6llau, Gro\u00dfer Freskensaal Dr. Christof GaiserPhysikalisch-Technische Bundesanstalt, Berlin,&#8230;\t\t\t\t<\/div>\n\t\t\t\n\t\t\t\t\t\t\t\t\t<\/article>\n\t\t\t\t\t\t\t\t\t\t\t\t\t\t\t\t<article class=\"uagb-post__inner-wrap\">\t\t\t\t\t\t\t\t<h5 class=\"uagb-post__title uagb-post__text\">\n\t\t\t\t<a href=\"https:\/\/www.echophysics.org\/de\/pottlachers-4-experimentiervorlesung\/\" target=\"_self\" rel=\"bookmark noopener noreferrer\">Pottlacher&#8217;s 4. Experimentiervorlesung<\/a>\n\t\t\t<\/h5>\n\t\t\t\t\t\t<div class='uagb-post__text uagb-post-grid-byline'>\n\t\t\t\t\t\t\t<\/div>\n\t\t\t\t\t\t\t<div class='uagb-post__text uagb-post__excerpt'>\n\t\t\t\t\t<p>14. 11. 2025 ab 19:15 Ort: Schloss P\u00f6llau &nbsp;&nbsp;Aufgrund des starken Interesses bitten wir um&#8230;\t\t\t\t<\/div>\n\t\t\t\n\t\t\t\t\t\t\t\t\t<\/article>\n\t\t\t\t\t\t\t\t\t\t\t\t\t\t\t\t<article class=\"uagb-post__inner-wrap\">\t\t\t\t\t\t\t\t<h5 class=\"uagb-post__title uagb-post__text\">\n\t\t\t\t<a href=\"https:\/\/www.echophysics.org\/de\/historic-site-institut-fur-physik\/\" target=\"_self\" rel=\"bookmark noopener noreferrer\">&#8222;Historic Site&#8220; Institut f\u00fcr Physik der Universit\u00e4t Graz<\/a>\n\t\t\t<\/h5>\n\t\t\t\t\t\t<div class='uagb-post__text uagb-post-grid-byline'>\n\t\t\t\t\t\t\t<\/div>\n\t\t\t\t\t\t\t<div class='uagb-post__text uagb-post__excerpt'>\n\t\t\t\t\t07.06.2024\t\t\t\t<\/div>\n\t\t\t\n\t\t\t\t\t\t\t\t\t<\/article>\n\t\t\t\t\t\t\t\t\t\t\t\t\t\t\t\t<article class=\"uagb-post__inner-wrap\">\t\t\t\t\t\t\t\t<h5 class=\"uagb-post__title uagb-post__text\">\n\t\t\t\t<a href=\"https:\/\/www.echophysics.org\/de\/langer-tag-der-energie\/\" target=\"_self\" rel=\"bookmark noopener noreferrer\">Langer Tag der Energie<\/a>\n\t\t\t<\/h5>\n\t\t\t\t\t\t<div class='uagb-post__text uagb-post-grid-byline'>\n\t\t\t\t\t\t\t<\/div>\n\t\t\t\t\t\t\t<div class='uagb-post__text uagb-post__excerpt'>\n\t\t\t\t\t22.06.2024\t\t\t\t<\/div>\n\t\t\t\n\t\t\t\t\t\t\t\t\t<\/article>\n\t\t\t\t\t\t\t\t\t\t\t\t\t\t\t\t<article class=\"uagb-post__inner-wrap\">\t\t\t\t\t\t\t\t<h5 class=\"uagb-post__title uagb-post__text\">\n\t\t\t\t<a href=\"https:\/\/www.echophysics.org\/de\/pottlachers-3-experimentiervorlesung\/\" target=\"_self\" rel=\"bookmark noopener noreferrer\">Pottlacher&#8217;s 3. Experimentiervorlesung<\/a>\n\t\t\t<\/h5>\n\t\t\t\t\t\t<div class='uagb-post__text uagb-post-grid-byline'>\n\t\t\t\t\t\t\t<\/div>\n\t\t\t\t\t\t\t<div class='uagb-post__text uagb-post__excerpt'>\n\t\t\t\t\t08.11.2024\t\t\t\t<\/div>\n\t\t\t\n\t\t\t\t\t\t\t\t\t<\/article>\n\t\t\t\t\t\t\t\t\t\t\t\t\t\t\t\t<article class=\"uagb-post__inner-wrap\">\t\t\t\t\t\t\t\t<h5 class=\"uagb-post__title uagb-post__text\">\n\t\t\t\t<a href=\"https:\/\/www.echophysics.org\/de\/pottlachers-2-pollauer-experimentiervorlesung-physikexperimente-mit-lebensmitteln\/\" target=\"_self\" rel=\"bookmark noopener noreferrer\">Pottlacher&#8217;s 2. P\u00f6llauer Experimentiervorlesung: Physikexperimente mit Lebensmitteln<\/a>\n\t\t\t<\/h5>\n\t\t\t\t\t\t<div class='uagb-post__text uagb-post-grid-byline'>\n\t\t\t\t\t\t\t<\/div>\n\t\t\t\t\t\t\t<div class='uagb-post__text uagb-post__excerpt'>\n\t\t\t\t\t17.11.2023\t\t\t\t<\/div>\n\t\t\t\n\t\t\t\t\t\t\t\t\t<\/article>\n\t\t\t\t\t\t\t\t\t\t\t\t\t\t\t\t<article class=\"uagb-post__inner-wrap\">\t\t\t\t\t\t\t\t<div class='uagb-post__image'>\n\t\t\t\t\t\t\t\t\t<a href=\"https:\/\/www.echophysics.org\/de\/rektor-kainz-tu-graz-besucht-echophysics\/\" target=\"_self\" rel=\"bookmark noopener noreferrer\" class='uagb-image-ratio-inherit'><img loading=\"lazy\" decoding=\"async\" width=\"1024\" height=\"768\" src=\"https:\/\/www.echophysics.org\/wp-content\/uploads\/2023\/08\/IMG_6208-1024x768.jpg\" class=\"attachment-large size-large\" alt=\"\" srcset=\"https:\/\/www.echophysics.org\/wp-content\/uploads\/2023\/08\/IMG_6208-1024x768.jpg 1024w, https:\/\/www.echophysics.org\/wp-content\/uploads\/2023\/08\/IMG_6208-300x225.jpg 300w, https:\/\/www.echophysics.org\/wp-content\/uploads\/2023\/08\/IMG_6208-768x576.jpg 768w, https:\/\/www.echophysics.org\/wp-content\/uploads\/2023\/08\/IMG_6208-1536x1152.jpg 1536w, https:\/\/www.echophysics.org\/wp-content\/uploads\/2023\/08\/IMG_6208-2048x1536.jpg 2048w, https:\/\/www.echophysics.org\/wp-content\/uploads\/2023\/08\/IMG_6208-16x12.jpg 16w\" sizes=\"auto, (max-width: 1024px) 100vw, 1024px\" \/>\t\t\t\t\t<\/a>\n\t\t\t\t\t\t\t<\/div>\n\t\t\t\t\t\t<h5 class=\"uagb-post__title uagb-post__text\">\n\t\t\t\t<a href=\"https:\/\/www.echophysics.org\/de\/rektor-kainz-tu-graz-besucht-echophysics\/\" target=\"_self\" rel=\"bookmark noopener noreferrer\">Rektor Kainz (TU Graz) besucht Echophysics<\/a>\n\t\t\t<\/h5>\n\t\t\t\t\t\t<div class='uagb-post__text uagb-post-grid-byline'>\n\t\t\t\t\t\t\t<\/div>\n\t\t\t\t\t\t\t<div class='uagb-post__text uagb-post__excerpt'>\n\t\t\t\t\t02.08.2023\t\t\t\t<\/div>\n\t\t\t\n\t\t\t\t\t\t\t\t\t<\/article>\n\t\t\t\t\t\t\t\t\t\t\t\t\t\t\t\t<article class=\"uagb-post__inner-wrap\">\t\t\t\t\t\t\t\t<h5 class=\"uagb-post__title uagb-post__text\">\n\t\t\t\t<a href=\"https:\/\/www.echophysics.org\/de\/lehrerfortbildung-in-kooperation-mit-der-paedagogischen-hochschule-steiermark\/\" target=\"_self\" rel=\"bookmark noopener noreferrer\">Historische physikalische Experimente &#8211; unterhaltsam vorgef\u00fchrt und erkl\u00e4rt<\/a>\n\t\t\t<\/h5>\n\t\t\t\t\t\t<div class='uagb-post__text uagb-post-grid-byline'>\n\t\t\t\t\t\t\t<\/div>\n\t\t\t\t\t\t\t<div class='uagb-post__text uagb-post__excerpt'>\n\t\t\t\t\t25.05.2023\t\t\t\t<\/div>\n\t\t\t\n\t\t\t\t\t\t\t\t\t<\/article>\n\t\t\t\t\t\t\t\t\t\t\t\t\t\t\t\t<article class=\"uagb-post__inner-wrap\">\t\t\t\t\t\t\t\t<h5 class=\"uagb-post__title uagb-post__text\">\n\t\t\t\t<a href=\"https:\/\/www.echophysics.org\/de\/pottlachers-poellauer-experimentiervorlesung\/\" target=\"_self\" rel=\"bookmark noopener noreferrer\">Pottlacher\u2019s P\u00f6llauer Experimentiervorlesung: Experimente mit Stickstoff<\/a>\n\t\t\t<\/h5>\n\t\t\t\t\t\t<div class='uagb-post__text uagb-post-grid-byline'>\n\t\t\t\t\t\t\t<\/div>\n\t\t\t\t\t\t\t<div class='uagb-post__text uagb-post__excerpt'>\n\t\t\t\t\t17.03.2023\t\t\t\t<\/div>\n\t\t\t\n\t\t\t\t\t\t\t\t\t<\/article>\n\t\t\t\t\t\t\t\t\t\t\t\t\t\t\t\t<article class=\"uagb-post__inner-wrap\">\t\t\t\t\t\t\t\t<h5 class=\"uagb-post__title uagb-post__text\">\n\t\t\t\t<a href=\"https:\/\/www.echophysics.org\/de\/vortrag-im-fortbildungsseminar-der-paedagogischen-hochschule-steiermark\/\" target=\"_self\" rel=\"bookmark noopener noreferrer\">Vortrag im Fortbildungsseminar der P\u00e4dagogischen Hochschule Steiermark<\/a>\n\t\t\t<\/h5>\n\t\t\t\t\t\t<div class='uagb-post__text uagb-post-grid-byline'>\n\t\t\t\t\t\t\t<\/div>\n\t\t\t\t\t\t\t<div class='uagb-post__text uagb-post__excerpt'>\n\t\t\t\t\t03.11.2022\t\t\t\t<\/div>\n\t\t\t\n\t\t\t\t\t\t\t\t\t<\/article>\n\t\t\t\t\t\t\t\t\t\t\t\t\t\t\t\t<article class=\"uagb-post__inner-wrap\">\t\t\t\t\t\t\t\t<h5 class=\"uagb-post__title uagb-post__text\">\n\t\t\t\t<a href=\"https:\/\/www.echophysics.org\/de\/orf-veranstaltung-lange-nacht-der-museen\/\" target=\"_self\" rel=\"bookmark noopener noreferrer\">ORF-Veranstaltung \u201eLange Nacht der Museen\u201c<\/a>\n\t\t\t<\/h5>\n\t\t\t\t\t\t<div class='uagb-post__text uagb-post-grid-byline'>\n\t\t\t\t\t\t\t<\/div>\n\t\t\t\t\t\t\t<div class='uagb-post__text uagb-post__excerpt'>\n\t\t\t\t\t01.10.2022\t\t\t\t<\/div>\n\t\t\t\n\t\t\t\t\t\t\t\t\t<\/article>\n\t\t\t\t\t\t\t\t\t\t\t\t\t\t\t\t<article class=\"uagb-post__inner-wrap\">\t\t\t\t\t\t\t\t<h5 class=\"uagb-post__title uagb-post__text\">\n\t\t\t\t<a href=\"https:\/\/www.echophysics.org\/de\/exkursion-der-71-jahrestagung-2022-der-oesterreichischen-physikalischen-gesellschaft\/\" target=\"_self\" rel=\"bookmark noopener noreferrer\">Exkursion der 71. Jahrestagung 2022 der \u00d6sterreichischen Physikalischen Gesellschaft<\/a>\n\t\t\t<\/h5>\n\t\t\t\t\t\t<div class='uagb-post__text uagb-post-grid-byline'>\n\t\t\t\t\t\t\t<\/div>\n\t\t\t\t\t\t\t<div class='uagb-post__text uagb-post__excerpt'>\n\t\t\t\t\t30.09.2022\t\t\t\t<\/div>\n\t\t\t\n\t\t\t\t\t\t\t\t\t<\/article>\n\t\t\t\t\t\t\t\t\t\t\t\t\t\t\t\t<article class=\"uagb-post__inner-wrap\">\t\t\t\t\t\t\t\t<h5 class=\"uagb-post__title uagb-post__text\">\n\t\t\t\t<a href=\"https:\/\/www.echophysics.org\/de\/victor-franz-hess-messstation-am-hafelekar-innsbruck-wurde-als-eps-historic-site-ausgezeichnet\/\" target=\"_self\" rel=\"bookmark noopener noreferrer\">Victor-Franz-Hess Messstation am Hafelekar\/Innsbruck wurde als EPS Historic Site ausgezeichnet<\/a>\n\t\t\t<\/h5>\n\t\t\t\t\t\t<div class='uagb-post__text uagb-post-grid-byline'>\n\t\t\t\t\t\t\t<\/div>\n\t\t\t\t\t\t\t<div class='uagb-post__text uagb-post__excerpt'>\n\t\t\t\t\t29.09.2022\t\t\t\t<\/div>\n\t\t\t\n\t\t\t\t\t\t\t\t\t<\/article>\n\t\t\t\t\t\t\t\t\t\t\t\t\t\t\t\t<article class=\"uagb-post__inner-wrap\">\t\t\t\t\t\t\t\t<h5 class=\"uagb-post__title uagb-post__text\">\n\t\t\t\t<a href=\"https:\/\/www.echophysics.org\/de\/dr-peter-maria-schuster-verstorben\/\" target=\"_self\" rel=\"bookmark noopener noreferrer\">Dr. Peter Maria Schuster verstorben<\/a>\n\t\t\t<\/h5>\n\t\t\t\t\t\t<div class='uagb-post__text uagb-post-grid-byline'>\n\t\t\t\t\t\t\t<\/div>\n\t\t\t\t\t\t\t<div class='uagb-post__text uagb-post__excerpt'>\n\t\t\t\t\t26.12.2019\t\t\t\t<\/div>\n\t\t\t\n\t\t\t\t\t\t\t\t\t<\/article>\n\t\t\t\t\t\t\t\t\t\t\t\t\t\t\t\t<article class=\"uagb-post__inner-wrap\">\t\t\t\t\t\t\t\t<h5 class=\"uagb-post__title uagb-post__text\">\n\t\t\t\t<a href=\"https:\/\/www.echophysics.org\/de\/nuclear-weapons-and-morality\/\" target=\"_self\" rel=\"bookmark noopener noreferrer\">Nuclear Weapons and Morality<\/a>\n\t\t\t<\/h5>\n\t\t\t\t\t\t<div class='uagb-post__text uagb-post-grid-byline'>\n\t\t\t\t\t\t\t<\/div>\n\t\t\t\t\t\t\t<div class='uagb-post__text uagb-post__excerpt'>\n\t\t\t\t\t06.09.2016\t\t\t\t<\/div>\n\t\t\t\n\t\t\t\t\t\t\t\t\t<\/article>\n\t\t\t\t\t\t\t\t\t\t\t<\/div>\n\t\t\t\n\n\n<div style=\"height:117px\" aria-hidden=\"true\" class=\"wp-block-spacer\"><\/div>\n","protected":false},"excerpt":{"rendered":"<p>Veranstaltungen aktuell &amp; Archiv<\/p>\n","protected":false},"author":3,"featured_media":0,"parent":0,"menu_order":0,"comment_status":"closed","ping_status":"closed","template":"","meta":{"_uag_custom_page_level_css":"","neve_meta_sidebar":"","neve_meta_container":"","neve_meta_enable_content_width":"","neve_meta_content_width":0,"neve_meta_title_alignment":"","neve_meta_author_avatar":"","neve_post_elements_order":"","neve_meta_disable_header":"","neve_meta_disable_footer":"","neve_meta_disable_title":"","footnotes":""},"class_list":["post-12","page","type-page","status-publish","hentry"],"uagb_featured_image_src":{"full":false,"thumbnail":false,"medium":false,"medium_large":false,"large":false,"1536x1536":false,"2048x2048":false,"trp-custom-language-flag":false,"neve-blog":false},"uagb_author_info":{"display_name":"Ivona Malesevic","author_link":"https:\/\/www.echophysics.org\/de\/author\/ivona-malesevic\/"},"uagb_comment_info":0,"uagb_excerpt":"Veranstaltungen aktuell &amp; Archiv","_links":{"self":[{"href":"https:\/\/www.echophysics.org\/de\/wp-json\/wp\/v2\/pages\/12","targetHints":{"allow":["GET"]}}],"collection":[{"href":"https:\/\/www.echophysics.org\/de\/wp-json\/wp\/v2\/pages"}],"about":[{"href":"https:\/\/www.echophysics.org\/de\/wp-json\/wp\/v2\/types\/page"}],"author":[{"embeddable":true,"href":"https:\/\/www.echophysics.org\/de\/wp-json\/wp\/v2\/users\/3"}],"replies":[{"embeddable":true,"href":"https:\/\/www.echophysics.org\/de\/wp-json\/wp\/v2\/comments?post=12"}],"version-history":[{"count":6,"href":"https:\/\/www.echophysics.org\/de\/wp-json\/wp\/v2\/pages\/12\/revisions"}],"predecessor-version":[{"id":658,"href":"https:\/\/www.echophysics.org\/de\/wp-json\/wp\/v2\/pages\/12\/revisions\/658"}],"wp:attachment":[{"href":"https:\/\/www.echophysics.org\/de\/wp-json\/wp\/v2\/media?parent=12"}],"curies":[{"name":"wp","href":"https:\/\/api.w.org\/{rel}","templated":true}]}}