{"id":1202,"date":"2024-08-19T13:48:16","date_gmt":"2024-08-19T11:48:16","guid":{"rendered":"https:\/\/www.echophysics.org\/?page_id=1202"},"modified":"2024-08-20T15:31:31","modified_gmt":"2024-08-20T13:31:31","slug":"foucaultsches-pendel","status":"publish","type":"page","link":"https:\/\/www.echophysics.org\/de\/foucaultsches-pendel\/","title":{"rendered":"Foucault&#8217;sches Pendel"},"content":{"rendered":"\n<div style=\"height:100px\" aria-hidden=\"true\" class=\"wp-block-spacer\"><\/div>\n\n\n\n<h1 class=\"wp-block-heading has-neve-link-hover-color-color has-text-color has-link-color wp-elements-258c30ffac12869719726dd7c651c47c\">Foucault&#8217;sches Pendel<\/h1>\n\n\n\n<div class=\"wp-block-media-text is-stacked-on-mobile\"><figure class=\"wp-block-media-text__media\"><img loading=\"lazy\" decoding=\"async\" width=\"1024\" height=\"760\" src=\"https:\/\/www.echophysics.org\/wp-content\/uploads\/2024\/08\/IMG_7501-1024x760.jpg\" alt=\"\" class=\"wp-image-1234 size-full\" srcset=\"https:\/\/www.echophysics.org\/wp-content\/uploads\/2024\/08\/IMG_7501-1024x760.jpg 1024w, https:\/\/www.echophysics.org\/wp-content\/uploads\/2024\/08\/IMG_7501-300x223.jpg 300w, https:\/\/www.echophysics.org\/wp-content\/uploads\/2024\/08\/IMG_7501-768x570.jpg 768w, https:\/\/www.echophysics.org\/wp-content\/uploads\/2024\/08\/IMG_7501-1536x1140.jpg 1536w, https:\/\/www.echophysics.org\/wp-content\/uploads\/2024\/08\/IMG_7501-2048x1520.jpg 2048w, https:\/\/www.echophysics.org\/wp-content\/uploads\/2024\/08\/IMG_7501-16x12.jpg 16w\" sizes=\"auto, (max-width: 1024px) 100vw, 1024px\" \/><\/figure><div class=\"wp-block-media-text__content\">\n<p>Im Jahr 1851 f\u00fchrte L\u00e9on Foucault im Pantheon von Paris einen spektakul\u00e4ren Versuch durch: Eine 28 kg schwere Messingkugel wurde an einem 67 m langen Stahlseil aufgeh\u00e4ngt und in Schwingung versetzt. Nach einiger Zeit beobachtete man, dass sich die Schwingungsebene des Pendels scheinbar ver\u00e4ndert hatte. In Wirklichkeit hat sich aber die Erde unter dem Pendel weitergedreht. Das war eines der ersten Experimente, das einen direkten Nachweis f\u00fcr die Erddrehung lieferte.<\/p>\n\n\n\n<p>Einen verkleinerten Nachbau dieses Experimentes k\u00f6nnen Sie hier bestaunen!<\/p>\n\n\n\n<p>Weitere Infos:<br><a href=\"https:\/\/de.wikipedia.org\/wiki\/Foucaultsches_Pendel\">https:\/\/de.wikipedia.org\/wiki\/Foucaultsches_Pendel<\/a><\/p>\n<\/div><\/div>\n","protected":false},"excerpt":{"rendered":"<p>Foucault&#8217;sches Pendel Im Jahr 1851 f\u00fchrte L\u00e9on Foucault im Pantheon von Paris einen spektakul\u00e4ren Versuch durch: Eine 28 kg schwere Messingkugel wurde an einem 67 m langen Stahlseil aufgeh\u00e4ngt und in Schwingung versetzt. Nach einiger Zeit beobachtete man, dass sich die Schwingungsebene des Pendels scheinbar ver\u00e4ndert hatte. In Wirklichkeit hat sich aber die Erde unter&hellip;&nbsp;<a href=\"https:\/\/www.echophysics.org\/de\/foucaultsches-pendel\/\" rel=\"bookmark\">Weiterlesen &raquo;<span class=\"screen-reader-text\">Foucault&#8217;sches Pendel<\/span><\/a><\/p>\n","protected":false},"author":3,"featured_media":0,"parent":0,"menu_order":0,"comment_status":"closed","ping_status":"closed","template":"","meta":{"_uag_custom_page_level_css":"","neve_meta_sidebar":"","neve_meta_container":"","neve_meta_enable_content_width":"","neve_meta_content_width":0,"neve_meta_title_alignment":"","neve_meta_author_avatar":"","neve_post_elements_order":"","neve_meta_disable_header":"","neve_meta_disable_footer":"","neve_meta_disable_title":"","footnotes":""},"class_list":["post-1202","page","type-page","status-publish","hentry"],"uagb_featured_image_src":{"full":false,"thumbnail":false,"medium":false,"medium_large":false,"large":false,"1536x1536":false,"2048x2048":false,"trp-custom-language-flag":false,"neve-blog":false},"uagb_author_info":{"display_name":"Ivona Malesevic","author_link":"https:\/\/www.echophysics.org\/de\/author\/ivona-malesevic\/"},"uagb_comment_info":0,"uagb_excerpt":"Foucault&#8217;sches Pendel Im Jahr 1851 f\u00fchrte L\u00e9on Foucault im Pantheon von Paris einen spektakul\u00e4ren Versuch durch: Eine 28 kg schwere Messingkugel wurde an einem 67 m langen Stahlseil aufgeh\u00e4ngt und in Schwingung versetzt. Nach einiger Zeit beobachtete man, dass sich die Schwingungsebene des Pendels scheinbar ver\u00e4ndert hatte. In Wirklichkeit hat sich aber die Erde unter&hellip;&nbsp;Weiterlesen&hellip;","_links":{"self":[{"href":"https:\/\/www.echophysics.org\/de\/wp-json\/wp\/v2\/pages\/1202","targetHints":{"allow":["GET"]}}],"collection":[{"href":"https:\/\/www.echophysics.org\/de\/wp-json\/wp\/v2\/pages"}],"about":[{"href":"https:\/\/www.echophysics.org\/de\/wp-json\/wp\/v2\/types\/page"}],"author":[{"embeddable":true,"href":"https:\/\/www.echophysics.org\/de\/wp-json\/wp\/v2\/users\/3"}],"replies":[{"embeddable":true,"href":"https:\/\/www.echophysics.org\/de\/wp-json\/wp\/v2\/comments?post=1202"}],"version-history":[{"count":3,"href":"https:\/\/www.echophysics.org\/de\/wp-json\/wp\/v2\/pages\/1202\/revisions"}],"predecessor-version":[{"id":1241,"href":"https:\/\/www.echophysics.org\/de\/wp-json\/wp\/v2\/pages\/1202\/revisions\/1241"}],"wp:attachment":[{"href":"https:\/\/www.echophysics.org\/de\/wp-json\/wp\/v2\/media?parent=1202"}],"curies":[{"name":"wp","href":"https:\/\/api.w.org\/{rel}","templated":true}]}}