{"id":1318,"date":"2025-06-11T10:16:38","date_gmt":"2025-06-11T08:16:38","guid":{"rendered":"https:\/\/www.echophysics.org\/?page_id=1318"},"modified":"2025-06-11T10:30:45","modified_gmt":"2025-06-11T08:30:45","slug":"eckert-michael","status":"publish","type":"page","link":"https:\/\/www.echophysics.org\/de\/eckert-michael\/","title":{"rendered":"Eckert Michael"},"content":{"rendered":"\n<p><\/p>\n\n\n<div class=\"wp-block-image\">\n<figure class=\"aligncenter size-full is-resized\"><img decoding=\"async\" src=\"https:\/\/www.echophysics.org\/wp-content\/uploads\/2025\/06\/Coimbra1.png\" alt=\"\" class=\"wp-image-1319\" style=\"width:952px;height:auto\"\/><\/figure>\n<\/div>\n\n\n<p><\/p>\n\n\n\n<p class=\"has-text-align-center has-medium-font-size\">Diesj\u00e4hriger <strong>Peter Maria Schuster Prize <\/strong>f\u00fcr hervorragende Arbeiten zur Geschichte der Physik wurde an<br><strong>Dr. Michael Eckert <\/strong>(Deutsches Museum Munich)<br>verliehen.<\/p>\n\n\n\n<div class=\"wp-block-uagb-container uagb-block-5fee9303 alignfull uagb-is-root-container\"><div class=\"uagb-container-inner-blocks-wrap\">\n<div class=\"wp-block-uagb-container uagb-block-e490812e\"><div class=\"wp-block-image\">\n<figure class=\"aligncenter size-large is-resized\"><img loading=\"lazy\" decoding=\"async\" width=\"768\" height=\"1024\" src=\"https:\/\/www.echophysics.org\/wp-content\/uploads\/2025\/06\/Coimbra2-768x1024.jpg\" alt=\"\" class=\"wp-image-1320\" style=\"width:502px;height:auto\" srcset=\"https:\/\/www.echophysics.org\/wp-content\/uploads\/2025\/06\/Coimbra2-768x1024.jpg 768w, https:\/\/www.echophysics.org\/wp-content\/uploads\/2025\/06\/Coimbra2-225x300.jpg 225w, https:\/\/www.echophysics.org\/wp-content\/uploads\/2025\/06\/Coimbra2-1152x1536.jpg 1152w, https:\/\/www.echophysics.org\/wp-content\/uploads\/2025\/06\/Coimbra2-9x12.jpg 9w, https:\/\/www.echophysics.org\/wp-content\/uploads\/2025\/06\/Coimbra2.jpg 1302w\" sizes=\"auto, (max-width: 768px) 100vw, 768px\" \/><\/figure>\n<\/div>\n\n\n<p class=\"has-text-align-center\">Der Preis wurde pr\u00e4sentiert von <strong>Heinz Krenn (\u00d6PG)<\/strong>. Die Laudatio und die Dankesrede (in Abwesenheit des Preistr\u00e4gers) hielt <strong>Malcolm Cooper (IOP)<\/strong>.<\/p>\n<\/div>\n\n\n\n<div class=\"wp-block-uagb-container uagb-block-b6efe704\"><div class=\"wp-block-image\">\n<figure class=\"aligncenter size-full is-resized\"><img loading=\"lazy\" decoding=\"async\" width=\"711\" height=\"705\" src=\"https:\/\/www.echophysics.org\/wp-content\/uploads\/2025\/06\/Michael-Eckert.jpg\" alt=\"\" class=\"wp-image-1321\" style=\"width:534px;height:auto\" srcset=\"https:\/\/www.echophysics.org\/wp-content\/uploads\/2025\/06\/Michael-Eckert.jpg 711w, https:\/\/www.echophysics.org\/wp-content\/uploads\/2025\/06\/Michael-Eckert-300x297.jpg 300w, https:\/\/www.echophysics.org\/wp-content\/uploads\/2025\/06\/Michael-Eckert-150x150.jpg 150w, https:\/\/www.echophysics.org\/wp-content\/uploads\/2025\/06\/Michael-Eckert-12x12.jpg 12w\" sizes=\"auto, (max-width: 711px) 100vw, 711px\" \/><\/figure>\n<\/div>\n\n\n<p class=\"has-text-align-center\">Michael Eckert widmete sich w\u00e4hrend des gr\u00f6\u00dften Teils seiner Karriere der Geschichte der Physik am Forschungsinstitut des Deutschen Museums. Zu seinen Projekten geh\u00f6rten Studien zur Geschichte der Festk\u00f6rperphysik und wissenschaftliche Biografien (etwa \u00fcber den Atomtheoretiker Arnold Sommerfeld und den Str\u00f6mungsmechaniker Ludwig Prandtl).<\/p>\n\n\n\n<p class=\"has-text-align-center\">Laudatio: <a href=\"https:\/\/www.echophysics.org\/wp-content\/uploads\/2025\/06\/Laudatio-for-Michael-Eckert-DE.pdf\" data-type=\"attachment\" data-id=\"1326\">deutsch<\/a> \/ <a href=\"https:\/\/www.echophysics.org\/wp-content\/uploads\/2025\/06\/Laudatio-fuer-Michael-Eckert-EN.pdf\" data-type=\"attachment\" data-id=\"1327\">englisch<\/a><\/p>\n<\/div>\n<\/div><\/div>\n\n\n\n<div class=\"wp-block-uagb-container uagb-block-4178466c alignfull uagb-is-root-container\"><div class=\"uagb-container-inner-blocks-wrap\">\n<div class=\"wp-block-uagb-container uagb-block-38410f47\"><div class=\"wp-block-image\">\n<figure class=\"aligncenter size-large\"><img loading=\"lazy\" decoding=\"async\" width=\"1024\" height=\"768\" src=\"https:\/\/www.echophysics.org\/wp-content\/uploads\/2025\/06\/Coimbra3-1024x768.jpg\" alt=\"\" class=\"wp-image-1322\" srcset=\"https:\/\/www.echophysics.org\/wp-content\/uploads\/2025\/06\/Coimbra3-1024x768.jpg 1024w, https:\/\/www.echophysics.org\/wp-content\/uploads\/2025\/06\/Coimbra3-300x225.jpg 300w, https:\/\/www.echophysics.org\/wp-content\/uploads\/2025\/06\/Coimbra3-768x576.jpg 768w, https:\/\/www.echophysics.org\/wp-content\/uploads\/2025\/06\/Coimbra3-1536x1152.jpg 1536w, https:\/\/www.echophysics.org\/wp-content\/uploads\/2025\/06\/Coimbra3-2048x1536.jpg 2048w, https:\/\/www.echophysics.org\/wp-content\/uploads\/2025\/06\/Coimbra3-16x12.jpg 16w\" sizes=\"auto, (max-width: 1024px) 100vw, 1024px\" \/><\/figure>\n<\/div>\n\n\n<p class=\"has-text-align-center\">Gruppenfoto @Physics Department, University of Coimbra<br>30th May 2025<br>(5<sup>th<\/sup> Int. Conf. on the History of Physics)<\/p>\n<\/div>\n\n\n\n<div class=\"wp-block-uagb-container uagb-block-d5084d02\"><div class=\"wp-block-image\">\n<figure class=\"aligncenter size-large is-resized\"><img loading=\"lazy\" decoding=\"async\" width=\"724\" height=\"1024\" src=\"https:\/\/www.echophysics.org\/wp-content\/uploads\/2025\/06\/Coimbra4-724x1024.jpg\" alt=\"\" class=\"wp-image-1323\" style=\"width:431px;height:auto\" srcset=\"https:\/\/www.echophysics.org\/wp-content\/uploads\/2025\/06\/Coimbra4-724x1024.jpg 724w, https:\/\/www.echophysics.org\/wp-content\/uploads\/2025\/06\/Coimbra4-212x300.jpg 212w, https:\/\/www.echophysics.org\/wp-content\/uploads\/2025\/06\/Coimbra4-768x1086.jpg 768w, https:\/\/www.echophysics.org\/wp-content\/uploads\/2025\/06\/Coimbra4-1086x1536.jpg 1086w, https:\/\/www.echophysics.org\/wp-content\/uploads\/2025\/06\/Coimbra4-8x12.jpg 8w, https:\/\/www.echophysics.org\/wp-content\/uploads\/2025\/06\/Coimbra4.jpg 1356w\" sizes=\"auto, (max-width: 724px) 100vw, 724px\" \/><\/figure>\n<\/div>\n\n\n<p class=\"has-text-align-center\">Preiszertifikat f\u00fcr M. Eckert<\/p>\n<\/div>\n<\/div><\/div>\n\n\n\n<p><\/p>\n","protected":false},"excerpt":{"rendered":"<p>Diesj\u00e4hriger Peter Maria Schuster Prize f\u00fcr hervorragende Arbeiten zur Geschichte der Physik wurde anDr. Michael Eckert (Deutsches Museum Munich)verliehen. Der Preis wurde pr\u00e4sentiert von Heinz Krenn (\u00d6PG). Die Laudatio und die Dankesrede (in Abwesenheit des Preistr\u00e4gers) hielt Malcolm Cooper (IOP). Michael Eckert widmete sich w\u00e4hrend des gr\u00f6\u00dften Teils seiner Karriere der Geschichte der Physik am&hellip;&nbsp;<a href=\"https:\/\/www.echophysics.org\/de\/eckert-michael\/\" rel=\"bookmark\">Weiterlesen &raquo;<span class=\"screen-reader-text\">Eckert Michael<\/span><\/a><\/p>\n","protected":false},"author":2,"featured_media":0,"parent":0,"menu_order":0,"comment_status":"closed","ping_status":"closed","template":"","meta":{"_uag_custom_page_level_css":"","neve_meta_sidebar":"","neve_meta_container":"","neve_meta_enable_content_width":"","neve_meta_content_width":0,"neve_meta_title_alignment":"","neve_meta_author_avatar":"","neve_post_elements_order":"","neve_meta_disable_header":"","neve_meta_disable_footer":"","neve_meta_disable_title":"","footnotes":""},"class_list":["post-1318","page","type-page","status-publish","hentry"],"uagb_featured_image_src":{"full":false,"thumbnail":false,"medium":false,"medium_large":false,"large":false,"1536x1536":false,"2048x2048":false,"trp-custom-language-flag":false,"neve-blog":false},"uagb_author_info":{"display_name":"Sonja Draxler","author_link":"https:\/\/www.echophysics.org\/de\/author\/sonja-draxler\/"},"uagb_comment_info":0,"uagb_excerpt":"Diesj\u00e4hriger Peter Maria Schuster Prize f\u00fcr hervorragende Arbeiten zur Geschichte der Physik wurde anDr. Michael Eckert (Deutsches Museum Munich)verliehen. Der Preis wurde pr\u00e4sentiert von Heinz Krenn (\u00d6PG). Die Laudatio und die Dankesrede (in Abwesenheit des Preistr\u00e4gers) hielt Malcolm Cooper (IOP). Michael Eckert widmete sich w\u00e4hrend des gr\u00f6\u00dften Teils seiner Karriere der Geschichte der Physik am&hellip;&nbsp;Weiterlesen&hellip;","_links":{"self":[{"href":"https:\/\/www.echophysics.org\/de\/wp-json\/wp\/v2\/pages\/1318","targetHints":{"allow":["GET"]}}],"collection":[{"href":"https:\/\/www.echophysics.org\/de\/wp-json\/wp\/v2\/pages"}],"about":[{"href":"https:\/\/www.echophysics.org\/de\/wp-json\/wp\/v2\/types\/page"}],"author":[{"embeddable":true,"href":"https:\/\/www.echophysics.org\/de\/wp-json\/wp\/v2\/users\/2"}],"replies":[{"embeddable":true,"href":"https:\/\/www.echophysics.org\/de\/wp-json\/wp\/v2\/comments?post=1318"}],"version-history":[{"count":7,"href":"https:\/\/www.echophysics.org\/de\/wp-json\/wp\/v2\/pages\/1318\/revisions"}],"predecessor-version":[{"id":1336,"href":"https:\/\/www.echophysics.org\/de\/wp-json\/wp\/v2\/pages\/1318\/revisions\/1336"}],"wp:attachment":[{"href":"https:\/\/www.echophysics.org\/de\/wp-json\/wp\/v2\/media?parent=1318"}],"curies":[{"name":"wp","href":"https:\/\/api.w.org\/{rel}","templated":true}]}}