{"id":1346,"date":"2025-09-22T09:55:06","date_gmt":"2025-09-22T07:55:06","guid":{"rendered":"https:\/\/www.echophysics.org\/?page_id=1346"},"modified":"2026-03-16T12:47:49","modified_gmt":"2026-03-16T11:47:49","slug":"aktuell","status":"publish","type":"page","link":"https:\/\/www.echophysics.org\/de\/infos\/aktuell\/","title":{"rendered":"News &#8211; aktuell"},"content":{"rendered":"\n<div style=\"height:100px\" aria-hidden=\"true\" class=\"wp-block-spacer\"><\/div>\n\n\n\n<div class=\"wp-block-group has-neve-link-color-background-color has-background\"><div class=\"wp-block-group__inner-container is-layout-constrained wp-block-group-is-layout-constrained\">\n<div style=\"height:43px\" aria-hidden=\"true\" class=\"wp-block-spacer\"><\/div>\n\n\n\n<h1 class=\"wp-block-heading has-text-align-center\">News &#8211; aktuell<\/h1>\n\n\n\n<div style=\"height:49px\" aria-hidden=\"true\" class=\"wp-block-spacer\"><\/div>\n<\/div><\/div>\n\n\n\n<div style=\"height:33px\" aria-hidden=\"true\" class=\"wp-block-spacer\"><\/div>\n\n\n\n<hr class=\"wp-block-separator has-alpha-channel-opacity\"\/>\n\n\n\n<div class=\"wp-block-columns is-layout-flex wp-container-core-columns-is-layout-9d6595d7 wp-block-columns-is-layout-flex\">\n<div class=\"wp-block-column is-layout-flow wp-block-column-is-layout-flow\">\n<figure class=\"wp-block-image size-full\"><img loading=\"lazy\" decoding=\"async\" width=\"605\" height=\"225\" src=\"https:\/\/www.echophysics.org\/wp-content\/uploads\/2025\/10\/Anzeiger.png\" alt=\"\" class=\"wp-image-1409\" srcset=\"https:\/\/www.echophysics.org\/wp-content\/uploads\/2025\/10\/Anzeiger.png 605w, https:\/\/www.echophysics.org\/wp-content\/uploads\/2025\/10\/Anzeiger-300x112.png 300w, https:\/\/www.echophysics.org\/wp-content\/uploads\/2025\/10\/Anzeiger-18x7.png 18w\" sizes=\"auto, (max-width: 605px) 100vw, 605px\" \/><\/figure>\n<\/div>\n\n\n\n<div class=\"wp-block-column is-layout-flow wp-block-column-is-layout-flow\">\n<p><\/p>\n\n\n\n<p>Am 17. April 1912 musste Victor Franz Hess mit seinem Gasballon im Waldviertel notlanden. In Erinnerung an dieses Ereignis wurde am 5.10.2025 am Ort seiner Notlandung ein Gedenkstein enth\u00fcllt.<\/p>\n\n\n\n<div class=\"wp-block-uagb-buttons uagb-buttons__outer-wrap uagb-btn__medium-btn uagb-btn-tablet__default-btn uagb-btn-mobile__default-btn uagb-block-30c06c11\"><div class=\"uagb-buttons__wrap uagb-buttons-layout-wrap \">\n<div class=\"wp-block-uagb-buttons-child uagb-buttons__outer-wrap uagb-block-1c97c234 wp-block-button\"><div class=\"uagb-button__wrapper\"><a class=\"uagb-buttons-repeater wp-block-button__link\" aria-label=\"\" href=\"https:\/\/www.echophysics.org\/de\/eine-historische-notlandung\/\" rel=\"follow noopener\" target=\"_self\" role=\"button\"><div class=\"uagb-button__link\">Weiterlesen<\/div><\/a><\/div><\/div>\n<\/div><\/div>\n<\/div>\n<\/div>\n\n\n\n<hr class=\"wp-block-separator has-alpha-channel-opacity\"\/>\n\n\n\n<div class=\"wp-block-columns has-nv-text-dark-bg-background-color has-background is-layout-flex wp-container-core-columns-is-layout-9d6595d7 wp-block-columns-is-layout-flex\">\n<div class=\"wp-block-column has-medium-font-size is-layout-flow wp-block-column-is-layout-flow\" style=\"border-style:none;border-width:0px;border-radius:0px;padding-top:0;padding-right:0;padding-bottom:0;padding-left:0\">\n<p style=\"padding-top:0;padding-right:0;padding-bottom:0;padding-left:0;font-size:30px\"><strong>2025  <\/strong><br><strong>Schuster History of Physics Preis<\/strong><\/p>\n\n\n\n<p>Der&nbsp;<em>Schusterpreis f\u00fcr die Geschichte der Physik<\/em>&nbsp;wird f\u00fcr au\u00dfergew\u00f6hnliche Leistungen bei der Erweiterung des Wissens in der Geschichte der Physik und f\u00fcr die Verbesserung unseres Verst\u00e4ndnisses physikalischer Konzepte verliehen.<\/p>\n<\/div>\n\n\n\n<div class=\"wp-block-column is-vertically-aligned-bottom is-layout-flow wp-block-column-is-layout-flow\">\n<div class=\"wp-block-uagb-buttons uagb-buttons__outer-wrap uagb-btn__medium-btn uagb-btn-tablet__default-btn uagb-btn-mobile__default-btn uagb-block-00620834\"><div class=\"uagb-buttons__wrap uagb-buttons-layout-wrap \">\n<div class=\"wp-block-uagb-buttons-child uagb-buttons__outer-wrap uagb-block-90e5f5ca wp-block-button\"><div class=\"uagb-button__wrapper\"><a class=\"uagb-buttons-repeater wp-block-button__link\" aria-label=\"\" href=\"https:\/\/www.echophysics.org\/de\/schuster-hop-preis\/\" rel=\"follow noopener\" target=\"_self\" role=\"button\"><div class=\"uagb-button__link\">Weiterlesen<\/div><\/a><\/div><\/div>\n<\/div><\/div>\n<\/div>\n<\/div>\n\n\n\n<hr class=\"wp-block-separator has-alpha-channel-opacity\"\/>\n\n\n\n<div class=\"wp-block-columns is-layout-flex wp-container-core-columns-is-layout-9d6595d7 wp-block-columns-is-layout-flex\">\n<div class=\"wp-block-column is-layout-flow wp-block-column-is-layout-flow\">\n<h2 class=\"wp-block-heading has-text-align-left has-neve-text-color-color has-text-color has-large-font-size\" id=\"Experimente-f\u00fcr-Lehrer\/innen\"><br>Experimente f\u00fcr Lehrkr\u00e4fte<\/h2>\n\n\n\n<p>Physik-Diplomarbeiten, betreut von Univ. Prof. DI Dr. Gernot Pottlacher an der TU Graz<\/p>\n\n\n\n<div class=\"wp-block-buttons is-content-justification-left is-layout-flex wp-container-core-buttons-is-layout-fdcfc74e wp-block-buttons-is-layout-flex\">\n<div class=\"wp-block-button has-custom-width wp-block-button__width-50 is-style-primary\"><a class=\"wp-block-button__link has-nv-site-bg-color has-neve-link-hover-color-background-color has-text-color has-background has-medium-font-size has-custom-font-size wp-element-button\" href=\"https:\/\/www.echophysics.org\/de\/diplomarbeiten-pottlacher\/\" style=\"border-radius:45px\" target=\"_blank\" rel=\"noreferrer noopener\">Mehr Informationen<\/a><\/div>\n<\/div>\n<\/div>\n\n\n\n<div class=\"wp-block-column is-layout-flow wp-block-column-is-layout-flow\" style=\"padding-top:0;padding-right:0;padding-bottom:0;padding-left:0;flex-basis:40%\"><div class=\"wp-block-image\">\n<figure class=\"aligncenter size-full is-resized\"><img loading=\"lazy\" decoding=\"async\" width=\"480\" height=\"640\" src=\"https:\/\/www.echophysics.org\/wp-content\/uploads\/2023\/08\/IMG_3572-rotated.jpg\" alt=\"\" class=\"wp-image-830\" style=\"width:265px;height:auto\" srcset=\"https:\/\/www.echophysics.org\/wp-content\/uploads\/2023\/08\/IMG_3572-rotated.jpg 480w, https:\/\/www.echophysics.org\/wp-content\/uploads\/2023\/08\/IMG_3572-225x300.jpg 225w, https:\/\/www.echophysics.org\/wp-content\/uploads\/2023\/08\/IMG_3572-9x12.jpg 9w\" sizes=\"auto, (max-width: 480px) 100vw, 480px\" \/><\/figure>\n<\/div><\/div>\n<\/div>\n\n\n\n<p><\/p>\n","protected":false},"excerpt":{"rendered":"<p>News &#8211; aktuell Am 17. April 1912 musste Victor Franz Hess mit seinem Gasballon im Waldviertel notlanden. In Erinnerung an dieses Ereignis wurde am 5.10.2025 am Ort seiner Notlandung ein Gedenkstein enth\u00fcllt. 2025 Schuster History of Physics Preis Der&nbsp;Schusterpreis f\u00fcr die Geschichte der Physik&nbsp;wird f\u00fcr au\u00dfergew\u00f6hnliche Leistungen bei der Erweiterung des Wissens in der Geschichte&hellip;&nbsp;<a href=\"https:\/\/www.echophysics.org\/de\/infos\/aktuell\/\" rel=\"bookmark\">Weiterlesen &raquo;<span class=\"screen-reader-text\">News &#8211; aktuell<\/span><\/a><\/p>\n","protected":false},"author":3,"featured_media":0,"parent":736,"menu_order":0,"comment_status":"closed","ping_status":"closed","template":"","meta":{"_uag_custom_page_level_css":"","neve_meta_sidebar":"","neve_meta_container":"","neve_meta_enable_content_width":"","neve_meta_content_width":0,"neve_meta_title_alignment":"","neve_meta_author_avatar":"","neve_post_elements_order":"","neve_meta_disable_header":"","neve_meta_disable_footer":"","neve_meta_disable_title":"","footnotes":""},"class_list":["post-1346","page","type-page","status-publish","hentry"],"uagb_featured_image_src":{"full":false,"thumbnail":false,"medium":false,"medium_large":false,"large":false,"1536x1536":false,"2048x2048":false,"trp-custom-language-flag":false,"neve-blog":false},"uagb_author_info":{"display_name":"Ivona Malesevic","author_link":"https:\/\/www.echophysics.org\/de\/author\/ivona-malesevic\/"},"uagb_comment_info":0,"uagb_excerpt":"News &#8211; aktuell Am 17. April 1912 musste Victor Franz Hess mit seinem Gasballon im Waldviertel notlanden. In Erinnerung an dieses Ereignis wurde am 5.10.2025 am Ort seiner Notlandung ein Gedenkstein enth\u00fcllt. 2025 Schuster History of Physics Preis Der&nbsp;Schusterpreis f\u00fcr die Geschichte der Physik&nbsp;wird f\u00fcr au\u00dfergew\u00f6hnliche Leistungen bei der Erweiterung des Wissens in der Geschichte&hellip;&nbsp;Weiterlesen&hellip;","_links":{"self":[{"href":"https:\/\/www.echophysics.org\/de\/wp-json\/wp\/v2\/pages\/1346","targetHints":{"allow":["GET"]}}],"collection":[{"href":"https:\/\/www.echophysics.org\/de\/wp-json\/wp\/v2\/pages"}],"about":[{"href":"https:\/\/www.echophysics.org\/de\/wp-json\/wp\/v2\/types\/page"}],"author":[{"embeddable":true,"href":"https:\/\/www.echophysics.org\/de\/wp-json\/wp\/v2\/users\/3"}],"replies":[{"embeddable":true,"href":"https:\/\/www.echophysics.org\/de\/wp-json\/wp\/v2\/comments?post=1346"}],"version-history":[{"count":32,"href":"https:\/\/www.echophysics.org\/de\/wp-json\/wp\/v2\/pages\/1346\/revisions"}],"predecessor-version":[{"id":1488,"href":"https:\/\/www.echophysics.org\/de\/wp-json\/wp\/v2\/pages\/1346\/revisions\/1488"}],"up":[{"embeddable":true,"href":"https:\/\/www.echophysics.org\/de\/wp-json\/wp\/v2\/pages\/736"}],"wp:attachment":[{"href":"https:\/\/www.echophysics.org\/de\/wp-json\/wp\/v2\/media?parent=1346"}],"curies":[{"name":"wp","href":"https:\/\/api.w.org\/{rel}","templated":true}]}}