{"id":1351,"date":"2025-09-22T10:04:15","date_gmt":"2025-09-22T08:04:15","guid":{"rendered":"https:\/\/www.echophysics.org\/?page_id=1351"},"modified":"2026-03-13T18:24:24","modified_gmt":"2026-03-13T17:24:24","slug":"news-archiv","status":"publish","type":"page","link":"https:\/\/www.echophysics.org\/de\/infos\/news-archiv\/","title":{"rendered":"News &#8211; Archiv"},"content":{"rendered":"\n<div style=\"height:100px\" aria-hidden=\"true\" class=\"wp-block-spacer\"><\/div>\n\n\n\n<div class=\"wp-block-group has-neve-link-hover-color-background-color has-background\"><div class=\"wp-block-group__inner-container is-layout-constrained wp-block-group-is-layout-constrained\">\n<div style=\"height:37px\" aria-hidden=\"true\" class=\"wp-block-spacer\"><\/div>\n\n\n\n<h1 class=\"wp-block-heading has-text-align-center has-nv-text-dark-bg-color has-text-color has-link-color wp-elements-31d8192702b3b1890c47f59d35775da5\">News &#8211; Archiv<\/h1>\n\n\n\n<div style=\"height:37px\" aria-hidden=\"true\" class=\"wp-block-spacer\"><\/div>\n<\/div><\/div>\n\n\n\n<div style=\"height:100px\" aria-hidden=\"true\" class=\"wp-block-spacer\"><\/div>\n\n\n\n<div class=\"wp-block-columns is-layout-flex wp-container-core-columns-is-layout-9d6595d7 wp-block-columns-is-layout-flex\">\n<div class=\"wp-block-column is-layout-flow wp-block-column-is-layout-flow\">\n<figure class=\"wp-block-image size-large\"><img loading=\"lazy\" decoding=\"async\" width=\"1024\" height=\"563\" src=\"https:\/\/www.echophysics.org\/wp-content\/uploads\/2024\/06\/uni-graz-240607-historical-site-gruppedruck1-1-scaled-e1718029624880-1024x563.jpg\" alt=\"\" class=\"wp-image-1052\" srcset=\"https:\/\/www.echophysics.org\/wp-content\/uploads\/2024\/06\/uni-graz-240607-historical-site-gruppedruck1-1-scaled-e1718029624880-1024x563.jpg 1024w, https:\/\/www.echophysics.org\/wp-content\/uploads\/2024\/06\/uni-graz-240607-historical-site-gruppedruck1-1-scaled-e1718029624880-300x165.jpg 300w, https:\/\/www.echophysics.org\/wp-content\/uploads\/2024\/06\/uni-graz-240607-historical-site-gruppedruck1-1-scaled-e1718029624880-768x422.jpg 768w, https:\/\/www.echophysics.org\/wp-content\/uploads\/2024\/06\/uni-graz-240607-historical-site-gruppedruck1-1-scaled-e1718029624880-1536x845.jpg 1536w, https:\/\/www.echophysics.org\/wp-content\/uploads\/2024\/06\/uni-graz-240607-historical-site-gruppedruck1-1-scaled-e1718029624880-2048x1126.jpg 2048w, https:\/\/www.echophysics.org\/wp-content\/uploads\/2024\/06\/uni-graz-240607-historical-site-gruppedruck1-1-scaled-e1718029624880-18x10.jpg 18w\" sizes=\"auto, (max-width: 1024px) 100vw, 1024px\" \/><figcaption class=\"wp-element-caption\">Rektor Peter Riedler (rechts) und die Pr\u00e4sidentin der Europ\u00e4ischen Physikalischen Gesellschaft Mairi Sakellariadou<\/figcaption><\/figure>\n<\/div>\n\n\n\n<div class=\"wp-block-column is-layout-flow wp-block-column-is-layout-flow\">\n<h2 class=\"wp-block-heading has-text-align-center has-neve-text-color-color has-text-color has-large-font-size\" id=\"Experimente-f\u00fcr-Lehrer\/innen\">7. 6. 2024<br><strong>Nominierung des Physikalischen Instituts der Universit\u00e4t Graz zur<\/strong> <strong>\u201eHistoric Site\u201c der Europ\u00e4ischen Physikalischen Gesellschaft (EPS)<\/strong><br><\/h2>\n\n\n\n<div class=\"wp-block-buttons is-content-justification-center is-layout-flex wp-container-core-buttons-is-layout-16018d1d wp-block-buttons-is-layout-flex\">\n<div class=\"wp-block-button has-custom-width wp-block-button__width-50 is-style-primary\"><a class=\"wp-block-button__link has-nv-site-bg-color has-neve-link-hover-color-background-color has-text-color has-background has-medium-font-size has-custom-font-size wp-element-button\" href=\"https:\/\/www.echophysics.org\/de\/historic-site-institut-fur-physik\/\" style=\"border-radius:45px\">Mehr Informationen<\/a><\/div>\n<\/div>\n<\/div>\n<\/div>\n\n\n\n<hr class=\"wp-block-separator has-alpha-channel-opacity\"\/>\n\n\n\n<div class=\"wp-block-columns is-layout-flex wp-container-core-columns-is-layout-9d6595d7 wp-block-columns-is-layout-flex\">\n<div class=\"wp-block-column is-layout-flow wp-block-column-is-layout-flow\">\n<p class=\"has-medium-font-size\"><strong>2. 7. &#8211; 8. 8. 2024<\/strong><br>Das Kulturresort der Stadt Graz, die Flughafen Graz Betriebs GmbH und die Kulturvermittlung Steiermark laden zum Besuch der Ausstellung<\/p>\n\n\n\n<p class=\"has-neve-link-color-color has-text-color has-link-color has-medium-font-size wp-elements-7c4f7bb6beca64255a61b2d12eabc830\"><strong>Michael Moser (1853 &#8211; 1912)<\/strong><br>Ein Fotograf aus dem Salzkammergut<\/p>\n\n\n\n<p><strong>Er\u00f6ffnung<\/strong>: Dienstag, 2. Juli 2024, 18:30 Uhr<br><strong>Ort<\/strong>: Galerie am Flughafen Graz, Abflug-Terminal, 1. Stock<br><strong>Dauer:<\/strong> 2. Juli bis 8. September 2024<\/p>\n\n\n\n<div class=\"wp-block-buttons is-layout-flex wp-block-buttons-is-layout-flex\">\n<div class=\"wp-block-button has-custom-width wp-block-button__width-50 is-style-primary\"><a class=\"wp-block-button__link has-neve-link-color-background-color has-background has-medium-font-size has-custom-font-size wp-element-button\" href=\"https:\/\/www.echophysics.org\/infos\/michael-moser-1853-1912\/\" style=\"border-radius:45px\" target=\"_blank\" rel=\"noreferrer noopener\">Weiterlesen<\/a><\/div>\n<\/div>\n<\/div>\n\n\n\n<div class=\"wp-block-column is-layout-flow wp-block-column-is-layout-flow\"><div class=\"wp-block-image\">\n<figure class=\"alignright size-large is-resized\"><img loading=\"lazy\" decoding=\"async\" width=\"722\" height=\"1024\" src=\"https:\/\/www.echophysics.org\/wp-content\/uploads\/2024\/06\/Michael-Moser-Portraet-722x1024.jpg\" alt=\"\" class=\"wp-image-1076\" style=\"width:331px;height:auto\" srcset=\"https:\/\/www.echophysics.org\/wp-content\/uploads\/2024\/06\/Michael-Moser-Portraet-722x1024.jpg 722w, https:\/\/www.echophysics.org\/wp-content\/uploads\/2024\/06\/Michael-Moser-Portraet-211x300.jpg 211w, https:\/\/www.echophysics.org\/wp-content\/uploads\/2024\/06\/Michael-Moser-Portraet-768x1090.jpg 768w, https:\/\/www.echophysics.org\/wp-content\/uploads\/2024\/06\/Michael-Moser-Portraet-8x12.jpg 8w, https:\/\/www.echophysics.org\/wp-content\/uploads\/2024\/06\/Michael-Moser-Portraet.jpg 800w\" sizes=\"auto, (max-width: 722px) 100vw, 722px\" \/><\/figure>\n<\/div><\/div>\n<\/div>\n\n\n\n<hr class=\"wp-block-separator has-alpha-channel-opacity\"\/>\n\n\n\n<div class=\"wp-block-columns is-layout-flex wp-container-core-columns-is-layout-9d6595d7 wp-block-columns-is-layout-flex\">\n<div class=\"wp-block-column is-layout-flow wp-block-column-is-layout-flow\" style=\"flex-basis:60%\">\n<h2 class=\"wp-block-heading has-text-align-left has-large-font-size\">3. 10. 2023<br><strong>Nobelpreis-Tr\u00e4ger:<\/strong> <strong>Ferenc Krausz<\/strong><\/h2>\n\n\n\n<p>Nachdem bereits 2022 Anton Zeilinger den Physik-Nobelpreis nach \u00d6sterreich bringen konnte, freuen wir uns 2023 \u00fcber einen weiteren Physik-Nobelpreistr\u00e4ger mit \u00f6sterreichischen Wurzeln und gratulieren Ferenc Krausz herzlichst zu dieser Auszeichnung!<\/p>\n\n\n\n<div class=\"wp-block-buttons is-layout-flex wp-block-buttons-is-layout-flex\">\n<div class=\"wp-block-button has-custom-width wp-block-button__width-50 is-style-primary\"><a class=\"wp-block-button__link has-neve-link-color-background-color has-background has-medium-font-size has-custom-font-size wp-element-button\" href=\"https:\/\/www.echophysics.org\/infos\/ferenc-krausz\/\" style=\"border-radius:45px\" target=\"_blank\" rel=\"noreferrer noopener\">Weiterlesen<\/a><\/div>\n<\/div>\n<\/div>\n\n\n\n<div class=\"wp-block-column is-layout-flow wp-block-column-is-layout-flow\" style=\"flex-basis:45%\"><\/div>\n<\/div>\n\n\n\n<hr class=\"wp-block-separator has-alpha-channel-opacity\"\/>\n\n\n\n<div class=\"wp-block-columns is-layout-flex wp-container-core-columns-is-layout-9d6595d7 wp-block-columns-is-layout-flex\">\n<div class=\"wp-block-column is-layout-flow wp-block-column-is-layout-flow\">\n<figure class=\"wp-block-image size-full\"><img loading=\"lazy\" decoding=\"async\" width=\"930\" height=\"620\" src=\"https:\/\/www.echophysics.org\/wp-content\/uploads\/2025\/09\/ausschreibung-930x620-1.jpg\" alt=\"\" class=\"wp-image-1353\" srcset=\"https:\/\/www.echophysics.org\/wp-content\/uploads\/2025\/09\/ausschreibung-930x620-1.jpg 930w, https:\/\/www.echophysics.org\/wp-content\/uploads\/2025\/09\/ausschreibung-930x620-1-300x200.jpg 300w, https:\/\/www.echophysics.org\/wp-content\/uploads\/2025\/09\/ausschreibung-930x620-1-768x512.jpg 768w, https:\/\/www.echophysics.org\/wp-content\/uploads\/2025\/09\/ausschreibung-930x620-1-18x12.jpg 18w\" sizes=\"auto, (max-width: 930px) 100vw, 930px\" \/><\/figure>\n<\/div>\n\n\n\n<div class=\"wp-block-column is-layout-flow wp-block-column-is-layout-flow\">\n<h2 class=\"wp-block-heading has-large-font-size\" id=\"ausschreibung\"><strong>Ausschreibung<\/strong> <strong>der \u00d6AW<\/strong><\/h2>\n\n\n\n<p>Die \u00d6sterr. Akademie der Wissenschaften (\u00d6AW) l\u00e4dt junge  Wissenschaftler:innen zur Bewerbung ein, die sich mit der Geschichte der  Naturwissenschaften (vorzugsweise auf dem Gebiet der Entwicklung von  Konzepten und Ideen) besch\u00e4ftigen und ein Pilotprojekt vorlegen, das zur  Vorbereitung einer Dissertation oder eines Forschungsprojekts  ausgearbeitet wurde.<\/p>\n\n\n\n<div class=\"wp-block-buttons is-content-justification-left is-layout-flex wp-container-core-buttons-is-layout-fdcfc74e wp-block-buttons-is-layout-flex\">\n<div class=\"wp-block-button has-custom-width wp-block-button__width-50 is-style-primary\"><a class=\"wp-block-button__link has-medium-font-size has-custom-font-size wp-element-button\" href=\"https:\/\/stipendien.oeaw.ac.at\/preise\/interdisziplinaere-preise\/bader-preis-fuer-die-geschichte-der-wissenschaft-und-technik\" style=\"border-radius:45px\" target=\"_blank\" rel=\"noreferrer noopener\">Mehr erfahren<\/a><\/div>\n<\/div>\n<\/div>\n<\/div>\n\n\n\n<hr class=\"wp-block-separator has-alpha-channel-opacity\"\/>\n\n\n\n<hr class=\"wp-block-separator has-alpha-channel-opacity\"\/>\n\n\n\n<div style=\"height:50px\" aria-hidden=\"true\" class=\"wp-block-spacer\"><\/div>\n","protected":false},"excerpt":{"rendered":"<p>News &#8211; Archiv 7. 6. 2024Nominierung des Physikalischen Instituts der Universit\u00e4t Graz zur \u201eHistoric Site\u201c der Europ\u00e4ischen Physikalischen Gesellschaft (EPS) 2. 7. &#8211; 8. 8. 2024Das Kulturresort der Stadt Graz, die Flughafen Graz Betriebs GmbH und die Kulturvermittlung Steiermark laden zum Besuch der Ausstellung Michael Moser (1853 &#8211; 1912)Ein Fotograf aus dem Salzkammergut Er\u00f6ffnung: Dienstag,&hellip;&nbsp;<a href=\"https:\/\/www.echophysics.org\/de\/infos\/news-archiv\/\" rel=\"bookmark\">Weiterlesen &raquo;<span class=\"screen-reader-text\">News &#8211; Archiv<\/span><\/a><\/p>\n","protected":false},"author":3,"featured_media":0,"parent":736,"menu_order":0,"comment_status":"closed","ping_status":"closed","template":"","meta":{"_uag_custom_page_level_css":"","neve_meta_sidebar":"","neve_meta_container":"","neve_meta_enable_content_width":"","neve_meta_content_width":0,"neve_meta_title_alignment":"","neve_meta_author_avatar":"","neve_post_elements_order":"","neve_meta_disable_header":"","neve_meta_disable_footer":"","neve_meta_disable_title":"","footnotes":""},"class_list":["post-1351","page","type-page","status-publish","hentry"],"uagb_featured_image_src":{"full":false,"thumbnail":false,"medium":false,"medium_large":false,"large":false,"1536x1536":false,"2048x2048":false,"trp-custom-language-flag":false,"neve-blog":false},"uagb_author_info":{"display_name":"Ivona Malesevic","author_link":"https:\/\/www.echophysics.org\/de\/author\/ivona-malesevic\/"},"uagb_comment_info":0,"uagb_excerpt":"News &#8211; Archiv 7. 6. 2024Nominierung des Physikalischen Instituts der Universit\u00e4t Graz zur \u201eHistoric Site\u201c der Europ\u00e4ischen Physikalischen Gesellschaft (EPS) 2. 7. &#8211; 8. 8. 2024Das Kulturresort der Stadt Graz, die Flughafen Graz Betriebs GmbH und die Kulturvermittlung Steiermark laden zum Besuch der Ausstellung Michael Moser (1853 &#8211; 1912)Ein Fotograf aus dem Salzkammergut Er\u00f6ffnung: Dienstag,&hellip;&nbsp;Weiterlesen&hellip;","_links":{"self":[{"href":"https:\/\/www.echophysics.org\/de\/wp-json\/wp\/v2\/pages\/1351","targetHints":{"allow":["GET"]}}],"collection":[{"href":"https:\/\/www.echophysics.org\/de\/wp-json\/wp\/v2\/pages"}],"about":[{"href":"https:\/\/www.echophysics.org\/de\/wp-json\/wp\/v2\/types\/page"}],"author":[{"embeddable":true,"href":"https:\/\/www.echophysics.org\/de\/wp-json\/wp\/v2\/users\/3"}],"replies":[{"embeddable":true,"href":"https:\/\/www.echophysics.org\/de\/wp-json\/wp\/v2\/comments?post=1351"}],"version-history":[{"count":11,"href":"https:\/\/www.echophysics.org\/de\/wp-json\/wp\/v2\/pages\/1351\/revisions"}],"predecessor-version":[{"id":1480,"href":"https:\/\/www.echophysics.org\/de\/wp-json\/wp\/v2\/pages\/1351\/revisions\/1480"}],"up":[{"embeddable":true,"href":"https:\/\/www.echophysics.org\/de\/wp-json\/wp\/v2\/pages\/736"}],"wp:attachment":[{"href":"https:\/\/www.echophysics.org\/de\/wp-json\/wp\/v2\/media?parent=1351"}],"curies":[{"name":"wp","href":"https:\/\/api.w.org\/{rel}","templated":true}]}}