{"id":28,"date":"2023-04-04T07:39:35","date_gmt":"2023-04-04T05:39:35","guid":{"rendered":"http:\/\/n88pp.w4yserver.at\/echophysics\/?page_id=28"},"modified":"2023-07-29T13:06:12","modified_gmt":"2023-07-29T11:06:12","slug":"eechophysics","status":"publish","type":"page","link":"https:\/\/www.echophysics.org\/de\/ueber-uns\/eechophysics\/","title":{"rendered":"echophysics"},"content":{"rendered":"\n<div class=\"wp-block-cover alignfull is-light\" style=\"min-height:538px;aspect-ratio:unset;\"><span aria-hidden=\"true\" class=\"wp-block-cover__background has-background-dim-80 has-background-dim\" style=\"background-color:#e7e0d9\"><\/span><img loading=\"lazy\" decoding=\"async\" width=\"1920\" height=\"1088\" class=\"wp-block-cover__image-background wp-image-74\" alt=\"\" src=\"http:\/\/n88pp.w4yserver.at\/echophysics\/wp-content\/uploads\/2023\/04\/01headerA.png\" data-object-fit=\"cover\" srcset=\"https:\/\/www.echophysics.org\/wp-content\/uploads\/2023\/04\/01headerA.png 1920w, https:\/\/www.echophysics.org\/wp-content\/uploads\/2023\/04\/01headerA-300x170.png 300w, https:\/\/www.echophysics.org\/wp-content\/uploads\/2023\/04\/01headerA-1024x580.png 1024w, https:\/\/www.echophysics.org\/wp-content\/uploads\/2023\/04\/01headerA-768x435.png 768w, https:\/\/www.echophysics.org\/wp-content\/uploads\/2023\/04\/01headerA-1536x870.png 1536w\" sizes=\"auto, (max-width: 1920px) 100vw, 1920px\" \/><div class=\"wp-block-cover__inner-container is-layout-flow wp-block-cover-is-layout-flow\">\n<div class=\"wp-block-group alignwide\"><div class=\"wp-block-group__inner-container is-layout-constrained wp-block-group-is-layout-constrained\">\n<div style=\"height:100px\" aria-hidden=\"true\" class=\"wp-block-spacer\"><\/div>\n\n\n\n<h1 class=\"wp-block-heading has-neve-link-color-color has-text-color\">echophysics<\/h1>\n\n\n\n<p>Das Akronym &#8222;echophysics&#8220; leitet sich ab von den Anfangsbuchstaben von European Centre for the History of Physics und soll an die Bergnymphe Echo der griechischen Mythologie erinnern, die uns die Bedeutung des Wortes Zeit wieder bewusst macht, indem sie wiederholt, was andere vor ihr gesagt haben: \u201aecho\u2018 steht somit f\u00fcr die Aufgabe dieses europ\u00e4ischen Zentrums f\u00fcr Physikgeschichte, n\u00e4mlich alles an Wahrnehmungen, Gef\u00fchlen, Beobachtungen, Methoden und Ergebnissen wieder neu hervorzurufen, was unsere Vorfahren zu ihren Ideen, Entdeckungen und Aufzeichnungen einst inspiriert hat.<\/p>\n\n\n\n<p>Denn wenn es stimmt, dass unserer modernen Zeit die Beschleunigung als ihr heimliches Grundprinzip kulturell und strukturell eingraviert ist, und dies eine fortschreitende \u201aGegenwartsschrumpfung\u2018 bedeutet, tritt heute nicht nur die Zukunft, es r\u00fcckt auch die Vergangenheit immer n\u00e4her an uns heran. Es wird zur dringlichen Aufgabe, dass sich die Physiker und Physikerinnen der Vergangenheit ihrer eigenen Disziplin bewusst werden, ihre Physikgeschichte aufbereiten und dieses Wissen an die \u00d6ffentlichkeit weitergeben.<\/p>\n\n\n\n<div style=\"height:100px\" aria-hidden=\"true\" class=\"wp-block-spacer\"><\/div>\n<\/div><\/div>\n<\/div><\/div>\n\n\n\n<div style=\"height:37px\" aria-hidden=\"true\" class=\"wp-block-spacer\"><\/div>\n\n\n\n<div class=\"wp-block-group alignwide\"><div class=\"wp-block-group__inner-container is-layout-constrained wp-block-group-is-layout-constrained\">\n<div class=\"wp-block-columns is-layout-flex wp-container-core-columns-is-layout-9d6595d7 wp-block-columns-is-layout-flex\">\n<div class=\"wp-block-column is-layout-flow wp-block-column-is-layout-flow\" style=\"flex-basis:33.33%\">\n<h1 class=\"wp-block-heading has-neve-link-hover-color-color has-text-color\">Zur Entstehung<\/h1>\n<\/div>\n\n\n\n<div class=\"wp-block-column is-layout-flow wp-block-column-is-layout-flow\" style=\"flex-basis:66.66%\">\n<p>Der Verein echophysics \u2013 European Centre for the History of Physics wurde auf Initiative von Dr. Peter Maria Schuster (<a rel=\"noreferrer noopener\" href=\"http:\/\/www.petermschuster.at\/\" target=\"_blank\">www.petermschuster.at<\/a>) in 2009 gegr\u00fcndet und wird von dem ortsans\u00e4ssigen Verein Victor-Franz-Hess-Gesellschaft (<a href=\"https:\/\/www.victorfhess.org\/\" target=\"_blank\" rel=\"noreferrer noopener\">www.victorfhess.org<\/a>) ideell unterst\u00fctzt.<\/p>\n<\/div>\n<\/div>\n<\/div><\/div>\n\n\n\n<div class=\"wp-block-group alignwide\"><div class=\"wp-block-group__inner-container is-layout-constrained wp-block-group-is-layout-constrained\">\n<p>Deren beider Vorsitzender, der Physiker und Schriftsteller Dr. Peter Maria Schuster, gleichzeitig Pr\u00e4sident der History of Physics (HoP) Group der European Physical Society (EPS, www.eps.org) und Vorsitzender der Sektion Geschichte der Physik der \u00d6sterreichischen Physikalischen Gesellschaft (\u00d6PG, www.oepg.at), unternahm dann tatkr\u00e4ftig, in Schloss P\u00f6llau das erste europ\u00e4ische Zentrum f\u00fcr Physikgeschichte zu errichten. Ab November 2009 vermietet die Gemeinde P\u00f6llau \u2013 in Konsens mit den Gemeinden des P\u00f6llauer Tales und dem Tourismusverband P\u00f6llauer Tal (www.naturpark-poellauertal.at) \u2013 langfristig ihre Ausstellungsr\u00e4ume in Schloss P\u00f6llau. <br>Die European Physical Society (EPS), die \u00fcber 100.000 Mitglieder z\u00e4hlt \u2013 Physiker und Physikerinnen aus 40 L\u00e4ndern \u2013 unterst\u00fctzt ideell das Vorhaben, dieses erste europ\u00e4ische Zentrum f\u00fcr Physikgeschichte im steirischen P\u00f6llau, im gr\u00fcnen Herzen von Europa, zu errichten.<\/p>\n<\/div><\/div>\n\n\n\n<div style=\"height:48px\" aria-hidden=\"true\" class=\"wp-block-spacer\"><\/div>\n\n\n\n<div class=\"wp-block-group alignfull has-background\" style=\"background-color:#d68d3abf\"><div class=\"wp-block-group__inner-container is-layout-constrained wp-block-group-is-layout-constrained\">\n<div style=\"height:74px\" aria-hidden=\"true\" class=\"wp-block-spacer\"><\/div>\n\n\n\n<div class=\"wp-block-group alignwide\"><div class=\"wp-block-group__inner-container is-layout-constrained wp-block-group-is-layout-constrained\">\n<h1 class=\"wp-block-heading has-nv-site-bg-color has-text-color\"><strong>Was bezweckt echophysics?<\/strong><\/h1>\n\n\n\n<p class=\"has-nv-site-bg-color has-text-color\">Unser erstes europ\u00e4isches Zentrum f\u00fcr Physikgeschichte hat sich zum Ziel gesetzt, die europ\u00e4ische Physikgeschichte, aber auch die Geschichte ihrer Physiker und Physikerinnen, der interessierten \u00d6ffentlichkeit, ausgehend von dem nationalen Schwerpunkt \u00d6sterreich und Steiermark, in Schloss P\u00f6llau zu vermitteln. In einer permanenten Schau und in wechselnden Sonderausstellungen historisch wertvoller physikalischer Ger\u00e4te und Komponenten soll dies erreicht werden. Dokumentationen, Bilder, Biografien, Filme und Nachl\u00e4sse von Physikern und Physikerinnen sowie die didaktische Darstellung wichtiger physikalischer Experimente und Ph\u00e4nomene erg\u00e4nzen die Exponate und stellen sie in ihre kulturelle, technische und wirtschaftliche Bedeutung. Die Schaust\u00fccke, mit denen herausragende Entdeckungen der modernen Physik gemacht wurden, geben Zeugnis von der Kunstfertigkeit der Handwerker und Techniker der beiden letzten Jahrhunderte und sind auch noch heute Vorbild f\u00fcr unsere wissenschaftliche Arbeit.<\/p>\n<\/div><\/div>\n\n\n\n<div style=\"height:16px\" aria-hidden=\"true\" class=\"wp-block-spacer\"><\/div>\n\n\n\n<div class=\"wp-block-group alignfull has-nv-site-bg-background-color has-background\"><div class=\"wp-block-group__inner-container is-layout-constrained wp-block-group-is-layout-constrained\">\n<div class=\"wp-block-group alignwide has-background\" style=\"background-color:#ffffff00\"><div class=\"wp-block-group__inner-container is-layout-constrained wp-block-group-is-layout-constrained\">\n<div style=\"height:45px\" aria-hidden=\"true\" class=\"wp-block-spacer\"><\/div>\n\n\n\n<p>Denn das Erbe unserer europ\u00e4ischen Physik, ein unsch\u00e4tzbares Kulturgut Europas, \u00fcberlebt nicht nur in wissenschaftlichen Daten und Forschungsberichten, sondern auch in historischen wissenschaftlichen Ger\u00e4ten und Komponenten, in Skizzen, Fotos, Filmen und Biographien der Physiker und Physikerinnen. <br><br>Dazu sollen regelm\u00e4\u00dfig allgemein verst\u00e4ndliche Vortr\u00e4ge \u00fcber Themen der Physik gehalten werden, um f\u00fcr die interessierten B\u00fcrger und B\u00fcrgerinnen immer neue Anreize f\u00fcr den Museumsbesuch zu schaffen. Die Vortragenden werden vorwiegend emeritierte Professoren und Dozenten der Physik der \u00f6sterreichischen Hochschulen sein. Dar\u00fcber hinaus veranstaltet echophysics internationale Tagungen f\u00fcr Experten der europ\u00e4ischen Physikgeschichte unter dem Titel: The Roots of Physics in Europe.<\/p>\n\n\n\n<div style=\"height:45px\" aria-hidden=\"true\" class=\"wp-block-spacer\"><\/div>\n<\/div><\/div>\n<\/div><\/div>\n<\/div><\/div>\n\n\n\n<div style=\"height:35px\" aria-hidden=\"true\" class=\"wp-block-spacer\"><\/div>\n\n\n\n<div class=\"wp-block-group alignfull has-background\" style=\"background-color:#e6e4e1\"><div class=\"wp-block-group__inner-container is-layout-constrained wp-block-group-is-layout-constrained\">\n<div class=\"wp-block-group\"><div class=\"wp-block-group__inner-container is-layout-constrained wp-block-group-is-layout-constrained\">\n<div style=\"height:31px\" aria-hidden=\"true\" class=\"wp-block-spacer\"><\/div>\n\n\n\n<h1 class=\"wp-block-heading alignwide has-neve-link-hover-color-color has-text-color\">Gr\u00fcnder<\/h1>\n<\/div><\/div>\n\n\n\n<div class=\"wp-block-group alignwide\"><div class=\"wp-block-group__inner-container is-layout-constrained wp-block-group-is-layout-constrained\">\n<p class=\"has-medium-font-size\">Prof. Dr. Peter Maria Schuster (1939\u20132019)<\/p>\n<\/div><\/div>\n\n\n\n<div style=\"height:36px\" aria-hidden=\"true\" class=\"wp-block-spacer\"><\/div>\n<\/div><\/div>\n\n\n\n<div class=\"wp-block-group\"><div class=\"wp-block-group__inner-container is-layout-constrained wp-block-group-is-layout-constrained\">\n<div class=\"wp-block-columns has-nv-site-bg-background-color has-background is-layout-flex wp-container-core-columns-is-layout-9d6595d7 wp-block-columns-is-layout-flex\">\n<div class=\"wp-block-column is-layout-flow wp-block-column-is-layout-flow\">\n<div style=\"height:29px\" aria-hidden=\"true\" class=\"wp-block-spacer\"><\/div>\n\n\n<div class=\"wp-block-image\">\n<figure class=\"aligncenter size-large is-resized\"><img loading=\"lazy\" decoding=\"async\" src=\"http:\/\/n88pp.w4yserver.at\/echophysics\/wp-content\/uploads\/2023\/04\/SchusterIMG_0047.original-826x1024.jpg\" alt=\"\" class=\"wp-image-112\" width=\"483\" height=\"598\" srcset=\"https:\/\/www.echophysics.org\/wp-content\/uploads\/2023\/04\/SchusterIMG_0047.original-826x1024.jpg 826w, https:\/\/www.echophysics.org\/wp-content\/uploads\/2023\/04\/SchusterIMG_0047.original-242x300.jpg 242w, https:\/\/www.echophysics.org\/wp-content\/uploads\/2023\/04\/SchusterIMG_0047.original-768x952.jpg 768w, https:\/\/www.echophysics.org\/wp-content\/uploads\/2023\/04\/SchusterIMG_0047.original-1240x1536.jpg 1240w, https:\/\/www.echophysics.org\/wp-content\/uploads\/2023\/04\/SchusterIMG_0047.original.jpg 1652w\" sizes=\"auto, (max-width: 483px) 100vw, 483px\" \/><\/figure>\n<\/div><\/div>\n\n\n\n<div class=\"wp-block-column is-layout-flow wp-block-column-is-layout-flow\">\n<div style=\"height:39px\" aria-hidden=\"true\" class=\"wp-block-spacer\"><\/div>\n\n\n\n<p>Prof. Schuster initiierte und er\u00f6ffnete 2010 im steirischen P\u00f6llau das erste europ\u00e4ische Zentrum f\u00fcr Physikgeschichte \u201eECHOPHYSICS\u201c sowie die \u201eVictor-Franz-Hess-Forschungs- und Gedenkst\u00e4tte\u201c zur 2007 von ihm gegr\u00fcndeten \u201eVictor-Franz-Hess-Gesellschaft\u201c. Von 2007 bis 2017 leitete er die Gruppe \u201eHistory of Physics\u201c der Europ\u00e4ischen Physikalischen Gesellschaft (EPS). Er gr\u00fcndete 2006 die Sektion \u201eGeschichte der Physik\u201c der \u00d6sterreichischen Physikalischen Gesellschaft (\u00d6PG) und leitete diese bis 2015. Auf seine Initiative hin wurde 2014 die alle zwei Jahre stattfindende Tagungsreihe \u201eInternational Conference on the History of Physics\u201d ins Leben gerufen (siehe \u201eSymposien\u201c)<br><br>Geboren am 26. Oktober 1939 in Wien, studierte Schuster Geschichte, Japanologie, Mathematik und Physik an der Universit\u00e4t Wien und promovierte 1967 zum Dr. phil. in Physik. Nach einem Jahresstipendium f\u00fcr Literatur 1968 begann er seine Industrielaufbahn als Leiter des Gesamtbereiches Marketing bei Carl Zeiss in Oberkochen, Deutschland. 1976 baute er ein eigenes Handelsunternehmen in Deutschland auf und gr\u00fcndete 1982 in Wien den Industriebetrieb \u201eAOL-Dr. Schuster \u2013 Analytik, Optik, Lasertechnik\u201c.<\/p>\n\n\n\n<hr class=\"wp-block-separator has-text-color has-neve-link-hover-color-color has-alpha-channel-opacity has-neve-link-hover-color-background-color has-background is-style-default\"\/>\n<\/div>\n<\/div>\n\n\n\n<div class=\"wp-block-group alignwide\"><div class=\"wp-block-group__inner-container is-layout-constrained wp-block-group-is-layout-constrained\">\n<p>Schuster erhielt 2004 das \u201eGoldene Verdienstzeichen des Landes Salzburg\u201c, 2016 das \u201eGro\u00dfe Ehrenzeichen des Landes Steiermark\u201c, 2018 die \u201eEhrennadel der Marktgemeinde P\u00f6llau\u201c und 2012 das \u201eEhrenzeichen in Silber der Gemeinde P\u00f6llauberg\u201c. 2016 wurde ihm der Professorentitel verliehen. Schuster war Mitglied des wissenschaftlichen Beirates des Christian-Doppler-Fonds in Salzburg (seit 1999, Kuratoriumsmitglied seit 2014), Mitglied des \u00d6sterreichischen P.E.N.-Clubs (seit 2000) und des \u00d6sterreichischen Schriftstellerverbandes (seit 2014), Mitglied der Academia Europaea (seit 2009) sowie Ehrenmitglied der \u00d6PG (seit 2019). <br><br>Nach seinem pl\u00f6tzlichen Tod am 26. Dezember 2019 hinterl\u00e4sst er seine luxemburgische Ehefrau Dr. Lily Wilmes, ihre gemeinsamen drei S\u00f6hne und zwei S\u00f6hne und eine Tochter aus erster Ehe.<\/p>\n<\/div><\/div>\n<\/div><\/div>\n","protected":false},"excerpt":{"rendered":"<p>Zur Entstehung Der Verein echophysics \u2013 European Centre for the History of Physics wurde auf Initiative von Dr. Peter Maria Schuster (www.petermschuster.at) in 2009 gegr\u00fcndet und wird von dem ortsans\u00e4ssigen Verein Victor-Franz-Hess-Gesellschaft (www.victorfhess.org) ideell unterst\u00fctzt. Deren beider Vorsitzender, der Physiker und Schriftsteller Dr. Peter Maria Schuster, gleichzeitig Pr\u00e4sident der History of Physics (HoP) Group der&hellip;&nbsp;<a href=\"https:\/\/www.echophysics.org\/de\/ueber-uns\/eechophysics\/\" rel=\"bookmark\">Weiterlesen &raquo;<span class=\"screen-reader-text\">echophysics<\/span><\/a><\/p>\n","protected":false},"author":3,"featured_media":0,"parent":16,"menu_order":0,"comment_status":"closed","ping_status":"closed","template":"","meta":{"_uag_custom_page_level_css":"","neve_meta_sidebar":"","neve_meta_container":"","neve_meta_enable_content_width":"","neve_meta_content_width":0,"neve_meta_title_alignment":"","neve_meta_author_avatar":"","neve_post_elements_order":"","neve_meta_disable_header":"","neve_meta_disable_footer":"","neve_meta_disable_title":"","footnotes":""},"class_list":["post-28","page","type-page","status-publish","hentry"],"uagb_featured_image_src":{"full":false,"thumbnail":false,"medium":false,"medium_large":false,"large":false,"1536x1536":false,"2048x2048":false,"trp-custom-language-flag":false,"neve-blog":false},"uagb_author_info":{"display_name":"Ivona Malesevic","author_link":"https:\/\/www.echophysics.org\/de\/author\/ivona-malesevic\/"},"uagb_comment_info":0,"uagb_excerpt":"Zur Entstehung Der Verein echophysics \u2013 European Centre for the History of Physics wurde auf Initiative von Dr. Peter Maria Schuster (www.petermschuster.at) in 2009 gegr\u00fcndet und wird von dem ortsans\u00e4ssigen Verein Victor-Franz-Hess-Gesellschaft (www.victorfhess.org) ideell unterst\u00fctzt. Deren beider Vorsitzender, der Physiker und Schriftsteller Dr. Peter Maria Schuster, gleichzeitig Pr\u00e4sident der History of Physics (HoP) Group der&hellip;&nbsp;Weiterlesen&hellip;","_links":{"self":[{"href":"https:\/\/www.echophysics.org\/de\/wp-json\/wp\/v2\/pages\/28","targetHints":{"allow":["GET"]}}],"collection":[{"href":"https:\/\/www.echophysics.org\/de\/wp-json\/wp\/v2\/pages"}],"about":[{"href":"https:\/\/www.echophysics.org\/de\/wp-json\/wp\/v2\/types\/page"}],"author":[{"embeddable":true,"href":"https:\/\/www.echophysics.org\/de\/wp-json\/wp\/v2\/users\/3"}],"replies":[{"embeddable":true,"href":"https:\/\/www.echophysics.org\/de\/wp-json\/wp\/v2\/comments?post=28"}],"version-history":[{"count":29,"href":"https:\/\/www.echophysics.org\/de\/wp-json\/wp\/v2\/pages\/28\/revisions"}],"predecessor-version":[{"id":774,"href":"https:\/\/www.echophysics.org\/de\/wp-json\/wp\/v2\/pages\/28\/revisions\/774"}],"up":[{"embeddable":true,"href":"https:\/\/www.echophysics.org\/de\/wp-json\/wp\/v2\/pages\/16"}],"wp:attachment":[{"href":"https:\/\/www.echophysics.org\/de\/wp-json\/wp\/v2\/media?parent=28"}],"curies":[{"name":"wp","href":"https:\/\/api.w.org\/{rel}","templated":true}]}}