{"id":32,"date":"2023-04-04T07:40:16","date_gmt":"2023-04-04T05:40:16","guid":{"rendered":"http:\/\/n88pp.w4yserver.at\/echophysics\/?page_id=32"},"modified":"2023-04-06T09:16:31","modified_gmt":"2023-04-06T07:16:31","slug":"ziele","status":"publish","type":"page","link":"https:\/\/www.echophysics.org\/de\/ueber-uns\/ziele\/","title":{"rendered":"Ziele"},"content":{"rendered":"\n<div style=\"height:100px\" aria-hidden=\"true\" class=\"wp-block-spacer\"><\/div>\n\n\n\n<h1 class=\"wp-block-heading has-neve-link-hover-color-color has-text-color has-x-large-font-size\">\u00dcber uns<\/h1>\n\n\n\n<h2 class=\"wp-block-heading\">Ziele<\/h2>\n\n\n\n<div style=\"height:30px\" aria-hidden=\"true\" class=\"wp-block-spacer\"><\/div>\n\n\n\n<div class=\"wp-block-group alignfull has-background\" style=\"background-color:#d6d4d0db\"><div class=\"wp-block-group__inner-container is-layout-constrained wp-block-group-is-layout-constrained\">\n<div style=\"height:31px\" aria-hidden=\"true\" class=\"wp-block-spacer\"><\/div>\n\n\n\n<div class=\"wp-block-group alignwide\"><div class=\"wp-block-group__inner-container is-layout-constrained wp-block-group-is-layout-constrained\">\n<p class=\"has-medium-font-size\">Das erste europ\u00e4ische Zentrum f\u00fcr Physikgeschichte hat sich zum Ziel gesetzt, die europ\u00e4ische Physikgeschichte, aber auch die Geschichte ihrer Physikerinnen und Physiker, der interessierten \u00d6ffentlichkeit, ausgehend von dem nationalen Schwerpunkt \u00d6sterreich und Steiermark, in Schloss P\u00f6llau zu vermitteln.<\/p>\n<\/div><\/div>\n\n\n\n<div style=\"height:31px\" aria-hidden=\"true\" class=\"wp-block-spacer\"><\/div>\n<\/div><\/div>\n\n\n\n<div style=\"height:20px\" aria-hidden=\"true\" class=\"wp-block-spacer\"><\/div>\n\n\n\n<div class=\"wp-block-group alignfull has-neve-text-color-color has-text-color has-background\" style=\"background-color:#998f743d\"><div class=\"wp-block-group__inner-container is-layout-constrained wp-block-group-is-layout-constrained\">\n<div class=\"wp-block-group alignwide\"><div class=\"wp-block-group__inner-container is-layout-constrained wp-block-group-is-layout-constrained\">\n<div style=\"height:31px\" aria-hidden=\"true\" class=\"wp-block-spacer\"><\/div>\n\n\n\n<p>Das soll erreicht werden durch eine permanente Schau und durch wechselnde Sonderausstellungen historisch wertvoller physikalischer Ger\u00e4te und Komponenten. Dokumentationen, Bilder, Biografien, Filme und Nachl\u00e4sse von Physikerinnen und Physikern sowie die didaktische Darstellung wichtiger physikalischer Experimente und Ph\u00e4nomene erg\u00e4nzen die Exponate und stellen sie in ihre kulturelle, technische und wirtschaftliche Bedeutung. Die Schaust\u00fccke, mit denen herausragende Entdeckungen der modernen Physik gemacht wurden, geben Zeugnis von der Kunstfertigkeit der Handwerker und Techniker der beiden letzten Jahrhunderte und sind auch noch heute Vorbild f\u00fcr unsere wissenschaftliche Arbeit.<\/p>\n\n\n\n<p>Denn das Erbe unserer europ\u00e4ischen Physik, ein unsch\u00e4tzbares Kulturgut Europas, \u00fcberlebt nicht nur in wissenschaftlichen Daten und Forschungsberichten, sondern auch in historischen wissenschaftlichen Ger\u00e4ten und Komponenten, in Skizzen, Fotos, Filmen und Biographien von Physikerinnen und Physikern.<\/p>\n\n\n\n<p>Dazu sollen regelm\u00e4\u00dfig allgemein verst\u00e4ndliche Vortr\u00e4ge \u00fcber Themen der Physik gehalten werden, um f\u00fcr die interessierten B\u00fcrger und B\u00fcrgerinnen immer neue Anreize f\u00fcr den Museumsbesuch zu schaffen. Dar\u00fcber hinaus veranstaltet echophysics internationale Tagungen f\u00fcr Experten der europ\u00e4ischen Physikgeschichte.<\/p>\n\n\n\n<div style=\"height:31px\" aria-hidden=\"true\" class=\"wp-block-spacer\"><\/div>\n<\/div><\/div>\n<\/div><\/div>\n\n\n\n<div style=\"height:99px\" aria-hidden=\"true\" class=\"wp-block-spacer\"><\/div>\n","protected":false},"excerpt":{"rendered":"<p>\u00dcber uns Ziele Das erste europ\u00e4ische Zentrum f\u00fcr Physikgeschichte hat sich zum Ziel gesetzt, die europ\u00e4ische Physikgeschichte, aber auch die Geschichte ihrer Physikerinnen und Physiker, der interessierten \u00d6ffentlichkeit, ausgehend von dem nationalen Schwerpunkt \u00d6sterreich und Steiermark, in Schloss P\u00f6llau zu vermitteln. Das soll erreicht werden durch eine permanente Schau und durch wechselnde Sonderausstellungen historisch wertvoller&hellip;&nbsp;<a href=\"https:\/\/www.echophysics.org\/de\/ueber-uns\/ziele\/\" rel=\"bookmark\">Weiterlesen &raquo;<span class=\"screen-reader-text\">Ziele<\/span><\/a><\/p>\n","protected":false},"author":3,"featured_media":0,"parent":16,"menu_order":0,"comment_status":"closed","ping_status":"closed","template":"","meta":{"_uag_custom_page_level_css":"","neve_meta_sidebar":"","neve_meta_container":"","neve_meta_enable_content_width":"","neve_meta_content_width":0,"neve_meta_title_alignment":"","neve_meta_author_avatar":"","neve_post_elements_order":"","neve_meta_disable_header":"","neve_meta_disable_footer":"","neve_meta_disable_title":"","footnotes":""},"class_list":["post-32","page","type-page","status-publish","hentry"],"uagb_featured_image_src":{"full":false,"thumbnail":false,"medium":false,"medium_large":false,"large":false,"1536x1536":false,"2048x2048":false,"trp-custom-language-flag":false,"neve-blog":false},"uagb_author_info":{"display_name":"Ivona Malesevic","author_link":"https:\/\/www.echophysics.org\/de\/author\/ivona-malesevic\/"},"uagb_comment_info":0,"uagb_excerpt":"\u00dcber uns Ziele Das erste europ\u00e4ische Zentrum f\u00fcr Physikgeschichte hat sich zum Ziel gesetzt, die europ\u00e4ische Physikgeschichte, aber auch die Geschichte ihrer Physikerinnen und Physiker, der interessierten \u00d6ffentlichkeit, ausgehend von dem nationalen Schwerpunkt \u00d6sterreich und Steiermark, in Schloss P\u00f6llau zu vermitteln. Das soll erreicht werden durch eine permanente Schau und durch wechselnde Sonderausstellungen historisch wertvoller&hellip;&nbsp;Weiterlesen&hellip;","_links":{"self":[{"href":"https:\/\/www.echophysics.org\/de\/wp-json\/wp\/v2\/pages\/32","targetHints":{"allow":["GET"]}}],"collection":[{"href":"https:\/\/www.echophysics.org\/de\/wp-json\/wp\/v2\/pages"}],"about":[{"href":"https:\/\/www.echophysics.org\/de\/wp-json\/wp\/v2\/types\/page"}],"author":[{"embeddable":true,"href":"https:\/\/www.echophysics.org\/de\/wp-json\/wp\/v2\/users\/3"}],"replies":[{"embeddable":true,"href":"https:\/\/www.echophysics.org\/de\/wp-json\/wp\/v2\/comments?post=32"}],"version-history":[{"count":14,"href":"https:\/\/www.echophysics.org\/de\/wp-json\/wp\/v2\/pages\/32\/revisions"}],"predecessor-version":[{"id":363,"href":"https:\/\/www.echophysics.org\/de\/wp-json\/wp\/v2\/pages\/32\/revisions\/363"}],"up":[{"embeddable":true,"href":"https:\/\/www.echophysics.org\/de\/wp-json\/wp\/v2\/pages\/16"}],"wp:attachment":[{"href":"https:\/\/www.echophysics.org\/de\/wp-json\/wp\/v2\/media?parent=32"}],"curies":[{"name":"wp","href":"https:\/\/api.w.org\/{rel}","templated":true}]}}