{"id":36,"date":"2023-04-04T07:41:40","date_gmt":"2023-04-04T05:41:40","guid":{"rendered":"http:\/\/n88pp.w4yserver.at\/echophysics\/?page_id=36"},"modified":"2024-07-28T11:16:21","modified_gmt":"2024-07-28T09:16:21","slug":"impressum","status":"publish","type":"page","link":"https:\/\/www.echophysics.org\/de\/ueber-uns\/impressum\/","title":{"rendered":"Impressum"},"content":{"rendered":"\n<div style=\"height:100px\" aria-hidden=\"true\" class=\"wp-block-spacer\"><\/div>\n\n\n\n<h1 class=\"wp-block-heading has-neve-link-hover-color-color has-text-color\">Impressum<\/h1>\n\n\n\n<hr class=\"wp-block-separator has-alpha-channel-opacity is-style-default\"\/>\n\n\n\n<figure class=\"wp-block-table is-style-stripes\"><table class=\"has-nv-light-bg-background-color has-background has-fixed-layout\"><tbody><tr><td>Angaben gem\u00e4\u00df \u00a7 5 Abs. 1 ECG<\/td><td>echophysics \u2013 Europ\u00e4isches Zentrum f\u00fcr Physikgeschichte e.V.<br>Schloss P\u00f6llau 1<br>8225 P\u00f6llau b. Hartberg<br>\u00d6sterreich<\/td><\/tr><tr><td>Vertreten durch<\/td><td>Ao. Univ. Prof. i.R.  DI. Dr. Gernot Pottlacher, Pr\u00e4sident<br>Univ. Prof. i.R. Dr. Heinz Krenn, Pr\u00e4sident Stellvertreter<\/td><\/tr><tr><td>Kontakt<\/td><td>Telefon: +43 (0) 690 100 158 00<br>E-Mail: info@echophysics.org<\/td><\/tr><tr><td>Registereintrag<\/td><td>echophysics \u2013 European Centre for the History of Physics e.V.<br>ZVR-Zahl: 779968335<\/td><\/tr><tr><td>Aufsichtsbeh\u00f6rde<\/td><td>Bezirkshauptmannschaft Hartberg<\/td><\/tr><tr><td>Verantwortlich f\u00fcr den Inhalt<\/td><td>Sofern nicht eigens angegeben:<br>Ao. Univ. Prof. i.R. DI. Dr. Gernot Pottlacher, Pr\u00e4sident<\/td><\/tr><tr><td>Quellenangaben f\u00fcr die verwendeten Bilder<\/td><td>Archiv echophysics \u2013 European Centre for the History of Physics e.V.<br>Archiv Victor-Franz-Hess-Gesellschaft e.V.<br>Archiv Dr. Peter Maria Schuster<br>Mag. Arthur G.P. Schuster<\/td><\/tr><\/tbody><\/table><\/figure>\n\n\n\n<div class=\"wp-block-group alignfull has-nv-dark-bg-background-color has-background\"><div class=\"wp-block-group__inner-container is-layout-constrained wp-block-group-is-layout-constrained\">\n<div style=\"height:31px\" aria-hidden=\"true\" class=\"wp-block-spacer\"><\/div>\n\n\n\n<div class=\"wp-block-group alignwide\"><div class=\"wp-block-group__inner-container is-layout-constrained wp-block-group-is-layout-constrained\">\n<h2 class=\"wp-block-heading has-neve-link-hover-color-color has-text-color\">Haftungsausschluss<\/h2>\n<\/div><\/div>\n\n\n\n<div style=\"height:31px\" aria-hidden=\"true\" class=\"wp-block-spacer\"><\/div>\n<\/div><\/div>\n\n\n\n<div style=\"height:31px\" aria-hidden=\"true\" class=\"wp-block-spacer\"><\/div>\n\n\n\n<div class=\"wp-block-group alignwide\"><div class=\"wp-block-group__inner-container is-layout-constrained wp-block-group-is-layout-constrained\">\n<h4 class=\"wp-block-heading\">Haftung f\u00fcr Inhalte<\/h4>\n\n\n\n<p>Links zu anderen Websites wurden sorgf\u00e4ltig ausgew\u00e4hlt. Auf deren Inhalte hat der Seitenbetreiber keinen Einfluss und kann daher f\u00fcr diese keine Haftung \u00fcbernehmen. Durch die Digitalisierung von Daten k\u00f6nnen Fehler auftreten. Beim Einsatz unterschiedlicher Browser und aufgrund unterschiedlicher Software-Einstellungen sind bei der Darstellung der Daten Abweichungen nicht auszuschlie\u00dfen. Wir als Diensteanbieter sind jedoch nicht verpflichtet, \u00fcbermittelte oder gespeicherte fremde Informationen zu \u00fcberwachen oder nach Umst\u00e4nden zu forschen, die auf eine rechtswidrige T\u00e4tigkeit hinweisen. Verpflichtungen zur Entfernung oder Sperrung der Nutzung von Informationen nach den allgemeinen Gesetzen bleiben hiervon unber\u00fchrt. Eine diesbez\u00fcgliche Haftung ist jedoch erst ab dem Zeitpunkt der Kenntnis einer konkreten Rechtsverletzung m\u00f6glich. Bei Bekanntwerden von entsprechenden Rechtsverletzungen werden wir diese Inhalte umgehend entfernen.<\/p>\n<\/div><\/div>\n\n\n\n<div style=\"height:54px\" aria-hidden=\"true\" class=\"wp-block-spacer\"><\/div>\n\n\n\n<div class=\"wp-block-group alignwide\"><div class=\"wp-block-group__inner-container is-layout-constrained wp-block-group-is-layout-constrained\">\n<h4 class=\"wp-block-heading\">Haftung f\u00fcr Links<\/h4>\n\n\n\n<p>Unser Angebot enth\u00e4lt Links zu externen Webseiten Dritter, auf deren Inhalte wir keinen Einfluss haben. Deshalb k\u00f6nnen wir f\u00fcr diese fremden Inhalte auch keine Gew\u00e4hr \u00fcbernehmen. F\u00fcr die Inhalte der verlinkten Seiten ist stets der jeweilige Anbieter oder Betreiber der Seiten verantwortlich. Die verlinkten Seiten wurden zum Zeitpunkt der Verlinkung auf m\u00f6gliche Rechtsverst\u00f6\u00dfe \u00fcberpr\u00fcft. Rechtswidrige Inhalte waren zum Zeitpunkt der Verlinkung nicht erkennbar. Eine permanente inhaltliche Kontrolle der verlinkten Seiten ist jedoch ohne konkrete Anhaltspunkte einer Rechtsverletzung nicht zumutbar. Bei Bekanntwerden von Rechtsverletzungen werden wir derartige Links umgehend entfernen.<\/p>\n<\/div><\/div>\n\n\n\n<div style=\"height:100px\" aria-hidden=\"true\" class=\"wp-block-spacer\"><\/div>\n\n\n\n<h2 class=\"wp-block-heading alignwide has-neve-link-hover-color-color has-text-color\"><strong>Urheberrecht<\/strong><\/h2>\n\n\n\n<div style=\"height:38px\" aria-hidden=\"true\" class=\"wp-block-spacer\"><\/div>\n\n\n\n<div class=\"wp-block-group alignfull has-nv-dark-bg-background-color has-background\"><div class=\"wp-block-group__inner-container is-layout-constrained wp-block-group-is-layout-constrained\">\n<div class=\"wp-block-group alignwide\"><div class=\"wp-block-group__inner-container is-layout-constrained wp-block-group-is-layout-constrained\">\n<div style=\"height:38px\" aria-hidden=\"true\" class=\"wp-block-spacer\"><\/div>\n\n\n\n<p>Die durch die Seitenbetreiber erstellten Inhalte und Werke auf diesen Seiten unterliegen dem \u00f6sterreichischen Urheberrecht. Die Vervielf\u00e4ltigung, Bearbeitung, Verbreitung und jede Art der Verwertung au\u00dferhalb der Grenzen des Urheberrechtes bed\u00fcrfen der schriftlichen Zustimmung des jeweiligen Autors bzw. Erstellers. Downloads und Kopien dieser Seite sind nur f\u00fcr den privaten, nicht kommerziellen Gebrauch gestattet. Soweit die Inhalte auf dieser Seite nicht vom Betreiber erstellt wurden, werden die Urheberrechte Dritter beachtet. Insbesondere werden Inhalte Dritter als solche gekennzeichnet. Sollten Sie trotzdem auf eine Urheberrechtsverletzung aufmerksam werden, bitten wir um einen entsprechenden Hinweis. Bei Bekanntwerden von Rechtsverletzungen werden wir derartige Inhalte umgehend entfernen.<\/p>\n\n\n\n<div style=\"height:38px\" aria-hidden=\"true\" class=\"wp-block-spacer\"><\/div>\n\n\n\n<h4 class=\"wp-block-heading\">Datenschutz<\/h4>\n\n\n\n<p>Die Nutzung unserer Webseite ist in der Regel ohne Angabe personenbezogener Daten m\u00f6glich. Soweit auf unseren Seiten personenbezogene Daten (beispielsweise Name, Anschrift oder E-Mail-Adressen) erhoben werden, erfolgt dies, soweit m\u00f6glich, stets auf freiwilliger Basis. Diese Daten werden ohne Ihre ausdr\u00fcckliche Zustimmung nicht an Dritte weitergegeben. Wir weisen darauf hin, dass die Daten\u00fcbertragung im Internet (z.B. bei der Kommunikation per E-Mail) Sicherheitsl\u00fccken aufweisen kann. Ein l\u00fcckenloser Schutz der Daten vor dem Zugriff durch Dritte ist nicht m\u00f6glich. Der Nutzung von im Rahmen der Impressum-Pflicht ver\u00f6ffentlichten Kontaktdaten durch Dritte zur \u00dcbersendung von nicht ausdr\u00fccklich angeforderter Werbung und Informationsmaterialien wird hiermit ausdr\u00fccklich widersprochen. Die Betreiber der Seiten behalten sich ausdr\u00fccklich rechtliche Schritte im Falle der nicht-verlangten Zusendung von Werbeinformationen, etwa durch Spam-Mails, vor.<\/p>\n\n\n\n<div style=\"height:100px\" aria-hidden=\"true\" class=\"wp-block-spacer\"><\/div>\n\n\n\n<h4 class=\"wp-block-heading\">Barrierefreie Nutzung<\/h4>\n\n\n\n<p>echophysics \u2013 European Centre for the History of Physics e.V. bem\u00fcht sich, einen Zugang zu Informationen f\u00fcr alle sicherzustellen. Einen barrierefreien Zugang zu garantieren, ist mit den derzeitigen technischen Mitteln jedoch nicht vollst\u00e4ndig m\u00f6glich. Zur Verbesserung unserer Services sind wir auf Ihre R\u00fcckmeldung angewiesen: Bitte teilen Sie uns mit, wenn Sie Schwierigkeiten haben.<\/p>\n\n\n\n<div style=\"height:100px\" aria-hidden=\"true\" class=\"wp-block-spacer\"><\/div>\n<\/div><\/div>\n<\/div><\/div>\n\n\n\n<div style=\"height:91px\" aria-hidden=\"true\" class=\"wp-block-spacer\"><\/div>\n\n\n\n<div class=\"wp-block-group alignfull has-nv-light-bg-background-color has-background\"><div class=\"wp-block-group__inner-container is-layout-constrained wp-block-group-is-layout-constrained\">\n<div style=\"height:31px\" aria-hidden=\"true\" class=\"wp-block-spacer\"><\/div>\n\n\n\n<div class=\"wp-block-group alignwide\"><div class=\"wp-block-group__inner-container is-layout-constrained wp-block-group-is-layout-constrained\">\n<h2 class=\"wp-block-heading has-neve-link-hover-color-color has-text-color\">Hinweise zu den Cookies<\/h2>\n\n\n\n<p>Hier finden Sie die <a href=\"https:\/\/www.echophysics.org\/cookie-richtlinie-eu\/\" data-type=\"page\" data-id=\"753\" target=\"_blank\" rel=\"noreferrer noopener\">Cookie-Richtlinien.<\/a><\/p>\n<\/div><\/div>\n\n\n\n<div style=\"height:31px\" aria-hidden=\"true\" class=\"wp-block-spacer\"><\/div>\n<\/div><\/div>\n","protected":false},"excerpt":{"rendered":"<p>Impressum Angaben gem\u00e4\u00df \u00a7 5 Abs. 1 ECG echophysics \u2013 Europ\u00e4isches Zentrum f\u00fcr Physikgeschichte e.V.Schloss P\u00f6llau 18225 P\u00f6llau b. Hartberg\u00d6sterreich Vertreten durch Ao. Univ. Prof. i.R. DI. Dr. Gernot Pottlacher, Pr\u00e4sidentUniv. Prof. i.R. Dr. Heinz Krenn, Pr\u00e4sident Stellvertreter Kontakt Telefon: +43 (0) 690 100 158 00E-Mail: info@echophysics.org Registereintrag echophysics \u2013 European Centre for the History&hellip;&nbsp;<a href=\"https:\/\/www.echophysics.org\/de\/ueber-uns\/impressum\/\" rel=\"bookmark\">Weiterlesen &raquo;<span class=\"screen-reader-text\">Impressum<\/span><\/a><\/p>\n","protected":false},"author":3,"featured_media":0,"parent":16,"menu_order":0,"comment_status":"closed","ping_status":"closed","template":"","meta":{"_uag_custom_page_level_css":"","neve_meta_sidebar":"","neve_meta_container":"","neve_meta_enable_content_width":"","neve_meta_content_width":0,"neve_meta_title_alignment":"","neve_meta_author_avatar":"","neve_post_elements_order":"","neve_meta_disable_header":"","neve_meta_disable_footer":"","neve_meta_disable_title":"","footnotes":""},"class_list":["post-36","page","type-page","status-publish","hentry"],"uagb_featured_image_src":{"full":false,"thumbnail":false,"medium":false,"medium_large":false,"large":false,"1536x1536":false,"2048x2048":false,"trp-custom-language-flag":false,"neve-blog":false},"uagb_author_info":{"display_name":"Ivona Malesevic","author_link":"https:\/\/www.echophysics.org\/de\/author\/ivona-malesevic\/"},"uagb_comment_info":0,"uagb_excerpt":"Impressum Angaben gem\u00e4\u00df \u00a7 5 Abs. 1 ECG echophysics \u2013 Europ\u00e4isches Zentrum f\u00fcr Physikgeschichte e.V.Schloss P\u00f6llau 18225 P\u00f6llau b. Hartberg\u00d6sterreich Vertreten durch Ao. Univ. Prof. i.R. DI. Dr. Gernot Pottlacher, Pr\u00e4sidentUniv. Prof. i.R. Dr. Heinz Krenn, Pr\u00e4sident Stellvertreter Kontakt Telefon: +43 (0) 690 100 158 00E-Mail: info@echophysics.org Registereintrag echophysics \u2013 European Centre for the History&hellip;&nbsp;Weiterlesen&hellip;","_links":{"self":[{"href":"https:\/\/www.echophysics.org\/de\/wp-json\/wp\/v2\/pages\/36","targetHints":{"allow":["GET"]}}],"collection":[{"href":"https:\/\/www.echophysics.org\/de\/wp-json\/wp\/v2\/pages"}],"about":[{"href":"https:\/\/www.echophysics.org\/de\/wp-json\/wp\/v2\/types\/page"}],"author":[{"embeddable":true,"href":"https:\/\/www.echophysics.org\/de\/wp-json\/wp\/v2\/users\/3"}],"replies":[{"embeddable":true,"href":"https:\/\/www.echophysics.org\/de\/wp-json\/wp\/v2\/comments?post=36"}],"version-history":[{"count":15,"href":"https:\/\/www.echophysics.org\/de\/wp-json\/wp\/v2\/pages\/36\/revisions"}],"predecessor-version":[{"id":1171,"href":"https:\/\/www.echophysics.org\/de\/wp-json\/wp\/v2\/pages\/36\/revisions\/1171"}],"up":[{"embeddable":true,"href":"https:\/\/www.echophysics.org\/de\/wp-json\/wp\/v2\/pages\/16"}],"wp:attachment":[{"href":"https:\/\/www.echophysics.org\/de\/wp-json\/wp\/v2\/media?parent=36"}],"curies":[{"name":"wp","href":"https:\/\/api.w.org\/{rel}","templated":true}]}}