{"id":736,"date":"2023-07-06T13:45:22","date_gmt":"2023-07-06T11:45:22","guid":{"rendered":"http:\/\/n88pp.w4yserver.at\/echophysics\/?page_id=736"},"modified":"2025-09-22T10:14:38","modified_gmt":"2025-09-22T08:14:38","slug":"infos","status":"publish","type":"page","link":"https:\/\/www.echophysics.org\/de\/infos\/","title":{"rendered":"News"},"content":{"rendered":"\n<div style=\"height:100px\" aria-hidden=\"true\" class=\"wp-block-spacer\"><\/div>\n\n\n\n<div class=\"wp-block-group has-nv-light-bg-background-color has-background\"><div class=\"wp-block-group__inner-container is-layout-constrained wp-block-group-is-layout-constrained\">\n<div style=\"height:37px\" aria-hidden=\"true\" class=\"wp-block-spacer\"><\/div>\n\n\n\n<h1 class=\"wp-block-heading has-text-align-center has-neve-link-hover-color-color has-text-color has-link-color wp-elements-4715871d292c35c7b8c0e16437baa27a\">News<\/h1>\n\n\n\n<div style=\"height:37px\" aria-hidden=\"true\" class=\"wp-block-spacer\"><\/div>\n<\/div><\/div>\n\n\n\n<div style=\"height:100px\" aria-hidden=\"true\" class=\"wp-block-spacer\"><\/div>\n\n\n\n<div class=\"wp-block-columns has-nv-text-dark-bg-background-color has-background is-layout-flex wp-container-core-columns-is-layout-9d6595d7 wp-block-columns-is-layout-flex\">\n<div class=\"wp-block-column is-layout-flow wp-block-column-is-layout-flow\">\n<h2 class=\"wp-block-heading has-nv-text-dark-bg-background-color has-background has-large-font-size\"><strong>Schuster History of Physics Preis<\/strong><\/h2>\n<\/div>\n\n\n\n<div class=\"wp-block-column is-layout-flow wp-block-column-is-layout-flow\">\n<p><br><br>Der&nbsp;<em>Schusterpreis f\u00fcr die Geschichte der Physik<\/em>&nbsp;wird f\u00fcr au\u00dfergew\u00f6hnliche Leistungen bei der Erweiterung des Wissens in der Geschichte der Physik und f\u00fcr die Verbesserung unseres Verst\u00e4ndnisses physikalischer Konzepte verliehen.<\/p>\n\n\n\n<div class=\"wp-block-uagb-buttons uagb-buttons__outer-wrap uagb-btn__medium-btn uagb-btn-tablet__default-btn uagb-btn-mobile__default-btn uagb-block-30c06c11\"><div class=\"uagb-buttons__wrap uagb-buttons-layout-wrap \">\n<div class=\"wp-block-uagb-buttons-child uagb-buttons__outer-wrap uagb-block-1c97c234 wp-block-button\"><div class=\"uagb-button__wrapper\"><a class=\"uagb-buttons-repeater wp-block-button__link\" aria-label=\"\" href=\"#https:\/\/www.echophysics.org\/de\/schuster-hop-preis\/\" rel=\"follow noopener\" target=\"_self\" role=\"button\"><div class=\"uagb-button__link\">Weiterlesen<\/div><\/a><\/div><\/div>\n<\/div><\/div>\n<\/div>\n<\/div>\n\n\n\n<hr class=\"wp-block-separator has-alpha-channel-opacity\"\/>\n\n\n\n<div class=\"wp-block-columns is-layout-flex wp-container-core-columns-is-layout-9d6595d7 wp-block-columns-is-layout-flex\">\n<div class=\"wp-block-column is-layout-flow wp-block-column-is-layout-flow\">\n<p class=\"has-medium-font-size\">Das Kulturresort der Stadt Graz, die Flughafen Graz Betriebs GmbH und die Kulturvermittlung Steiermark laden zum Besuch der Ausstellung<\/p>\n\n\n\n<p class=\"has-neve-link-color-color has-text-color has-link-color has-medium-font-size wp-elements-7c4f7bb6beca64255a61b2d12eabc830\"><strong>Michael Moser (1853 &#8211; 1912)<\/strong><br>Ein Fotograf aus dem Salzkammergut<\/p>\n\n\n\n<p><strong>Er\u00f6ffnung<\/strong>: Dienstag, 2. Juli 2024, 18:30 Uhr<br><strong>Ort<\/strong>: Galerie am Flughafen Graz, Abflug-Terminal, 1. Stock<br><strong>Dauer:<\/strong> 2. Juli bis 8. September 2024<\/p>\n\n\n\n<div class=\"wp-block-buttons is-layout-flex wp-block-buttons-is-layout-flex\">\n<div class=\"wp-block-button has-custom-width wp-block-button__width-50 is-style-primary\"><a class=\"wp-block-button__link has-neve-link-color-background-color has-background has-medium-font-size has-custom-font-size wp-element-button\" href=\"https:\/\/www.echophysics.org\/infos\/michael-moser-1853-1912\/\" style=\"border-radius:45px\" target=\"_blank\" rel=\"noreferrer noopener\">Weiterlesen<\/a><\/div>\n<\/div>\n<\/div>\n\n\n\n<div class=\"wp-block-column is-layout-flow wp-block-column-is-layout-flow\"><div class=\"wp-block-image\">\n<figure class=\"alignright size-large is-resized\"><img loading=\"lazy\" decoding=\"async\" width=\"722\" height=\"1024\" src=\"https:\/\/www.echophysics.org\/wp-content\/uploads\/2024\/06\/Michael-Moser-Portraet-722x1024.jpg\" alt=\"\" class=\"wp-image-1076\" style=\"width:331px;height:auto\" srcset=\"https:\/\/www.echophysics.org\/wp-content\/uploads\/2024\/06\/Michael-Moser-Portraet-722x1024.jpg 722w, https:\/\/www.echophysics.org\/wp-content\/uploads\/2024\/06\/Michael-Moser-Portraet-211x300.jpg 211w, https:\/\/www.echophysics.org\/wp-content\/uploads\/2024\/06\/Michael-Moser-Portraet-768x1090.jpg 768w, https:\/\/www.echophysics.org\/wp-content\/uploads\/2024\/06\/Michael-Moser-Portraet-8x12.jpg 8w, https:\/\/www.echophysics.org\/wp-content\/uploads\/2024\/06\/Michael-Moser-Portraet.jpg 800w\" sizes=\"auto, (max-width: 722px) 100vw, 722px\" \/><\/figure>\n<\/div><\/div>\n<\/div>\n\n\n\n<hr class=\"wp-block-separator has-alpha-channel-opacity\"\/>\n\n\n\n<div class=\"wp-block-columns is-layout-flex wp-container-core-columns-is-layout-9d6595d7 wp-block-columns-is-layout-flex\">\n<div class=\"wp-block-column is-layout-flow wp-block-column-is-layout-flow\">\n<figure class=\"wp-block-image size-large\"><img loading=\"lazy\" decoding=\"async\" width=\"1024\" height=\"563\" src=\"https:\/\/www.echophysics.org\/wp-content\/uploads\/2024\/06\/uni-graz-240607-historical-site-gruppedruck1-1-scaled-e1718029624880-1024x563.jpg\" alt=\"\" class=\"wp-image-1052\" srcset=\"https:\/\/www.echophysics.org\/wp-content\/uploads\/2024\/06\/uni-graz-240607-historical-site-gruppedruck1-1-scaled-e1718029624880-1024x563.jpg 1024w, https:\/\/www.echophysics.org\/wp-content\/uploads\/2024\/06\/uni-graz-240607-historical-site-gruppedruck1-1-scaled-e1718029624880-300x165.jpg 300w, https:\/\/www.echophysics.org\/wp-content\/uploads\/2024\/06\/uni-graz-240607-historical-site-gruppedruck1-1-scaled-e1718029624880-768x422.jpg 768w, https:\/\/www.echophysics.org\/wp-content\/uploads\/2024\/06\/uni-graz-240607-historical-site-gruppedruck1-1-scaled-e1718029624880-1536x845.jpg 1536w, https:\/\/www.echophysics.org\/wp-content\/uploads\/2024\/06\/uni-graz-240607-historical-site-gruppedruck1-1-scaled-e1718029624880-2048x1126.jpg 2048w, https:\/\/www.echophysics.org\/wp-content\/uploads\/2024\/06\/uni-graz-240607-historical-site-gruppedruck1-1-scaled-e1718029624880-18x10.jpg 18w\" sizes=\"auto, (max-width: 1024px) 100vw, 1024px\" \/><figcaption class=\"wp-element-caption\">Rektor Peter Riedler (rechts) und die Pr\u00e4sidentin der Europ\u00e4ischen Physikalischen Gesellschaft Mairi Sakellariadou<\/figcaption><\/figure>\n<\/div>\n\n\n\n<div class=\"wp-block-column is-layout-flow wp-block-column-is-layout-flow\">\n<h2 class=\"wp-block-heading has-text-align-center has-neve-text-color-color has-text-color has-large-font-size\" id=\"Experimente-f\u00fcr-Lehrer\/innen\"><br><strong>Nominierung des Physikalischen Instituts der Universit\u00e4t Graz zur<\/strong> <strong>\u201eHistoric Site\u201c der Europ\u00e4ischen Physikalischen Gesellschaft (EPS)<\/strong><br><\/h2>\n\n\n\n<div class=\"wp-block-buttons is-content-justification-center is-layout-flex wp-container-core-buttons-is-layout-16018d1d wp-block-buttons-is-layout-flex\">\n<div class=\"wp-block-button has-custom-width wp-block-button__width-50 is-style-primary\"><a class=\"wp-block-button__link has-nv-site-bg-color has-neve-link-hover-color-background-color has-text-color has-background has-medium-font-size has-custom-font-size wp-element-button\" href=\"https:\/\/www.echophysics.org\/de\/historic-site-institut-fur-physik\/\" style=\"border-radius:45px\">Mehr Informationen<\/a><\/div>\n<\/div>\n<\/div>\n<\/div>\n\n\n\n<hr class=\"wp-block-separator has-alpha-channel-opacity\"\/>\n\n\n\n<div class=\"wp-block-columns is-layout-flex wp-container-core-columns-is-layout-9d6595d7 wp-block-columns-is-layout-flex\">\n<div class=\"wp-block-column is-layout-flow wp-block-column-is-layout-flow\" style=\"flex-basis:60%\">\n<h2 class=\"wp-block-heading has-large-font-size\"><strong>Nobelpreis-Tr\u00e4ger:<\/strong> <strong>Ferenc Krausz<\/strong><\/h2>\n\n\n\n<p>Nachdem bereits 2022 Anton Zeilinger den Physik-Nobelpreis nach \u00d6sterreich bringen konnte, freuen wir uns 2023 \u00fcber einen weiteren Physik-Nobelpreistr\u00e4ger mit \u00f6sterreichischen Wurzeln und gratulieren Ferenc Krausz herzlichst zu dieser Auszeichnung!<\/p>\n\n\n\n<p>Bild: Ferenc Krausz; \u00a9 MPI for Quantum Optics<\/p>\n\n\n\n<div class=\"wp-block-buttons is-layout-flex wp-block-buttons-is-layout-flex\">\n<div class=\"wp-block-button has-custom-width wp-block-button__width-50 is-style-primary\"><a class=\"wp-block-button__link has-neve-link-color-background-color has-background has-medium-font-size has-custom-font-size wp-element-button\" href=\"https:\/\/www.echophysics.org\/infos\/ferenc-krausz\/\" style=\"border-radius:45px\" target=\"_blank\" rel=\"noreferrer noopener\">Weiterlesen<\/a><\/div>\n<\/div>\n<\/div>\n\n\n\n<div class=\"wp-block-column is-layout-flow wp-block-column-is-layout-flow\" style=\"flex-basis:45%\"><div class=\"wp-block-image\">\n<figure class=\"aligncenter size-large is-resized\"><img decoding=\"async\" src=\"https:\/\/www.echophysics.org\/wp-content\/uploads\/2023\/10\/ferenc_krausz-1024x1024.jpg\" alt=\"\" class=\"wp-image-879\" style=\"width:332px;height:332px\"\/><\/figure>\n<\/div><\/div>\n<\/div>\n\n\n\n<hr class=\"wp-block-separator has-alpha-channel-opacity\"\/>\n\n\n\n<div class=\"wp-block-columns is-layout-flex wp-container-core-columns-is-layout-9d6595d7 wp-block-columns-is-layout-flex\">\n<div class=\"wp-block-column is-layout-flow wp-block-column-is-layout-flow\">\n<figure class=\"wp-block-image size-full\"><img loading=\"lazy\" decoding=\"async\" width=\"930\" height=\"620\" src=\"https:\/\/www.echophysics.org\/wp-content\/uploads\/2025\/09\/ausschreibung-930x620-1.jpg\" alt=\"\" class=\"wp-image-1353\" srcset=\"https:\/\/www.echophysics.org\/wp-content\/uploads\/2025\/09\/ausschreibung-930x620-1.jpg 930w, https:\/\/www.echophysics.org\/wp-content\/uploads\/2025\/09\/ausschreibung-930x620-1-300x200.jpg 300w, https:\/\/www.echophysics.org\/wp-content\/uploads\/2025\/09\/ausschreibung-930x620-1-768x512.jpg 768w, https:\/\/www.echophysics.org\/wp-content\/uploads\/2025\/09\/ausschreibung-930x620-1-18x12.jpg 18w\" sizes=\"auto, (max-width: 930px) 100vw, 930px\" \/><\/figure>\n<\/div>\n\n\n\n<div class=\"wp-block-column is-layout-flow wp-block-column-is-layout-flow\">\n<h2 class=\"wp-block-heading has-large-font-size\" id=\"ausschreibung\"><strong>Ausschreibung<\/strong> <strong>der \u00d6AW<\/strong><\/h2>\n\n\n\n<p>Die \u00d6sterr. Akademie der Wissenschaften (\u00d6AW) l\u00e4dt junge  Wissenschaftler:innen zur Bewerbung ein, die sich mit der Geschichte der  Naturwissenschaften (vorzugsweise auf dem Gebiet der Entwicklung von  Konzepten und Ideen) besch\u00e4ftigen und ein Pilotprojekt vorlegen, das zur  Vorbereitung einer Dissertation oder eines Forschungsprojekts  ausgearbeitet wurde.<\/p>\n\n\n\n<div class=\"wp-block-buttons is-content-justification-left is-layout-flex wp-container-core-buttons-is-layout-fdcfc74e wp-block-buttons-is-layout-flex\">\n<div class=\"wp-block-button has-custom-width wp-block-button__width-50 is-style-primary\"><a class=\"wp-block-button__link has-medium-font-size has-custom-font-size wp-element-button\" href=\"https:\/\/stipendien.oeaw.ac.at\/preise\/interdisziplinaere-preise\/bader-preis-fuer-die-geschichte-der-naturwissenschaften\" style=\"border-radius:45px\" target=\"_blank\" rel=\"noreferrer noopener\">Mehr erfahren<\/a><\/div>\n<\/div>\n<\/div>\n<\/div>\n\n\n\n<hr class=\"wp-block-separator has-alpha-channel-opacity\"\/>\n\n\n\n<div class=\"wp-block-columns is-layout-flex wp-container-core-columns-is-layout-9d6595d7 wp-block-columns-is-layout-flex\">\n<div class=\"wp-block-column is-layout-flow wp-block-column-is-layout-flow\">\n<h2 class=\"wp-block-heading has-text-align-left has-neve-text-color-color has-text-color has-large-font-size\" id=\"Experimente-f\u00fcr-Lehrer\/innen\"><br>Experimente f\u00fcr Lehrkr\u00e4fte<\/h2>\n\n\n\n<p>Physik-Diplomarbeiten, betreut von Univ. Prof. DI Dr. Gernot Pottlacher an der TU Graz<\/p>\n\n\n\n<div class=\"wp-block-buttons is-content-justification-left is-layout-flex wp-container-core-buttons-is-layout-fdcfc74e wp-block-buttons-is-layout-flex\">\n<div class=\"wp-block-button has-custom-width wp-block-button__width-50 is-style-primary\"><a class=\"wp-block-button__link has-nv-site-bg-color has-neve-link-hover-color-background-color has-text-color has-background has-medium-font-size has-custom-font-size wp-element-button\" href=\"https:\/\/www.echophysics.org\/de\/diplomarbeiten-pottlacher\/\" style=\"border-radius:45px\" target=\"_blank\" rel=\"noreferrer noopener\">Mehr Informationen<\/a><\/div>\n<\/div>\n<\/div>\n\n\n\n<div class=\"wp-block-column is-layout-flow wp-block-column-is-layout-flow\" style=\"padding-top:0;padding-right:0;padding-bottom:0;padding-left:0;flex-basis:40%\"><div class=\"wp-block-image\">\n<figure class=\"aligncenter size-full is-resized\"><img loading=\"lazy\" decoding=\"async\" width=\"480\" height=\"640\" src=\"https:\/\/www.echophysics.org\/wp-content\/uploads\/2023\/08\/IMG_3572-rotated.jpg\" alt=\"\" class=\"wp-image-830\" style=\"width:265px;height:auto\" srcset=\"https:\/\/www.echophysics.org\/wp-content\/uploads\/2023\/08\/IMG_3572-rotated.jpg 480w, https:\/\/www.echophysics.org\/wp-content\/uploads\/2023\/08\/IMG_3572-225x300.jpg 225w, https:\/\/www.echophysics.org\/wp-content\/uploads\/2023\/08\/IMG_3572-9x12.jpg 9w\" sizes=\"auto, (max-width: 480px) 100vw, 480px\" \/><\/figure>\n<\/div><\/div>\n<\/div>\n\n\n\n<hr class=\"wp-block-separator has-alpha-channel-opacity\"\/>\n\n\n\n<p><\/p>\n","protected":false},"excerpt":{"rendered":"<p>News Schuster History of Physics Preis Der&nbsp;Schusterpreis f\u00fcr die Geschichte der Physik&nbsp;wird f\u00fcr au\u00dfergew\u00f6hnliche Leistungen bei der Erweiterung des Wissens in der Geschichte der Physik und f\u00fcr die Verbesserung unseres Verst\u00e4ndnisses physikalischer Konzepte verliehen. Das Kulturresort der Stadt Graz, die Flughafen Graz Betriebs GmbH und die Kulturvermittlung Steiermark laden zum Besuch der Ausstellung Michael Moser&hellip;&nbsp;<a href=\"https:\/\/www.echophysics.org\/de\/infos\/\" rel=\"bookmark\">Weiterlesen &raquo;<span class=\"screen-reader-text\">News<\/span><\/a><\/p>\n","protected":false},"author":3,"featured_media":0,"parent":0,"menu_order":0,"comment_status":"closed","ping_status":"closed","template":"","meta":{"_uag_custom_page_level_css":"","neve_meta_sidebar":"","neve_meta_container":"","neve_meta_enable_content_width":"","neve_meta_content_width":0,"neve_meta_title_alignment":"","neve_meta_author_avatar":"","neve_post_elements_order":"","neve_meta_disable_header":"","neve_meta_disable_footer":"","neve_meta_disable_title":"","footnotes":""},"class_list":["post-736","page","type-page","status-publish","hentry"],"uagb_featured_image_src":{"full":false,"thumbnail":false,"medium":false,"medium_large":false,"large":false,"1536x1536":false,"2048x2048":false,"trp-custom-language-flag":false,"neve-blog":false},"uagb_author_info":{"display_name":"Ivona Malesevic","author_link":"https:\/\/www.echophysics.org\/de\/author\/ivona-malesevic\/"},"uagb_comment_info":0,"uagb_excerpt":"News Schuster History of Physics Preis Der&nbsp;Schusterpreis f\u00fcr die Geschichte der Physik&nbsp;wird f\u00fcr au\u00dfergew\u00f6hnliche Leistungen bei der Erweiterung des Wissens in der Geschichte der Physik und f\u00fcr die Verbesserung unseres Verst\u00e4ndnisses physikalischer Konzepte verliehen. Das Kulturresort der Stadt Graz, die Flughafen Graz Betriebs GmbH und die Kulturvermittlung Steiermark laden zum Besuch der Ausstellung Michael Moser&hellip;&nbsp;Weiterlesen&hellip;","_links":{"self":[{"href":"https:\/\/www.echophysics.org\/de\/wp-json\/wp\/v2\/pages\/736","targetHints":{"allow":["GET"]}}],"collection":[{"href":"https:\/\/www.echophysics.org\/de\/wp-json\/wp\/v2\/pages"}],"about":[{"href":"https:\/\/www.echophysics.org\/de\/wp-json\/wp\/v2\/types\/page"}],"author":[{"embeddable":true,"href":"https:\/\/www.echophysics.org\/de\/wp-json\/wp\/v2\/users\/3"}],"replies":[{"embeddable":true,"href":"https:\/\/www.echophysics.org\/de\/wp-json\/wp\/v2\/comments?post=736"}],"version-history":[{"count":39,"href":"https:\/\/www.echophysics.org\/de\/wp-json\/wp\/v2\/pages\/736\/revisions"}],"predecessor-version":[{"id":1369,"href":"https:\/\/www.echophysics.org\/de\/wp-json\/wp\/v2\/pages\/736\/revisions\/1369"}],"wp:attachment":[{"href":"https:\/\/www.echophysics.org\/de\/wp-json\/wp\/v2\/media?parent=736"}],"curies":[{"name":"wp","href":"https:\/\/api.w.org\/{rel}","templated":true}]}}