{"id":884,"date":"2023-10-07T23:03:15","date_gmt":"2023-10-07T21:03:15","guid":{"rendered":"https:\/\/www.echophysics.org\/?page_id=884"},"modified":"2026-03-13T18:25:27","modified_gmt":"2026-03-13T17:25:27","slug":"ferenc-krausz","status":"publish","type":"page","link":"https:\/\/www.echophysics.org\/de\/infos\/ferenc-krausz\/","title":{"rendered":"Ferenc Krausz"},"content":{"rendered":"\n<div style=\"height:100px\" aria-hidden=\"true\" class=\"wp-block-spacer\"><\/div>\n\n\n\n<div class=\"wp-block-cover\" style=\"min-height:234px;aspect-ratio:unset;\"><span aria-hidden=\"true\" class=\"wp-block-cover__background has-nv-c-2-background-color has-background-dim-30 has-background-dim\"><\/span><div class=\"wp-block-cover__inner-container is-layout-flow wp-block-cover-is-layout-flow\">\n<p class=\"has-neve-text-color-color has-text-color\"><strong>Nachdem bereits 2022 Anton Zeilinger den Physik-Nobelpreis nach \u00d6sterreich bringen konnte, freuen wir uns 2023 \u00fcber einen weiteren Physik-Nobelpreistr\u00e4ger mit \u00f6sterreichischen Wurzeln und gratulieren Ferenc Krausz herzlichst zu dieser Auszeichnung!<\/strong><\/p>\n\n\n\n<h1 class=\"wp-block-heading has-neve-link-hover-color-color has-text-color\">Ferenc Krausz<\/h1>\n\n\n\n<p class=\"has-neve-text-color-color has-text-color has-medium-font-size\"><strong>Elektronen f\u00fcrs Leben: Nobelpreis-Tr\u00e4ger Ferenc Krausz \u00fcber seine Forschungen<\/strong><\/p>\n<\/div><\/div>\n\n\n\n<div style=\"height:50px\" aria-hidden=\"true\" class=\"wp-block-spacer\"><\/div>\n\n\n\n<p>Ferenc Krausz wurde &#8211; gemeinsam mit Pierre Agostini und Anne L&#8217;Huillier \u2013 am 3. Oktober 2023 mit dem Physik-Nobelpreis 2023 ausgezeichnet. Das Nobelpreiskomitee nannte in seiner Begr\u00fcndung ausdr\u00fccklich die Experimente, die Ferenc Krausz in der Laseroptik in den 1990er und fr\u00fchen 2000er Jahren an der TU Wien durchf\u00fchrte und wof\u00fcr er mehrere renommierte Auszeichnungen erhielt. Prof. Em. Dr. Arnold Schmidt vom Institut f\u00fcr Photonik war sein \u201eWegweiser und Mentor\u201c \u2013 wie er ihn selbst bezeichnet.<\/p>\n\n\n\n<p>Ferenc Krausz stellte seine Nobelpreis-verd\u00e4chtigen Forschungen zwischen Elektronen, Attosekunden und ultrakurzen Lichtimpulsen bereits am 31. Mai 2021 in einer feierlichen Sitzung der \u00d6sterreichischen Akademie der Wissenschaften (\u00d6AW) mit dem Vortragstitel \u201eElektronen f\u00fcrs Leben\u201c vor:<\/p>\n\n\n\n<p>Ferenc Krausz studierte Physik an der TU Budapest, 1988 wechselte er an die TU Wien, wo er im Jahr 1991 promovierte und bereits zwei Jahre sp\u00e4ter in Laserphysik habilitiert wurde. In den darauffolgenden Jahren gelangen ihm an der TU Wien immer wieder wichtige Experimente, mit denen er die Grundlagen f\u00fcr ein neues Forschungsfeld schuf: Die Attosekundenphysik, das Studium von Effekten, die auf f\u00fcr uns Menschen kaum vorstellbar kurzen Zeitskalen ablaufen: Eine Attosekunde ist ein Milliardstel einer Milliardstelsekunde.<\/p>\n\n\n\n<p>Er wurde zun\u00e4chst Assistenzprofessor, dann Professor f\u00fcr Elektrotechnik an der TU Wien. 2004 schlie\u00dflich wechselte er an die LMU M\u00fcnchen und wurde Direktor des Max-Planck-Instituts f\u00fcr Quantenoptik (MPQ) in Garching. Bis heute ist er Honorarprofessor an der TU Wien.<\/p>\n\n\n\n<p class=\"has-neve-text-color-color has-text-color\"><a rel=\"noreferrer noopener\" href=\"https:\/\/www.mpg.de\/20915190\/ferenc-krausz-erhaelt-den-physik-nobelpreis\" target=\"_blank\">Hier finden Sie den Artikel der Max-Planck-Gesellschaft.<\/a><\/p>\n\n\n\n<p><\/p>\n\n\n\n<p><\/p>\n","protected":false},"excerpt":{"rendered":"<p>Ferenc Krausz wurde &#8211; gemeinsam mit Pierre Agostini und Anne L&#8217;Huillier \u2013 am 3. Oktober 2023 mit dem Physik-Nobelpreis 2023 ausgezeichnet. Das Nobelpreiskomitee nannte in seiner Begr\u00fcndung ausdr\u00fccklich die Experimente, die Ferenc Krausz in der Laseroptik in den 1990er und fr\u00fchen 2000er Jahren an der TU Wien durchf\u00fchrte und wof\u00fcr er mehrere renommierte Auszeichnungen erhielt.&hellip;&nbsp;<a href=\"https:\/\/www.echophysics.org\/de\/infos\/ferenc-krausz\/\" rel=\"bookmark\">Weiterlesen &raquo;<span class=\"screen-reader-text\">Ferenc Krausz<\/span><\/a><\/p>\n","protected":false},"author":3,"featured_media":0,"parent":736,"menu_order":0,"comment_status":"closed","ping_status":"closed","template":"","meta":{"_uag_custom_page_level_css":"","neve_meta_sidebar":"","neve_meta_container":"","neve_meta_enable_content_width":"","neve_meta_content_width":0,"neve_meta_title_alignment":"","neve_meta_author_avatar":"","neve_post_elements_order":"","neve_meta_disable_header":"","neve_meta_disable_footer":"","neve_meta_disable_title":"","footnotes":""},"class_list":["post-884","page","type-page","status-publish","hentry"],"uagb_featured_image_src":{"full":false,"thumbnail":false,"medium":false,"medium_large":false,"large":false,"1536x1536":false,"2048x2048":false,"trp-custom-language-flag":false,"neve-blog":false},"uagb_author_info":{"display_name":"Ivona Malesevic","author_link":"https:\/\/www.echophysics.org\/de\/author\/ivona-malesevic\/"},"uagb_comment_info":0,"uagb_excerpt":"Ferenc Krausz wurde &#8211; gemeinsam mit Pierre Agostini und Anne L&#8217;Huillier \u2013 am 3. Oktober 2023 mit dem Physik-Nobelpreis 2023 ausgezeichnet. Das Nobelpreiskomitee nannte in seiner Begr\u00fcndung ausdr\u00fccklich die Experimente, die Ferenc Krausz in der Laseroptik in den 1990er und fr\u00fchen 2000er Jahren an der TU Wien durchf\u00fchrte und wof\u00fcr er mehrere renommierte Auszeichnungen erhielt.&hellip;&nbsp;Weiterlesen&hellip;","_links":{"self":[{"href":"https:\/\/www.echophysics.org\/de\/wp-json\/wp\/v2\/pages\/884","targetHints":{"allow":["GET"]}}],"collection":[{"href":"https:\/\/www.echophysics.org\/de\/wp-json\/wp\/v2\/pages"}],"about":[{"href":"https:\/\/www.echophysics.org\/de\/wp-json\/wp\/v2\/types\/page"}],"author":[{"embeddable":true,"href":"https:\/\/www.echophysics.org\/de\/wp-json\/wp\/v2\/users\/3"}],"replies":[{"embeddable":true,"href":"https:\/\/www.echophysics.org\/de\/wp-json\/wp\/v2\/comments?post=884"}],"version-history":[{"count":20,"href":"https:\/\/www.echophysics.org\/de\/wp-json\/wp\/v2\/pages\/884\/revisions"}],"predecessor-version":[{"id":1481,"href":"https:\/\/www.echophysics.org\/de\/wp-json\/wp\/v2\/pages\/884\/revisions\/1481"}],"up":[{"embeddable":true,"href":"https:\/\/www.echophysics.org\/de\/wp-json\/wp\/v2\/pages\/736"}],"wp:attachment":[{"href":"https:\/\/www.echophysics.org\/de\/wp-json\/wp\/v2\/media?parent=884"}],"curies":[{"name":"wp","href":"https:\/\/api.w.org\/{rel}","templated":true}]}}