{"id":14,"date":"2023-04-04T07:35:48","date_gmt":"2023-04-04T05:35:48","guid":{"rendered":"http:\/\/n88pp.w4yserver.at\/echophysics\/?page_id=14"},"modified":"2023-07-11T09:46:43","modified_gmt":"2023-07-11T07:46:43","slug":"kooperationspartner","status":"publish","type":"page","link":"https:\/\/www.echophysics.org\/en\/kooperationspartner\/","title":{"rendered":"cooperation partners"},"content":{"rendered":"<div style=\"height:74px\" aria-hidden=\"true\" class=\"wp-block-spacer\"><\/div>\n\n\n\n<h1 class=\"wp-block-heading has-neve-link-hover-color-color has-text-color\">cooperation partners<\/h1>\n\n\n\n<div style=\"height:51px\" aria-hidden=\"true\" class=\"wp-block-spacer\"><\/div>\n\n\n\n<div class=\"wp-block-group\"><div class=\"wp-block-group__inner-container is-layout-constrained wp-block-group-is-layout-constrained\">\n<div class=\"wp-block-columns is-layout-flex wp-container-core-columns-is-layout-9d6595d7 wp-block-columns-is-layout-flex\">\n<div class=\"wp-block-column is-layout-flow wp-block-column-is-layout-flow\" style=\"flex-basis:33.33%\">\n<div class=\"wp-block-group\"><div class=\"wp-block-group__inner-container is-layout-constrained wp-block-group-is-layout-constrained\">\n<figure class=\"wp-block-image size-large\"><img loading=\"lazy\" decoding=\"async\" width=\"1024\" height=\"404\" src=\"http:\/\/n88pp.w4yserver.at\/echophysics\/wp-content\/uploads\/2023\/04\/Universitaet-innsbruck-1024x404.png\" alt=\"\" class=\"wp-image-86\" srcset=\"https:\/\/www.echophysics.org\/wp-content\/uploads\/2023\/04\/Universitaet-innsbruck-1024x404.png 1024w, https:\/\/www.echophysics.org\/wp-content\/uploads\/2023\/04\/Universitaet-innsbruck-300x118.png 300w, https:\/\/www.echophysics.org\/wp-content\/uploads\/2023\/04\/Universitaet-innsbruck-768x303.png 768w, https:\/\/www.echophysics.org\/wp-content\/uploads\/2023\/04\/Universitaet-innsbruck-1536x606.png 1536w, https:\/\/www.echophysics.org\/wp-content\/uploads\/2023\/04\/Universitaet-innsbruck-2048x808.png 2048w\" sizes=\"auto, (max-width: 1024px) 100vw, 1024px\" \/><\/figure>\n<\/div><\/div>\n<\/div>\n\n\n\n<div class=\"wp-block-column is-vertically-aligned-center has-nv-dark-bg-background-color has-background is-layout-flow wp-block-column-is-layout-flow\" style=\"flex-basis:66.66%\">\n<p class=\"has-background has-medium-font-size\" style=\"background-color:#f5f6f700\"><a href=\"https:\/\/www.uibk.ac.at\/de\/\" data-type=\"URL\" data-id=\"https:\/\/www.uibk.ac.at\/de\/\">University of Innsbruck<\/a><\/p>\n<\/div>\n<\/div>\n<\/div><\/div>\n\n\n\n<div class=\"wp-block-group\"><div class=\"wp-block-group__inner-container is-layout-constrained wp-block-group-is-layout-constrained\">\n<div class=\"wp-block-columns is-layout-flex wp-container-core-columns-is-layout-9d6595d7 wp-block-columns-is-layout-flex\">\n<div class=\"wp-block-column is-vertically-aligned-center has-nv-dark-bg-background-color has-background is-layout-flow wp-block-column-is-layout-flow\" style=\"flex-basis:66.66%\">\n<p class=\"has-background has-medium-font-size\" style=\"background-color:#f5f6f700\"><a href=\"https:\/\/www.tugraz.at\/home\" data-type=\"URL\" data-id=\"https:\/\/www.tugraz.at\/home\">Graz University of Technology<\/a><\/p>\n<\/div>\n\n\n\n<div class=\"wp-block-column is-layout-flow wp-block-column-is-layout-flow\" style=\"flex-basis:33.33%\">\n<div class=\"wp-block-group\"><div class=\"wp-block-group__inner-container is-layout-constrained wp-block-group-is-layout-constrained\">\n<figure class=\"wp-block-image size-large is-resized\"><img loading=\"lazy\" decoding=\"async\" src=\"http:\/\/n88pp.w4yserver.at\/echophysics\/wp-content\/uploads\/2023\/04\/TU_Graz-1024x512.png\" alt=\"\" class=\"wp-image-87\" width=\"261\" height=\"130\" srcset=\"https:\/\/www.echophysics.org\/wp-content\/uploads\/2023\/04\/TU_Graz-1024x512.png 1024w, https:\/\/www.echophysics.org\/wp-content\/uploads\/2023\/04\/TU_Graz-300x150.png 300w, https:\/\/www.echophysics.org\/wp-content\/uploads\/2023\/04\/TU_Graz-768x384.png 768w, https:\/\/www.echophysics.org\/wp-content\/uploads\/2023\/04\/TU_Graz.png 1200w\" sizes=\"auto, (max-width: 261px) 100vw, 261px\" \/><\/figure>\n<\/div><\/div>\n<\/div>\n<\/div>\n<\/div><\/div>\n\n\n\n<div class=\"wp-block-group\"><div class=\"wp-block-group__inner-container is-layout-constrained wp-block-group-is-layout-constrained\">\n<div class=\"wp-block-columns is-layout-flex wp-container-core-columns-is-layout-9d6595d7 wp-block-columns-is-layout-flex\">\n<div class=\"wp-block-column is-layout-flow wp-block-column-is-layout-flow\" style=\"flex-basis:33.33%\">\n<div class=\"wp-block-group\"><div class=\"wp-block-group__inner-container is-layout-constrained wp-block-group-is-layout-constrained\"><div class=\"wp-block-image\">\n<figure class=\"aligncenter size-full is-resized\"><img loading=\"lazy\" decoding=\"async\" src=\"http:\/\/n88pp.w4yserver.at\/echophysics\/wp-content\/uploads\/2023\/04\/logo_EPS_blue.gif\" alt=\"\" class=\"wp-image-88\" width=\"105\" height=\"105\"\/><\/figure>\n<\/div><\/div><\/div>\n<\/div>\n\n\n\n<div class=\"wp-block-column is-vertically-aligned-center has-nv-dark-bg-background-color has-background is-layout-flow wp-block-column-is-layout-flow\" style=\"flex-basis:66.66%\">\n<p class=\"has-neve-link-color-color has-text-color has-background has-medium-font-size\" style=\"background-color:#f5f6f700\"><a href=\"https:\/\/www.eps.org\/\">E<\/a><a href=\"https:\/\/www.eps.org\/\" data-type=\"URL\" data-id=\"https:\/\/www.eps.org\/\">urop\u00e4ische Physikalische Gesellschaft<\/a><\/p>\n<\/div>\n<\/div>\n<\/div><\/div>\n\n\n\n<div class=\"wp-block-group\"><div class=\"wp-block-group__inner-container is-layout-constrained wp-block-group-is-layout-constrained\">\n<div class=\"wp-block-columns is-layout-flex wp-container-core-columns-is-layout-9d6595d7 wp-block-columns-is-layout-flex\">\n<div class=\"wp-block-column is-vertically-aligned-center has-nv-dark-bg-background-color has-background is-layout-flow wp-block-column-is-layout-flow\" style=\"flex-basis:66.66%\">\n<p class=\"has-neve-link-color-color has-text-color has-background has-medium-font-size\" style=\"background-color:#f5f6f700\"><a href=\"https:\/\/www.oepg.at\/index.php?page=home&amp;lang=de\">\u00d6<\/a><a href=\"https:\/\/www.oepg.at\/index.php?page=home&amp;lang=de\" data-type=\"URL\" data-id=\"https:\/\/www.oepg.at\/index.php?page=home&amp;lang=de\">sterreichische Physikalische Gesellschaft<\/a><\/p>\n<\/div>\n\n\n\n<div class=\"wp-block-column is-layout-flow wp-block-column-is-layout-flow\" style=\"flex-basis:33.33%\">\n<div class=\"wp-block-group\"><div class=\"wp-block-group__inner-container is-layout-constrained wp-block-group-is-layout-constrained\"><div class=\"wp-block-image\">\n<figure class=\"aligncenter size-full\"><img loading=\"lazy\" decoding=\"async\" width=\"911\" height=\"127\" src=\"http:\/\/n88pp.w4yserver.at\/echophysics\/wp-content\/uploads\/2023\/04\/oepg.png\" alt=\"\" class=\"wp-image-89\" srcset=\"https:\/\/www.echophysics.org\/wp-content\/uploads\/2023\/04\/oepg.png 911w, https:\/\/www.echophysics.org\/wp-content\/uploads\/2023\/04\/oepg-300x42.png 300w, https:\/\/www.echophysics.org\/wp-content\/uploads\/2023\/04\/oepg-768x107.png 768w\" sizes=\"auto, (max-width: 911px) 100vw, 911px\" \/><\/figure>\n<\/div><\/div><\/div>\n<\/div>\n<\/div>\n<\/div><\/div>\n\n\n\n<div style=\"height:191px\" aria-hidden=\"true\" class=\"wp-block-spacer\"><\/div>","protected":false},"excerpt":{"rendered":"<p>Kooperationspartner Universit\u00e4t Innsbruck Technische Universit\u00e4t Graz Europ\u00e4ische Physikalische Gesellschaft \u00d6sterreichische Physikalische Gesellschaft<\/p>","protected":false},"author":3,"featured_media":0,"parent":0,"menu_order":0,"comment_status":"closed","ping_status":"closed","template":"","meta":{"_uag_custom_page_level_css":"","neve_meta_sidebar":"","neve_meta_container":"","neve_meta_enable_content_width":"","neve_meta_content_width":0,"neve_meta_title_alignment":"","neve_meta_author_avatar":"","neve_post_elements_order":"","neve_meta_disable_header":"","neve_meta_disable_footer":"","neve_meta_disable_title":"","footnotes":""},"class_list":["post-14","page","type-page","status-publish","hentry"],"uagb_featured_image_src":{"full":false,"thumbnail":false,"medium":false,"medium_large":false,"large":false,"1536x1536":false,"2048x2048":false,"trp-custom-language-flag":false,"neve-blog":false},"uagb_author_info":{"display_name":"Ivona Malesevic","author_link":"https:\/\/www.echophysics.org\/en\/author\/ivona-malesevic\/"},"uagb_comment_info":0,"uagb_excerpt":"Kooperationspartner Universit\u00e4t Innsbruck Technische Universit\u00e4t Graz Europ\u00e4ische Physikalische Gesellschaft \u00d6sterreichische Physikalische Gesellschaft","_links":{"self":[{"href":"https:\/\/www.echophysics.org\/en\/wp-json\/wp\/v2\/pages\/14","targetHints":{"allow":["GET"]}}],"collection":[{"href":"https:\/\/www.echophysics.org\/en\/wp-json\/wp\/v2\/pages"}],"about":[{"href":"https:\/\/www.echophysics.org\/en\/wp-json\/wp\/v2\/types\/page"}],"author":[{"embeddable":true,"href":"https:\/\/www.echophysics.org\/en\/wp-json\/wp\/v2\/users\/3"}],"replies":[{"embeddable":true,"href":"https:\/\/www.echophysics.org\/en\/wp-json\/wp\/v2\/comments?post=14"}],"version-history":[{"count":5,"href":"https:\/\/www.echophysics.org\/en\/wp-json\/wp\/v2\/pages\/14\/revisions"}],"predecessor-version":[{"id":751,"href":"https:\/\/www.echophysics.org\/en\/wp-json\/wp\/v2\/pages\/14\/revisions\/751"}],"wp:attachment":[{"href":"https:\/\/www.echophysics.org\/en\/wp-json\/wp\/v2\/media?parent=14"}],"curies":[{"name":"wp","href":"https:\/\/api.w.org\/{rel}","templated":true}]}}