{"id":28,"date":"2023-04-04T07:39:35","date_gmt":"2023-04-04T05:39:35","guid":{"rendered":"http:\/\/n88pp.w4yserver.at\/echophysics\/?page_id=28"},"modified":"2023-07-29T13:06:12","modified_gmt":"2023-07-29T11:06:12","slug":"eechophysics","status":"publish","type":"page","link":"https:\/\/www.echophysics.org\/en\/ueber-uns\/eechophysics\/","title":{"rendered":"echophysics"},"content":{"rendered":"<div class=\"wp-block-cover alignfull is-light\" style=\"min-height:538px;aspect-ratio:unset;\"><span aria-hidden=\"true\" class=\"wp-block-cover__background has-background-dim-80 has-background-dim\" style=\"background-color:#e7e0d9\"><\/span><img loading=\"lazy\" decoding=\"async\" width=\"1920\" height=\"1088\" class=\"wp-block-cover__image-background wp-image-74\" alt=\"\" src=\"http:\/\/n88pp.w4yserver.at\/echophysics\/wp-content\/uploads\/2023\/04\/01headerA.png\" data-object-fit=\"cover\" srcset=\"https:\/\/www.echophysics.org\/wp-content\/uploads\/2023\/04\/01headerA.png 1920w, https:\/\/www.echophysics.org\/wp-content\/uploads\/2023\/04\/01headerA-300x170.png 300w, https:\/\/www.echophysics.org\/wp-content\/uploads\/2023\/04\/01headerA-1024x580.png 1024w, https:\/\/www.echophysics.org\/wp-content\/uploads\/2023\/04\/01headerA-768x435.png 768w, https:\/\/www.echophysics.org\/wp-content\/uploads\/2023\/04\/01headerA-1536x870.png 1536w\" sizes=\"auto, (max-width: 1920px) 100vw, 1920px\" \/><div class=\"wp-block-cover__inner-container is-layout-flow wp-block-cover-is-layout-flow\">\n<div class=\"wp-block-group alignwide\"><div class=\"wp-block-group__inner-container is-layout-constrained wp-block-group-is-layout-constrained\">\n<div style=\"height:100px\" aria-hidden=\"true\" class=\"wp-block-spacer\"><\/div>\n\n\n\n<h1 class=\"wp-block-heading has-neve-link-color-color has-text-color\">echophysics<\/h1>\n\n\n\n<p>\"echophysics\" is an acronym for the initial letters of the European Center for the History of Physics and is intended to evoke the mountain nymph Echo of Greek mythology, who reminds us of the meaning of the word time by repeating what others have said before her: 'echo' thus stands for the task of this European center for the history of physics, namely to evoke all perceptions, feelings, observations, methods and results anew, which once inspired our ancestor\u2019s ideas, discoveries and records.<\/p>\n\n\n\n<p>If it is true that the basic principle of our modern time is acceleration, then this means a progressive 'present shrinkage'. Today, not only the future but also the past is coming ever closer to us. It becomes an urgent task for physicists to become aware of the past of their own discipline, to process their physics history, and to pass this knowledge on to the public.<\/p>\n\n\n\n<div style=\"height:100px\" aria-hidden=\"true\" class=\"wp-block-spacer\"><\/div>\n<\/div><\/div>\n<\/div><\/div>\n\n\n\n<div style=\"height:37px\" aria-hidden=\"true\" class=\"wp-block-spacer\"><\/div>\n\n\n\n<div class=\"wp-block-group alignwide\"><div class=\"wp-block-group__inner-container is-layout-constrained wp-block-group-is-layout-constrained\">\n<div class=\"wp-block-columns is-layout-flex wp-container-core-columns-is-layout-9d6595d7 wp-block-columns-is-layout-flex\">\n<div class=\"wp-block-column is-layout-flow wp-block-column-is-layout-flow\" style=\"flex-basis:33.33%\">\n<h1 class=\"wp-block-heading has-neve-link-hover-color-color has-text-color\">The origin of echophysics<\/h1>\n<\/div>\n\n\n\n<div class=\"wp-block-column is-layout-flow wp-block-column-is-layout-flow\" style=\"flex-basis:66.66%\">\n<p>The association echophysics - European Center for the History of Physics was founded by Dr. Peter Maria Schuster (<a rel=\"noreferrer noopener\" href=\"http:\/\/www.petermschuster.at\/\" target=\"_blank\">www.petermschuster.at<\/a>) in 2009 and is supported spiritually by the local association Victor-Franz-Hess-Gesellschaft (<a href=\"https:\/\/www.victorfhess.org\/\" target=\"_blank\" rel=\"noreferrer noopener\">www.victorfhess.org<\/a>).<\/p>\n<\/div>\n<\/div>\n<\/div><\/div>\n\n\n\n<div class=\"wp-block-group alignwide\"><div class=\"wp-block-group__inner-container is-layout-constrained wp-block-group-is-layout-constrained\">\n<p>The physicist and writer Dr. Peter Maria Schuster, who is also President of the History of Physics (HoP) Group of the European Physical Society (EPS, www.eps.org) and Chair of the History of Physics section of the Austrian Physical Society (\u00d6PG, www.oepg.at), set up the first European center for the history of physics in P\u00f6llau. Since November 2009, the municipality of P\u00f6llau - in agreement with the municipalities of P\u00f6llauer Tal, and the P\u00f6llauer Tal tourism association (www.naturpark-poellauertal.at) - rent the exhibition rooms in P\u00f6llau on a long-term basis to the permanent exhibition echophysics. <br>The European Physical Society (EPS), which has over 100,000 members - physicists from 40 countries - provides spiritual support for the project to set up this first European center for the history of physics in P\u00f6llau - Styria, in the green heart of Europe.<\/p>\n<\/div><\/div>\n\n\n\n<div style=\"height:48px\" aria-hidden=\"true\" class=\"wp-block-spacer\"><\/div>\n\n\n\n<div class=\"wp-block-group alignfull has-background\" style=\"background-color:#d68d3abf\"><div class=\"wp-block-group__inner-container is-layout-constrained wp-block-group-is-layout-constrained\">\n<div style=\"height:74px\" aria-hidden=\"true\" class=\"wp-block-spacer\"><\/div>\n\n\n\n<div class=\"wp-block-group alignwide\"><div class=\"wp-block-group__inner-container is-layout-constrained wp-block-group-is-layout-constrained\">\n<h1 class=\"wp-block-heading has-nv-site-bg-color has-text-color\"><strong>What is the aim of echophysics?<\/strong><\/h1>\n\n\n\n<p class=\"has-nv-site-bg-color has-text-color\">Our first European center for the history of physics has set itself the goal to communicate the history of European physics, but also the history of physicists to the interested public, starting with a national focus on Austria and Styria, in P\u00f6llau. This is to be achieved in a permanent show and with changing exhibitions of historically valuable devices. Documentation, images, biographies, films and legacies of physicists, as well as didactic presentations of important physical experiments and phenomena supplement the exhibits and place them in their cultural, technical and economic context. The showpieces, with which outstanding discoveries of modern physics were made, bear witness to the craftsmanship and technics used in the last two centuries and are still valuable for our scientific work today.<\/p>\n<\/div><\/div>\n\n\n\n<div style=\"height:16px\" aria-hidden=\"true\" class=\"wp-block-spacer\"><\/div>\n\n\n\n<div class=\"wp-block-group alignfull has-nv-site-bg-background-color has-background\"><div class=\"wp-block-group__inner-container is-layout-constrained wp-block-group-is-layout-constrained\">\n<div class=\"wp-block-group alignwide has-background\" style=\"background-color:#ffffff00\"><div class=\"wp-block-group__inner-container is-layout-constrained wp-block-group-is-layout-constrained\">\n<div style=\"height:45px\" aria-hidden=\"true\" class=\"wp-block-spacer\"><\/div>\n\n\n\n<p>For the heritage of our European physics, an invaluable cultural asset of Europe, survives not only in scientific data and research reports, but also in historical scientific equipment and components, in sketches, photographs, films and biographies of physicists. <br><br>For this purpose, generally understandable lectures on topics of physics are to be held on a regular basis in order to create ever new incentives for interested citizens to visit the museum. The lecturers will mainly be emeritus professors and lecturers of physics from Austrian universities. In addition, echophysics organizes international conferences for experts in European physics history under the title: The Roots of Physics in Europe.<\/p>\n\n\n\n<div style=\"height:45px\" aria-hidden=\"true\" class=\"wp-block-spacer\"><\/div>\n<\/div><\/div>\n<\/div><\/div>\n<\/div><\/div>\n\n\n\n<div style=\"height:35px\" aria-hidden=\"true\" class=\"wp-block-spacer\"><\/div>\n\n\n\n<div class=\"wp-block-group alignfull has-background\" style=\"background-color:#e6e4e1\"><div class=\"wp-block-group__inner-container is-layout-constrained wp-block-group-is-layout-constrained\">\n<div class=\"wp-block-group\"><div class=\"wp-block-group__inner-container is-layout-constrained wp-block-group-is-layout-constrained\">\n<div style=\"height:31px\" aria-hidden=\"true\" class=\"wp-block-spacer\"><\/div>\n\n\n\n<h1 class=\"wp-block-heading alignwide has-neve-link-hover-color-color has-text-color\">The founder<\/h1>\n<\/div><\/div>\n\n\n\n<div class=\"wp-block-group alignwide\"><div class=\"wp-block-group__inner-container is-layout-constrained wp-block-group-is-layout-constrained\">\n<p class=\"has-medium-font-size\">Prof. Dr. Peter Maria Schuster (1939\u20132019)<\/p>\n<\/div><\/div>\n\n\n\n<div style=\"height:36px\" aria-hidden=\"true\" class=\"wp-block-spacer\"><\/div>\n<\/div><\/div>\n\n\n\n<div class=\"wp-block-group\"><div class=\"wp-block-group__inner-container is-layout-constrained wp-block-group-is-layout-constrained\">\n<div class=\"wp-block-columns has-nv-site-bg-background-color has-background is-layout-flex wp-container-core-columns-is-layout-9d6595d7 wp-block-columns-is-layout-flex\">\n<div class=\"wp-block-column is-layout-flow wp-block-column-is-layout-flow\">\n<div style=\"height:29px\" aria-hidden=\"true\" class=\"wp-block-spacer\"><\/div>\n\n\n<div class=\"wp-block-image\">\n<figure class=\"aligncenter size-large is-resized\"><img loading=\"lazy\" decoding=\"async\" src=\"http:\/\/n88pp.w4yserver.at\/echophysics\/wp-content\/uploads\/2023\/04\/SchusterIMG_0047.original-826x1024.jpg\" alt=\"\" class=\"wp-image-112\" width=\"483\" height=\"598\" srcset=\"https:\/\/www.echophysics.org\/wp-content\/uploads\/2023\/04\/SchusterIMG_0047.original-826x1024.jpg 826w, https:\/\/www.echophysics.org\/wp-content\/uploads\/2023\/04\/SchusterIMG_0047.original-242x300.jpg 242w, https:\/\/www.echophysics.org\/wp-content\/uploads\/2023\/04\/SchusterIMG_0047.original-768x952.jpg 768w, https:\/\/www.echophysics.org\/wp-content\/uploads\/2023\/04\/SchusterIMG_0047.original-1240x1536.jpg 1240w, https:\/\/www.echophysics.org\/wp-content\/uploads\/2023\/04\/SchusterIMG_0047.original.jpg 1652w\" sizes=\"auto, (max-width: 483px) 100vw, 483px\" \/><\/figure>\n<\/div><\/div>\n\n\n\n<div class=\"wp-block-column is-layout-flow wp-block-column-is-layout-flow\">\n<div style=\"height:39px\" aria-hidden=\"true\" class=\"wp-block-spacer\"><\/div>\n\n\n\n<p>Prof. Schuster initiated and opened in 2010 in P\u00f6llau, Styria, the first European Center for the History of Physics 'ECHOPHYSICS' as well as the 'Victor Franz Hess Society', which he founded in 2007. From 2007 to 2017, he chaired the 'History of Physics' group of the European Physical Society (EPS). He founded the 'History of Physics' section of the Austrian Physical Society (\u00d6PG) in 2006 and chaired it until 2015. On his initiative, the biennial conference series \u2018International Conference on the History of Physics\u2019 was established in 2014 (see 'Symposia').<br><br>Born in Vienna on October 26, 1939, Schuster studied history, Japanese studies, mathematics and physics at the University of Vienna and received his doctorate in physics in 1967. After a one-year fellowship in literature in 1968, he began his industrial career as head of marketing at Carl Zeiss in Oberkochen, Germany. In 1976 he built up his own trading company in Germany and in 1982 founded the industrial company 'AOL-Dr. Schuster - Analytik, Optik, Lasertechnik' in Vienna.<\/p>\n\n\n\n<hr class=\"wp-block-separator has-text-color has-neve-link-hover-color-color has-alpha-channel-opacity has-neve-link-hover-color-background-color has-background is-style-default\"\/>\n<\/div>\n<\/div>\n\n\n\n<div class=\"wp-block-group alignwide\"><div class=\"wp-block-group__inner-container is-layout-constrained wp-block-group-is-layout-constrained\">\n<p>Schuster received the 'Golden Medal of Merit of the Province of Salzburg' in 2004, the 'Great Medal of Honor of the Province of Styria' in 2016, the 'Badge of Honor of the Market Town of P\u00f6llau' in 2018 and the 'Medal of Honor in Silver of the Municipality of P\u00f6llauberg' in 2012. In 2016, he was awarded the title Professor. Schuster was a member of the scientific advisory board of the Christian Doppler Fund in Salzburg (since 1999 and member of the board of trustees since 2014), a member of the Austrian P.E.N. Club (since 2000) and the Austrian Writers' Association (since 2014), a member of Academia Europaea (since 2009), and an honorary member of the \u00d6PG (since 2019). <br><br>Following his sudden death on December 26, 2019, he is survived by his wife, Dr. Lily Wilmes, and their three sons and two sons and a daughter from his first marriage.<\/p>\n<\/div><\/div>\n<\/div><\/div>","protected":false},"excerpt":{"rendered":"<p>Zur Entstehung Der Verein echophysics \u2013 European Centre for the History of Physics wurde auf Initiative von Dr. Peter Maria Schuster (www.petermschuster.at) in 2009 gegr\u00fcndet und wird von dem ortsans\u00e4ssigen Verein Victor-Franz-Hess-Gesellschaft (www.victorfhess.org) ideell unterst\u00fctzt. Deren beider Vorsitzender, der Physiker und Schriftsteller Dr. Peter Maria Schuster, gleichzeitig Pr\u00e4sident der History of Physics (HoP) Group der&hellip;&nbsp;<a href=\"https:\/\/www.echophysics.org\/en\/ueber-uns\/eechophysics\/\" rel=\"bookmark\">Read More &raquo;<span class=\"screen-reader-text\">echophysics<\/span><\/a><\/p>","protected":false},"author":3,"featured_media":0,"parent":16,"menu_order":0,"comment_status":"closed","ping_status":"closed","template":"","meta":{"_uag_custom_page_level_css":"","neve_meta_sidebar":"","neve_meta_container":"","neve_meta_enable_content_width":"","neve_meta_content_width":0,"neve_meta_title_alignment":"","neve_meta_author_avatar":"","neve_post_elements_order":"","neve_meta_disable_header":"","neve_meta_disable_footer":"","neve_meta_disable_title":"","footnotes":""},"class_list":["post-28","page","type-page","status-publish","hentry"],"uagb_featured_image_src":{"full":false,"thumbnail":false,"medium":false,"medium_large":false,"large":false,"1536x1536":false,"2048x2048":false,"trp-custom-language-flag":false,"neve-blog":false},"uagb_author_info":{"display_name":"Ivona Malesevic","author_link":"https:\/\/www.echophysics.org\/en\/author\/ivona-malesevic\/"},"uagb_comment_info":0,"uagb_excerpt":"Zur Entstehung Der Verein echophysics \u2013 European Centre for the History of Physics wurde auf Initiative von Dr. Peter Maria Schuster (www.petermschuster.at) in 2009 gegr\u00fcndet und wird von dem ortsans\u00e4ssigen Verein Victor-Franz-Hess-Gesellschaft (www.victorfhess.org) ideell unterst\u00fctzt. Deren beider Vorsitzender, der Physiker und Schriftsteller Dr. Peter Maria Schuster, gleichzeitig Pr\u00e4sident der History of Physics (HoP) Group der&hellip;&nbsp;Read&hellip;","_links":{"self":[{"href":"https:\/\/www.echophysics.org\/en\/wp-json\/wp\/v2\/pages\/28","targetHints":{"allow":["GET"]}}],"collection":[{"href":"https:\/\/www.echophysics.org\/en\/wp-json\/wp\/v2\/pages"}],"about":[{"href":"https:\/\/www.echophysics.org\/en\/wp-json\/wp\/v2\/types\/page"}],"author":[{"embeddable":true,"href":"https:\/\/www.echophysics.org\/en\/wp-json\/wp\/v2\/users\/3"}],"replies":[{"embeddable":true,"href":"https:\/\/www.echophysics.org\/en\/wp-json\/wp\/v2\/comments?post=28"}],"version-history":[{"count":29,"href":"https:\/\/www.echophysics.org\/en\/wp-json\/wp\/v2\/pages\/28\/revisions"}],"predecessor-version":[{"id":774,"href":"https:\/\/www.echophysics.org\/en\/wp-json\/wp\/v2\/pages\/28\/revisions\/774"}],"up":[{"embeddable":true,"href":"https:\/\/www.echophysics.org\/en\/wp-json\/wp\/v2\/pages\/16"}],"wp:attachment":[{"href":"https:\/\/www.echophysics.org\/en\/wp-json\/wp\/v2\/media?parent=28"}],"curies":[{"name":"wp","href":"https:\/\/api.w.org\/{rel}","templated":true}]}}