{"id":32,"date":"2023-04-04T07:40:16","date_gmt":"2023-04-04T05:40:16","guid":{"rendered":"http:\/\/n88pp.w4yserver.at\/echophysics\/?page_id=32"},"modified":"2023-04-06T09:16:31","modified_gmt":"2023-04-06T07:16:31","slug":"ziele","status":"publish","type":"page","link":"https:\/\/www.echophysics.org\/en\/ueber-uns\/ziele\/","title":{"rendered":"aims"},"content":{"rendered":"<div style=\"height:100px\" aria-hidden=\"true\" class=\"wp-block-spacer\"><\/div>\n\n\n\n<h1 class=\"wp-block-heading has-neve-link-hover-color-color has-text-color has-x-large-font-size\">about us<\/h1>\n\n\n\n<h2 class=\"wp-block-heading\">aims<\/h2>\n\n\n\n<div style=\"height:30px\" aria-hidden=\"true\" class=\"wp-block-spacer\"><\/div>\n\n\n\n<div class=\"wp-block-group alignfull has-background\" style=\"background-color:#d6d4d0db\"><div class=\"wp-block-group__inner-container is-layout-constrained wp-block-group-is-layout-constrained\">\n<div style=\"height:31px\" aria-hidden=\"true\" class=\"wp-block-spacer\"><\/div>\n\n\n\n<div class=\"wp-block-group alignwide\"><div class=\"wp-block-group__inner-container is-layout-constrained wp-block-group-is-layout-constrained\">\n<p class=\"has-medium-font-size\">Our first European center for the history of physics has set itself the goal to communicate the history of European physics, but also the history of physicists to the interested public, starting with a national focus on Austria and Styria, in P\u00f6llau.<\/p>\n<\/div><\/div>\n\n\n\n<div style=\"height:31px\" aria-hidden=\"true\" class=\"wp-block-spacer\"><\/div>\n<\/div><\/div>\n\n\n\n<div style=\"height:20px\" aria-hidden=\"true\" class=\"wp-block-spacer\"><\/div>\n\n\n\n<div class=\"wp-block-group alignfull has-neve-text-color-color has-text-color has-background\" style=\"background-color:#998f743d\"><div class=\"wp-block-group__inner-container is-layout-constrained wp-block-group-is-layout-constrained\">\n<div class=\"wp-block-group alignwide\"><div class=\"wp-block-group__inner-container is-layout-constrained wp-block-group-is-layout-constrained\">\n<div style=\"height:31px\" aria-hidden=\"true\" class=\"wp-block-spacer\"><\/div>\n\n\n\n<p>This is to be achieved in a permanent show and with changing exhibitions of historically valuable devices. Documentation, images, biographies, films and legacies of physicists, as well as didactic presentations of important physical experiments and phenomena supplement the exhibits and place them in their cultural, technical and economic context. The showpieces, with which outstanding discoveries of modern physics were made, bear witness to the craftsmanship and technics used in the last two centuries and are still valuable for our scientific work today.<\/p>\n\n\n\n<p>For the heritage of our European physics, an invaluable cultural asset of Europe, survives not only in scientific data and research reports, but also in historical scientific equipment and components, in sketches, photographs, films and biographies of physicists.<\/p>\n\n\n\n<p>For this purpose, generally understandable lectures on topics of physics are to be held on a regular basis in order to create ever new incentives for interested citizens to visit the museum. The lecturers will mainly be emeritus professors and lecturers of physics from Austrian universities. In addition, echophysics organizes international conferences for experts in European physics history under the title: The Roots of Physics in Europe.<\/p>\n\n\n\n<div style=\"height:31px\" aria-hidden=\"true\" class=\"wp-block-spacer\"><\/div>\n<\/div><\/div>\n<\/div><\/div>\n\n\n\n<div style=\"height:99px\" aria-hidden=\"true\" class=\"wp-block-spacer\"><\/div>","protected":false},"excerpt":{"rendered":"<p>\u00dcber uns Ziele Das erste europ\u00e4ische Zentrum f\u00fcr Physikgeschichte hat sich zum Ziel gesetzt, die europ\u00e4ische Physikgeschichte, aber auch die Geschichte ihrer Physikerinnen und Physiker, der interessierten \u00d6ffentlichkeit, ausgehend von dem nationalen Schwerpunkt \u00d6sterreich und Steiermark, in Schloss P\u00f6llau zu vermitteln. Das soll erreicht werden durch eine permanente Schau und durch wechselnde Sonderausstellungen historisch wertvoller&hellip;&nbsp;<a href=\"https:\/\/www.echophysics.org\/en\/ueber-uns\/ziele\/\" rel=\"bookmark\">Read More &raquo;<span class=\"screen-reader-text\">aims<\/span><\/a><\/p>","protected":false},"author":3,"featured_media":0,"parent":16,"menu_order":0,"comment_status":"closed","ping_status":"closed","template":"","meta":{"_uag_custom_page_level_css":"","neve_meta_sidebar":"","neve_meta_container":"","neve_meta_enable_content_width":"","neve_meta_content_width":0,"neve_meta_title_alignment":"","neve_meta_author_avatar":"","neve_post_elements_order":"","neve_meta_disable_header":"","neve_meta_disable_footer":"","neve_meta_disable_title":"","footnotes":""},"class_list":["post-32","page","type-page","status-publish","hentry"],"uagb_featured_image_src":{"full":false,"thumbnail":false,"medium":false,"medium_large":false,"large":false,"1536x1536":false,"2048x2048":false,"trp-custom-language-flag":false,"neve-blog":false},"uagb_author_info":{"display_name":"Ivona Malesevic","author_link":"https:\/\/www.echophysics.org\/en\/author\/ivona-malesevic\/"},"uagb_comment_info":0,"uagb_excerpt":"\u00dcber uns Ziele Das erste europ\u00e4ische Zentrum f\u00fcr Physikgeschichte hat sich zum Ziel gesetzt, die europ\u00e4ische Physikgeschichte, aber auch die Geschichte ihrer Physikerinnen und Physiker, der interessierten \u00d6ffentlichkeit, ausgehend von dem nationalen Schwerpunkt \u00d6sterreich und Steiermark, in Schloss P\u00f6llau zu vermitteln. Das soll erreicht werden durch eine permanente Schau und durch wechselnde Sonderausstellungen historisch wertvoller&hellip;&nbsp;Read&hellip;","_links":{"self":[{"href":"https:\/\/www.echophysics.org\/en\/wp-json\/wp\/v2\/pages\/32","targetHints":{"allow":["GET"]}}],"collection":[{"href":"https:\/\/www.echophysics.org\/en\/wp-json\/wp\/v2\/pages"}],"about":[{"href":"https:\/\/www.echophysics.org\/en\/wp-json\/wp\/v2\/types\/page"}],"author":[{"embeddable":true,"href":"https:\/\/www.echophysics.org\/en\/wp-json\/wp\/v2\/users\/3"}],"replies":[{"embeddable":true,"href":"https:\/\/www.echophysics.org\/en\/wp-json\/wp\/v2\/comments?post=32"}],"version-history":[{"count":14,"href":"https:\/\/www.echophysics.org\/en\/wp-json\/wp\/v2\/pages\/32\/revisions"}],"predecessor-version":[{"id":363,"href":"https:\/\/www.echophysics.org\/en\/wp-json\/wp\/v2\/pages\/32\/revisions\/363"}],"up":[{"embeddable":true,"href":"https:\/\/www.echophysics.org\/en\/wp-json\/wp\/v2\/pages\/16"}],"wp:attachment":[{"href":"https:\/\/www.echophysics.org\/en\/wp-json\/wp\/v2\/media?parent=32"}],"curies":[{"name":"wp","href":"https:\/\/api.w.org\/{rel}","templated":true}]}}