{"id":34,"date":"2023-04-04T07:40:58","date_gmt":"2023-04-04T05:40:58","guid":{"rendered":"http:\/\/n88pp.w4yserver.at\/echophysics\/?page_id=34"},"modified":"2024-07-28T11:09:27","modified_gmt":"2024-07-28T09:09:27","slug":"kontakt","status":"publish","type":"page","link":"https:\/\/www.echophysics.org\/en\/ueber-uns\/kontakt\/","title":{"rendered":"contact"},"content":{"rendered":"\n<div class=\"wp-block-group alignfull has-nv-light-bg-background-color has-background\"><div class=\"wp-block-group__inner-container is-layout-constrained wp-block-group-is-layout-constrained\">\n<div style=\"height:48px\" aria-hidden=\"true\" class=\"wp-block-spacer\"><\/div>\n\n\n\n<div class=\"wp-block-group alignwide\"><div class=\"wp-block-group__inner-container is-layout-constrained wp-block-group-is-layout-constrained\">\n<h1 class=\"wp-block-heading has-neve-link-hover-color-color has-text-color\">Kontakt<\/h1>\n<\/div><\/div>\n\n\n\n<div class=\"wp-block-group alignwide\"><div class=\"wp-block-group__inner-container is-layout-constrained wp-block-group-is-layout-constrained\">\n<div class=\"wp-block-columns is-layout-flex wp-container-core-columns-is-layout-9d6595d7 wp-block-columns-is-layout-flex\">\n<div class=\"wp-block-column is-layout-flow wp-block-column-is-layout-flow\">\n<div class=\"wp-block-uagb-container uagb-block-847d4066 default uagb-is-root-container\"><style id=\"wpforms-css-vars-157-block-f95bcf15-e64b-4cdf-ae77-c4834cd0cdcd\">\n\t\t\t\t#wpforms-157.wpforms-block-f95bcf15-e64b-4cdf-ae77-c4834cd0cdcd {\n\t\t\t\t--wpforms-label-color: var(--nv-secondary-accent);\n--wpforms-label-sublabel-color: var(--nv-secondary-accent);\n--wpforms-label-error-color: var(--nv-secondary-accent);\n--wpforms-field-border-radius: 0px;\n--wpforms-field-background-color: var(--nv-light-bg);\n--wpforms-field-border-color: var(--nv-site-bg);\n--wpforms-field-border-color-spare: var(--nv-site-bg);\n--wpforms-button-border-radius: 0px;\n--wpforms-button-background-color: var(--nv-secondary-accent);\n--wpforms-field-size-input-height: 43px;\n--wpforms-field-size-input-spacing: 15px;\n--wpforms-field-size-font-size: 16px;\n--wpforms-field-size-line-height: 19px;\n--wpforms-field-size-padding-h: 14px;\n--wpforms-field-size-checkbox-size: 16px;\n--wpforms-field-size-sublabel-spacing: 5px;\n--wpforms-field-size-icon-size: 1;\n--wpforms-label-size-font-size: 16px;\n--wpforms-label-size-line-height: 19px;\n--wpforms-label-size-sublabel-font-size: 14px;\n--wpforms-label-size-sublabel-line-height: 17px;\n--wpforms-button-size-font-size: 17px;\n--wpforms-button-size-height: 41px;\n--wpforms-button-size-padding-h: 15px;\n--wpforms-button-size-margin-top: 10px;\n\t\t\t}\n\t\t\t<\/style><div class=\"wpforms-container wpforms-container-full wpforms-block wpforms-block-f95bcf15-e64b-4cdf-ae77-c4834cd0cdcd wpforms-render-modern\" id=\"wpforms-157\"><form id=\"wpforms-form-157\" class=\"wpforms-validate wpforms-form wpforms-ajax-form\" data-formid=\"157\" method=\"post\" enctype=\"multipart\/form-data\" action=\"\/en\/wp-json\/wp\/v2\/pages\/34\" data-token=\"ad1b909a24337a0f025e9e4e6ed52083\" data-token-time=\"1775990972\"><noscript class=\"wpforms-error-noscript\">Please enable JavaScript in your browser to complete this form.<\/noscript><div id=\"wpforms-error-noscript\" style=\"display: none;\">Please enable JavaScript in your browser to complete this form.<\/div><div class=\"wpforms-field-container\"><div id=\"wpforms-157-field_1-container\" class=\"wpforms-field wpforms-field-text\" data-field-id=\"1\"><label class=\"wpforms-field-label\" for=\"wpforms-157-field_1\">Vorname <span class=\"wpforms-required-label\" aria-hidden=\"true\">*<\/span><\/label><input type=\"text\" id=\"wpforms-157-field_1\" class=\"wpforms-field-medium wpforms-field-required\" name=\"wpforms[fields][1]\" aria-errormessage=\"wpforms-157-field_1-error\" required><\/div><div id=\"wpforms-157-field_2-container\" class=\"wpforms-field wpforms-field-text\" data-field-id=\"2\"><label class=\"wpforms-field-label\" for=\"wpforms-157-field_2\">Nachname <span class=\"wpforms-required-label\" aria-hidden=\"true\">*<\/span><\/label><input type=\"text\" id=\"wpforms-157-field_2\" class=\"wpforms-field-medium wpforms-field-required\" name=\"wpforms[fields][2]\" aria-errormessage=\"wpforms-157-field_2-error\" required><\/div><div id=\"wpforms-157-field_5-container\" class=\"wpforms-field wpforms-field-email\" data-field-id=\"5\"><label class=\"wpforms-field-label\" for=\"wpforms-157-field_5\">E-Mail <span class=\"wpforms-required-label\" aria-hidden=\"true\">*<\/span><\/label><input type=\"email\" id=\"wpforms-157-field_5\" class=\"wpforms-field-medium wpforms-field-required\" name=\"wpforms[fields][5]\" spellcheck=\"false\" aria-errormessage=\"wpforms-157-field_5-error\" required><\/div><div id=\"wpforms-157-field_4-container\" class=\"wpforms-field wpforms-field-text\" data-field-id=\"4\"><label class=\"wpforms-field-label\" for=\"wpforms-157-field_4\">Betreff <span class=\"wpforms-required-label\" aria-hidden=\"true\">*<\/span><\/label><input type=\"text\" id=\"wpforms-157-field_4\" class=\"wpforms-field-medium wpforms-field-required\" name=\"wpforms[fields][4]\" aria-errormessage=\"wpforms-157-field_4-error\" required><\/div><div id=\"wpforms-157-field_6-container\" class=\"wpforms-field wpforms-field-textarea\" data-field-id=\"6\"><label class=\"wpforms-field-label\" for=\"wpforms-157-field_6\">Ihre Nachricht <span class=\"wpforms-required-label\" aria-hidden=\"true\">*<\/span><\/label><textarea id=\"wpforms-157-field_6\" class=\"wpforms-field-medium wpforms-field-required\" name=\"wpforms[fields][6]\" aria-errormessage=\"wpforms-157-field_6-error\" required><\/textarea><\/div><\/div><!-- .wpforms-field-container --><div class=\"wpforms-recaptcha-container wpforms-is-recaptcha wpforms-is-recaptcha-type-invisible\" ><div class=\"g-recaptcha\" data-sitekey=\"6LeV3h4pAAAAAIFpSodjsXysK_WDAoLnnSNPyDsX\" data-size=\"invisible\"><\/div><\/div><div class=\"wpforms-submit-container\" ><input type=\"hidden\" name=\"wpforms[id]\" value=\"157\"><input type=\"hidden\" name=\"page_title\" value=\"\"><input type=\"hidden\" name=\"page_url\" value=\"https:\/\/www.echophysics.org\/en\/wp-json\/wp\/v2\/pages\/34\"><input type=\"hidden\" name=\"url_referer\" value=\"\"><button type=\"submit\" name=\"wpforms[submit]\" id=\"wpforms-submit-157\" class=\"wpforms-submit\" data-alt-text=\"Wird gesendet ...\" data-submit-text=\"Absenden\" aria-live=\"assertive\" value=\"wpforms-submit\">Absenden<\/button><img loading=\"lazy\" decoding=\"async\" src=\"https:\/\/www.echophysics.org\/wp-content\/plugins\/wpforms-lite\/assets\/images\/submit-spin.svg\" class=\"wpforms-submit-spinner\" style=\"display: none;\" width=\"26\" height=\"26\" alt=\"Loading\"><\/div><\/form><\/div>  <!-- .wpforms-container --><\/div>\n\n\n\n<div style=\"height:45px\" aria-hidden=\"true\" class=\"wp-block-spacer\"><\/div>\n<\/div>\n\n\n\n<div class=\"wp-block-column is-layout-flow wp-block-column-is-layout-flow\">\n<div class=\"wp-block-uagb-container uagb-block-74e9cfc9 default uagb-is-root-container\">\n<p class=\"has-nv-text-dark-bg-color has-text-color has-medium-font-size\">echophysics<br>Europ\u00e4isches Zentrum f\u00fcr Physikgeschichte e.V.<br>Schloss 1 | 8225 P\u00f6llau b. Hartberg | \u00d6sterreich<\/p>\n\n\n\n<p class=\"has-nv-text-dark-bg-color has-text-color\">Tel.:  +43 690 1001 5800<\/p>\n\n\n\n<p class=\"has-nv-light-bg-color has-text-color\">info@echophysics.org<br>www.echophysics.org<\/p>\n<\/div>\n\n\n\n<iframe src=\"https:\/\/www.google.com\/maps\/embed?pb=!1m18!1m12!1m3!1d2705.6356675361762!2d15.831010151023417!3d47.30191897906342!2m3!1f0!2f0!3f0!3m2!1i1024!2i768!4f13.1!3m3!1m2!1s0x476e678eb7fb95f3%3A0x8e912d7426489be9!2sSchlo%C3%9F%201%2C%208225%20P%C3%B6llau%20bei%20Hartberg!5e0!3m2!1sde!2sat!4v1680705957143!5m2!1sde!2sat\" width=\"600\" height=\"450\" style=\"border:0;\" allowfullscreen=\"\" loading=\"lazy\" referrerpolicy=\"no-referrer-when-downgrade\"><\/iframe>\n<\/div>\n<\/div>\n<\/div><\/div>\n<\/div><\/div>\n","protected":false},"excerpt":{"rendered":"<p>Kontakt echophysicsEurop\u00e4isches Zentrum f\u00fcr Physikgeschichte e.V.Schloss 1 | 8225 P\u00f6llau b. Hartberg | \u00d6sterreich Tel.: +43 690 1001 5800 info@echophysics.orgwww.echophysics.org<\/p>","protected":false},"author":3,"featured_media":0,"parent":16,"menu_order":0,"comment_status":"closed","ping_status":"closed","template":"","meta":{"_uag_custom_page_level_css":"","neve_meta_sidebar":"","neve_meta_container":"","neve_meta_enable_content_width":"","neve_meta_content_width":0,"neve_meta_title_alignment":"","neve_meta_author_avatar":"","neve_post_elements_order":"","neve_meta_disable_header":"","neve_meta_disable_footer":"","neve_meta_disable_title":"","footnotes":""},"class_list":["post-34","page","type-page","status-publish","hentry"],"uagb_featured_image_src":{"full":false,"thumbnail":false,"medium":false,"medium_large":false,"large":false,"1536x1536":false,"2048x2048":false,"trp-custom-language-flag":false,"neve-blog":false},"uagb_author_info":{"display_name":"Ivona Malesevic","author_link":"https:\/\/www.echophysics.org\/en\/author\/ivona-malesevic\/"},"uagb_comment_info":0,"uagb_excerpt":"Kontakt echophysicsEurop\u00e4isches Zentrum f\u00fcr Physikgeschichte e.V.Schloss 1 | 8225 P\u00f6llau b. Hartberg | \u00d6sterreich Tel.: +43 690 1001 5800 info@echophysics.orgwww.echophysics.org","_links":{"self":[{"href":"https:\/\/www.echophysics.org\/en\/wp-json\/wp\/v2\/pages\/34","targetHints":{"allow":["GET"]}}],"collection":[{"href":"https:\/\/www.echophysics.org\/en\/wp-json\/wp\/v2\/pages"}],"about":[{"href":"https:\/\/www.echophysics.org\/en\/wp-json\/wp\/v2\/types\/page"}],"author":[{"embeddable":true,"href":"https:\/\/www.echophysics.org\/en\/wp-json\/wp\/v2\/users\/3"}],"replies":[{"embeddable":true,"href":"https:\/\/www.echophysics.org\/en\/wp-json\/wp\/v2\/comments?post=34"}],"version-history":[{"count":27,"href":"https:\/\/www.echophysics.org\/en\/wp-json\/wp\/v2\/pages\/34\/revisions"}],"predecessor-version":[{"id":1170,"href":"https:\/\/www.echophysics.org\/en\/wp-json\/wp\/v2\/pages\/34\/revisions\/1170"}],"up":[{"embeddable":true,"href":"https:\/\/www.echophysics.org\/en\/wp-json\/wp\/v2\/pages\/16"}],"wp:attachment":[{"href":"https:\/\/www.echophysics.org\/en\/wp-json\/wp\/v2\/media?parent=34"}],"curies":[{"name":"wp","href":"https:\/\/api.w.org\/{rel}","templated":true}]}}